
{"id":10189,"date":"2016-09-07T21:35:15","date_gmt":"2016-09-07T21:35:15","guid":{"rendered":"http:\/\/www.cnhv.net\/?page_id=10189"},"modified":"2016-09-08T21:35:21","modified_gmt":"2016-09-08T21:35:21","slug":"catala-bandera-blava-2016","status":"publish","type":"page","link":"https:\/\/old.cnhv.net\/?page_id=10189","title":{"rendered":"Bandera Azul 2016"},"content":{"rendered":"<p>Un a\u00f1o m\u00e1s, el Club N\u00e0utic cumple los requisitos exigidos para ser galardonados con la Bandera Azul,<!--more--> desde la Junta Directiva dar las gracias a nuestros empleados y usuarios del Puerto.<\/p>\n<p><a href=\"http:\/\/www.cnhv.net\/wp-content\/uploads\/2016\/06\/IMG-20160613-WA0007.jpg\"><img decoding=\"async\" loading=\"lazy\" class=\"aligncenter size-large wp-image-9953\" src=\"http:\/\/www.cnhv.net\/wp-content\/uploads\/2016\/06\/IMG-20160613-WA0007-1024x768.jpg\" alt=\"IMG-20160613-WA0007\" width=\"640\" height=\"480\" srcset=\"https:\/\/old.cnhv.net\/wp-content\/uploads\/2016\/06\/IMG-20160613-WA0007-1024x768.jpg 1024w, https:\/\/old.cnhv.net\/wp-content\/uploads\/2016\/06\/IMG-20160613-WA0007-300x225.jpg 300w, https:\/\/old.cnhv.net\/wp-content\/uploads\/2016\/06\/IMG-20160613-WA0007-768x576.jpg 768w, https:\/\/old.cnhv.net\/wp-content\/uploads\/2016\/06\/IMG-20160613-WA0007-100x75.jpg 100w, https:\/\/old.cnhv.net\/wp-content\/uploads\/2016\/06\/IMG-20160613-WA0007.jpg 1600w\" sizes=\"(max-width: 640px) 100vw, 640px\" \/><\/a> <a href=\"http:\/\/www.cnhv.net\/wp-content\/uploads\/2016\/06\/IMG-20160613-WA0011.jpg\"><img decoding=\"async\" loading=\"lazy\" class=\"aligncenter size-large wp-image-9954\" src=\"http:\/\/www.cnhv.net\/wp-content\/uploads\/2016\/06\/IMG-20160613-WA0011-1024x768.jpg\" alt=\"IMG-20160613-WA0011\" width=\"640\" height=\"480\" srcset=\"https:\/\/old.cnhv.net\/wp-content\/uploads\/2016\/06\/IMG-20160613-WA0011-1024x768.jpg 1024w, https:\/\/old.cnhv.net\/wp-content\/uploads\/2016\/06\/IMG-20160613-WA0011-300x225.jpg 300w, https:\/\/old.cnhv.net\/wp-content\/uploads\/2016\/06\/IMG-20160613-WA0011-768x576.jpg 768w, https:\/\/old.cnhv.net\/wp-content\/uploads\/2016\/06\/IMG-20160613-WA0011-100x75.jpg 100w, https:\/\/old.cnhv.net\/wp-content\/uploads\/2016\/06\/IMG-20160613-WA0011.jpg 1600w\" sizes=\"(max-width: 640px) 100vw, 640px\" \/><\/a> <a href=\"http:\/\/www.cnhv.net\/wp-content\/uploads\/2016\/06\/IMG-20160613-WA0012.jpg\"><img decoding=\"async\" loading=\"lazy\" class=\"aligncenter size-large wp-image-9955\" src=\"http:\/\/www.cnhv.net\/wp-content\/uploads\/2016\/06\/IMG-20160613-WA0012-1024x768.jpg\" alt=\"IMG-20160613-WA0012\" width=\"640\" height=\"480\" srcset=\"https:\/\/old.cnhv.net\/wp-content\/uploads\/2016\/06\/IMG-20160613-WA0012-1024x768.jpg 1024w, https:\/\/old.cnhv.net\/wp-content\/uploads\/2016\/06\/IMG-20160613-WA0012-300x225.jpg 300w, https:\/\/old.cnhv.net\/wp-content\/uploads\/2016\/06\/IMG-20160613-WA0012-768x576.jpg 768w, https:\/\/old.cnhv.net\/wp-content\/uploads\/2016\/06\/IMG-20160613-WA0012-100x75.jpg 100w, https:\/\/old.cnhv.net\/wp-content\/uploads\/2016\/06\/IMG-20160613-WA0012.jpg 1600w\" sizes=\"(max-width: 640px) 100vw, 640px\" \/><\/a><\/p>\n<p>&nbsp;<\/p>","protected":false},"excerpt":{"rendered":"<p>Un a\u00f1o m\u00e1s, el Club N\u00e0utic cumple los requisitos exigidos para ser galardonados con la Bandera Azul, <a href=\"https:\/\/old.cnhv.net\/?page_id=10189\" rel=\"bookmark\">more<\/a><\/p>\n","protected":false},"author":1,"featured_media":0,"parent":4405,"menu_order":1,"comment_status":"closed","ping_status":"closed","template":"pg-tpl-no-sidebars.php","meta":{"ngg_post_thumbnail":0},"_links":{"self":[{"href":"https:\/\/old.cnhv.net\/index.php?rest_route=\/wp\/v2\/pages\/10189"}],"collection":[{"href":"https:\/\/old.cnhv.net\/index.php?rest_route=\/wp\/v2\/pages"}],"about":[{"href":"https:\/\/old.cnhv.net\/index.php?rest_route=\/wp\/v2\/types\/page"}],"author":[{"embeddable":true,"href":"https:\/\/old.cnhv.net\/index.php?rest_route=\/wp\/v2\/users\/1"}],"replies":[{"embeddable":true,"href":"https:\/\/old.cnhv.net\/index.php?rest_route=%2Fwp%2Fv2%2Fcomments&post=10189"}],"version-history":[{"count":2,"href":"https:\/\/old.cnhv.net\/index.php?rest_route=\/wp\/v2\/pages\/10189\/revisions"}],"predecessor-version":[{"id":10191,"href":"https:\/\/old.cnhv.net\/index.php?rest_route=\/wp\/v2\/pages\/10189\/revisions\/10191"}],"up":[{"embeddable":true,"href":"https:\/\/old.cnhv.net\/index.php?rest_route=\/wp\/v2\/pages\/4405"}],"wp:attachment":[{"href":"https:\/\/old.cnhv.net\/index.php?rest_route=%2Fwp%2Fv2%2Fmedia&parent=10189"}],"curies":[{"name":"wp","href":"https:\/\/api.w.org\/{rel}","templated":true}]}}