
{"id":10560,"date":"2017-04-04T06:51:12","date_gmt":"2017-04-04T06:51:12","guid":{"rendered":"http:\/\/www.cnhv.net\/?page_id=10560"},"modified":"2017-05-10T22:35:48","modified_gmt":"2017-05-10T22:35:48","slug":"calendario-actividades-y-reglamentos-de-pesca","status":"publish","type":"page","link":"https:\/\/old.cnhv.net\/?page_id=10560","title":{"rendered":"Reglamentos y legislaci\u00f3n de pesca"},"content":{"rendered":"<p><span style=\"font-size: 16pt;\">Nuevo:<\/span> <a href=\"http:\/\/www.cnhv.net\/wp-content\/uploads\/2017\/04\/Reglamento-de-pesca-currican-2017-1.pdf\" class=\"mtli_attachment mtli_pdf\">Reglamento de pesca currican 2017<\/a><\/p>\n<p><a href=\"http:\/\/www.cnhv.net\/wp-content\/uploads\/2016\/04\/Tallas-Mi\u0301nimas-Autorizadas-de-Pescado-i-Marisco-2015.pdf\" class=\"mtli_attachment mtli_pdf\">Tallas Mi\u0301nimas Autorizadas de Pescado i Marisco- 2015<\/a><\/p>\n<p><a href=\"http:\/\/agricultura.gencat.cat\/ca\/ambits\/pesca\/dar_pesca_recreativa\/\">Normatives de pesca<\/a><\/p>\n<p><a href=\"http:\/\/www.cnhv.net\/wp-content\/uploads\/2016\/04\/Proteccio\u0301n-Cova-llop-mari.pdf\" class=\"mtli_attachment mtli_pdf\">Proteccio\u0301n Cova llop mari<\/a><\/p>\n<h3><a href=\"https:\/\/www.boe.es\/diario_boe\/txt.php?id=BOE-A-2017-3250\">Cuota espa\u00f1ola de at\u00fan rojo en 2017<\/a><\/h3>\n<p>La cuota de at\u00fan rojo del Atl\u00e1ntico Este y Mediterr\u00e1neo asignada a Espa\u00f1a\u00a0en 2017 es de 4.243,57 toneladas .<\/p>\n<p>&nbsp;<\/p>\n<p><a href=\"http:\/\/www.cnhv.net\/wp-content\/uploads\/2016\/04\/Campan\u0303a-Pez-Globo.pdf\" class=\"mtli_attachment mtli_pdf\">Campan\u0303a Pez Globo<\/a><\/p>\n<p><a href=\"http:\/\/www.cnhv.net\/wp-content\/uploads\/2016\/04\/Animal-mari-protegit.pdf\" class=\"mtli_attachment mtli_pdf\">Animal mari protegit<\/a><\/p>\n<p><a href=\"http:\/\/www.cnhv.net\/wp-content\/uploads\/2016\/04\/Artefactos-en-el-mar.pdf\" class=\"mtli_attachment mtli_pdf\">Artefactos en el mar<\/a><\/p>","protected":false},"excerpt":{"rendered":"<p>Nuevo: Reglamento de pesca currican 2017 Tallas Mi\u0301nimas Autorizadas de Pescado i Marisco- 2015 Normatives de pesca Proteccio\u0301n Cova llop mari Cuota espa\u00f1ola de at\u00fan rojo en 2017 La cuota [&hellip;] <a href=\"https:\/\/old.cnhv.net\/?page_id=10560\" rel=\"bookmark\">more<\/a><\/p>\n","protected":false},"author":1,"featured_media":0,"parent":10557,"menu_order":0,"comment_status":"closed","ping_status":"closed","template":"pg-tpl-no-sidebars.php","meta":{"ngg_post_thumbnail":0},"_links":{"self":[{"href":"https:\/\/old.cnhv.net\/index.php?rest_route=\/wp\/v2\/pages\/10560"}],"collection":[{"href":"https:\/\/old.cnhv.net\/index.php?rest_route=\/wp\/v2\/pages"}],"about":[{"href":"https:\/\/old.cnhv.net\/index.php?rest_route=\/wp\/v2\/types\/page"}],"author":[{"embeddable":true,"href":"https:\/\/old.cnhv.net\/index.php?rest_route=\/wp\/v2\/users\/1"}],"replies":[{"embeddable":true,"href":"https:\/\/old.cnhv.net\/index.php?rest_route=%2Fwp%2Fv2%2Fcomments&post=10560"}],"version-history":[{"count":7,"href":"https:\/\/old.cnhv.net\/index.php?rest_route=\/wp\/v2\/pages\/10560\/revisions"}],"predecessor-version":[{"id":10695,"href":"https:\/\/old.cnhv.net\/index.php?rest_route=\/wp\/v2\/pages\/10560\/revisions\/10695"}],"up":[{"embeddable":true,"href":"https:\/\/old.cnhv.net\/index.php?rest_route=\/wp\/v2\/pages\/10557"}],"wp:attachment":[{"href":"https:\/\/old.cnhv.net\/index.php?rest_route=%2Fwp%2Fv2%2Fmedia&parent=10560"}],"curies":[{"name":"wp","href":"https:\/\/api.w.org\/{rel}","templated":true}]}}