
{"id":10586,"date":"2017-04-09T08:09:28","date_gmt":"2017-04-09T08:09:28","guid":{"rendered":"http:\/\/www.cnhv.net\/?page_id=10586"},"modified":"2017-04-20T22:44:24","modified_gmt":"2017-04-20T22:44:24","slug":"1a-regata-puntuable-del-circuito-catalan-de-la-clase-laser","status":"publish","type":"page","link":"https:\/\/old.cnhv.net\/?page_id=10586","title":{"rendered":"1\u00aa Regata del circuito catal\u00e1n de la clase l\u00e1ser"},"content":{"rendered":"<p>El fin de semana del 28 y 29 de enero se celebr\u00f3 en aguas de Vilanova la primera regata puntuable del circuito catal\u00e1n de la clase l\u00e1ser. D\u00f3nde nuestro regatistas V\u00edctor Martorell y Nacho Estefania compitieron por vez primera en exigente clase L\u00e1ser Radial.<br \/>\nEl s\u00e1bado una corriente muy fuerte de levante juntamente con bastante mar de fondo nos impidieron competir ya qu\u00e9 soplaba una m\u00ednima brisa de componente nordeste y los barcos en rumbo de empopada no pod\u00edan avanzar.<br \/>\nEl domingo empezaba , con se\u00f1al de inteligencia en tierra por falta de viento, qu\u00e9 poco fue a m\u00e1s pudiendo finalmente salir al agua y disputar dos pruebas, la primera con una brisa suave de componente sudeste y la segunda manga ya con unos diez nudos de componente sud.<\/p>\n<p><a href=\"http:\/\/www.cnhv.net\/wp-content\/uploads\/2017\/02\/regatavilanova11-17.jpg\"><img decoding=\"async\" loading=\"lazy\" class=\"aligncenter size-full wp-image-10442\" src=\"http:\/\/www.cnhv.net\/wp-content\/uploads\/2017\/02\/regatavilanova11-17.jpg\" alt=\"\" width=\"800\" height=\"600\" srcset=\"https:\/\/old.cnhv.net\/wp-content\/uploads\/2017\/02\/regatavilanova11-17.jpg 800w, https:\/\/old.cnhv.net\/wp-content\/uploads\/2017\/02\/regatavilanova11-17-300x225.jpg 300w, https:\/\/old.cnhv.net\/wp-content\/uploads\/2017\/02\/regatavilanova11-17-768x576.jpg 768w, https:\/\/old.cnhv.net\/wp-content\/uploads\/2017\/02\/regatavilanova11-17-100x75.jpg 100w\" sizes=\"(max-width: 800px) 100vw, 800px\" \/><\/a><br \/>\n<a href=\"http:\/\/www.cnhv.net\/wp-content\/uploads\/2017\/02\/regatavilanova22-17.jpg\"><img decoding=\"async\" loading=\"lazy\" class=\"aligncenter size-full wp-image-10444\" src=\"http:\/\/www.cnhv.net\/wp-content\/uploads\/2017\/02\/regatavilanova22-17.jpg\" alt=\"\" width=\"1000\" height=\"750\" srcset=\"https:\/\/old.cnhv.net\/wp-content\/uploads\/2017\/02\/regatavilanova22-17.jpg 1000w, https:\/\/old.cnhv.net\/wp-content\/uploads\/2017\/02\/regatavilanova22-17-300x225.jpg 300w, https:\/\/old.cnhv.net\/wp-content\/uploads\/2017\/02\/regatavilanova22-17-768x576.jpg 768w, https:\/\/old.cnhv.net\/wp-content\/uploads\/2017\/02\/regatavilanova22-17-100x75.jpg 100w\" sizes=\"(max-width: 1000px) 100vw, 1000px\" \/><\/a><a href=\"http:\/\/www.cnhv.net\/wp-content\/uploads\/2017\/02\/regatavilanova33-17.jpg\"><img decoding=\"async\" loading=\"lazy\" class=\"aligncenter size-full wp-image-10445\" src=\"http:\/\/www.cnhv.net\/wp-content\/uploads\/2017\/02\/regatavilanova33-17.jpg\" alt=\"\" width=\"1000\" height=\"750\" srcset=\"https:\/\/old.cnhv.net\/wp-content\/uploads\/2017\/02\/regatavilanova33-17.jpg 1000w, https:\/\/old.cnhv.net\/wp-content\/uploads\/2017\/02\/regatavilanova33-17-300x225.jpg 300w, https:\/\/old.cnhv.net\/wp-content\/uploads\/2017\/02\/regatavilanova33-17-768x576.jpg 768w, https:\/\/old.cnhv.net\/wp-content\/uploads\/2017\/02\/regatavilanova33-17-100x75.jpg 100w\" sizes=\"(max-width: 1000px) 100vw, 1000px\" \/><\/a><a href=\"http:\/\/www.cnhv.net\/wp-content\/uploads\/2017\/02\/regatavilanova44-17.jpg\"><img decoding=\"async\" loading=\"lazy\" class=\"aligncenter size-full wp-image-10446\" src=\"http:\/\/www.cnhv.net\/wp-content\/uploads\/2017\/02\/regatavilanova44-17.jpg\" alt=\"\" width=\"1000\" height=\"750\" srcset=\"https:\/\/old.cnhv.net\/wp-content\/uploads\/2017\/02\/regatavilanova44-17.jpg 1000w, https:\/\/old.cnhv.net\/wp-content\/uploads\/2017\/02\/regatavilanova44-17-300x225.jpg 300w, https:\/\/old.cnhv.net\/wp-content\/uploads\/2017\/02\/regatavilanova44-17-768x576.jpg 768w, https:\/\/old.cnhv.net\/wp-content\/uploads\/2017\/02\/regatavilanova44-17-100x75.jpg 100w\" sizes=\"(max-width: 1000px) 100vw, 1000px\" \/><\/a><\/p>","protected":false},"excerpt":{"rendered":"<p>El fin de semana del 28 y 29 de enero se celebr\u00f3 en aguas de Vilanova la primera regata puntuable del circuito catal\u00e1n de la clase l\u00e1ser. D\u00f3nde nuestro regatistas [&hellip;] <a href=\"https:\/\/old.cnhv.net\/?page_id=10586\" rel=\"bookmark\">more<\/a><\/p>\n","protected":false},"author":1,"featured_media":0,"parent":10590,"menu_order":1,"comment_status":"closed","ping_status":"closed","template":"pg-tpl-no-sidebars.php","meta":{"ngg_post_thumbnail":0},"_links":{"self":[{"href":"https:\/\/old.cnhv.net\/index.php?rest_route=\/wp\/v2\/pages\/10586"}],"collection":[{"href":"https:\/\/old.cnhv.net\/index.php?rest_route=\/wp\/v2\/pages"}],"about":[{"href":"https:\/\/old.cnhv.net\/index.php?rest_route=\/wp\/v2\/types\/page"}],"author":[{"embeddable":true,"href":"https:\/\/old.cnhv.net\/index.php?rest_route=\/wp\/v2\/users\/1"}],"replies":[{"embeddable":true,"href":"https:\/\/old.cnhv.net\/index.php?rest_route=%2Fwp%2Fv2%2Fcomments&post=10586"}],"version-history":[{"count":3,"href":"https:\/\/old.cnhv.net\/index.php?rest_route=\/wp\/v2\/pages\/10586\/revisions"}],"predecessor-version":[{"id":10589,"href":"https:\/\/old.cnhv.net\/index.php?rest_route=\/wp\/v2\/pages\/10586\/revisions\/10589"}],"up":[{"embeddable":true,"href":"https:\/\/old.cnhv.net\/index.php?rest_route=\/wp\/v2\/pages\/10590"}],"wp:attachment":[{"href":"https:\/\/old.cnhv.net\/index.php?rest_route=%2Fwp%2Fv2%2Fmedia&parent=10586"}],"curies":[{"name":"wp","href":"https:\/\/api.w.org\/{rel}","templated":true}]}}