
{"id":10613,"date":"2017-04-22T15:20:51","date_gmt":"2017-04-22T15:20:51","guid":{"rendered":"http:\/\/www.cnhv.net\/?page_id=10613"},"modified":"2017-07-26T21:54:24","modified_gmt":"2017-07-26T21:54:24","slug":"2o-regata-de-nivel-ii-del-circuito-de-la-clase-laser","status":"publish","type":"page","link":"https:\/\/old.cnhv.net\/?page_id=10613","title":{"rendered":"2\u00ba Regata del circuito catal\u00e1n de la clase l\u00e1ser"},"content":{"rendered":"<p>Este fin de semana tres regatistas de nuestro Club se han dsplazado hasta Sant Feliu de Gu\u00edxols para disputar la segunda regata de Nivel II del circuito de la clase l\u00e1ser. Nacho de Estefania y V\u00edctor Martorell en la categotria L\u00e1ser Radial y L\u00eddia Soro en 4.7, siendo esta su primera participaci\u00f3n en una regata.<br \/>\nEl s\u00e1bado pudimos hacer una regata solamente a causa del flojo viento de componente norte qu\u00e9 rein\u00f3 durante toda la jornada.<br \/>\nEl domingo con un viento establecido de componente este y con un mar muy embravecido pudimos disputar tres pruebas en unas condiciones bastantes duras.<br \/>\nFelicidades a todos.<\/p>\n<p>ngg_shortcode_0_placeholder<\/p>","protected":false},"excerpt":{"rendered":"<p>Este fin de semana tres regatistas de nuestro Club se han dsplazado hasta Sant Feliu de Gu\u00edxols para disputar la segunda regata de Nivel II del circuito de la clase [&hellip;] <a href=\"https:\/\/old.cnhv.net\/?page_id=10613\" rel=\"bookmark\">more<\/a><\/p>\n","protected":false},"author":1,"featured_media":0,"parent":10590,"menu_order":2,"comment_status":"closed","ping_status":"closed","template":"pg-tpl-no-sidebars.php","meta":{"ngg_post_thumbnail":0},"_links":{"self":[{"href":"https:\/\/old.cnhv.net\/index.php?rest_route=\/wp\/v2\/pages\/10613"}],"collection":[{"href":"https:\/\/old.cnhv.net\/index.php?rest_route=\/wp\/v2\/pages"}],"about":[{"href":"https:\/\/old.cnhv.net\/index.php?rest_route=\/wp\/v2\/types\/page"}],"author":[{"embeddable":true,"href":"https:\/\/old.cnhv.net\/index.php?rest_route=\/wp\/v2\/users\/1"}],"replies":[{"embeddable":true,"href":"https:\/\/old.cnhv.net\/index.php?rest_route=%2Fwp%2Fv2%2Fcomments&post=10613"}],"version-history":[{"count":6,"href":"https:\/\/old.cnhv.net\/index.php?rest_route=\/wp\/v2\/pages\/10613\/revisions"}],"predecessor-version":[{"id":11499,"href":"https:\/\/old.cnhv.net\/index.php?rest_route=\/wp\/v2\/pages\/10613\/revisions\/11499"}],"up":[{"embeddable":true,"href":"https:\/\/old.cnhv.net\/index.php?rest_route=\/wp\/v2\/pages\/10590"}],"wp:attachment":[{"href":"https:\/\/old.cnhv.net\/index.php?rest_route=%2Fwp%2Fv2%2Fmedia&parent=10613"}],"curies":[{"name":"wp","href":"https:\/\/api.w.org\/{rel}","templated":true}]}}