
{"id":10620,"date":"2017-04-22T15:35:03","date_gmt":"2017-04-22T15:35:03","guid":{"rendered":"http:\/\/www.cnhv.net\/?page_id=10620"},"modified":"2017-04-22T15:35:03","modified_gmt":"2017-04-22T15:35:03","slug":"trofeo-el-salats-torredembarra","status":"publish","type":"page","link":"https:\/\/old.cnhv.net\/?page_id=10620","title":{"rendered":"Trofeo el Salats, Torredembarra"},"content":{"rendered":"<p>El pasado fin de semana se disput\u00f3 en aguas del CM Torredembarra el Trofeo \u201cel Salats\u201d para la clase Optimist G3. Nuestro Club fue representado por  Queralt Domingo, Max y H\u00e9ctor Torn\u00e9 y Gorka Ruiz que participaban por primera vez en una regata de ascenso al G2.<br \/>\nEl S\u00e1bado despu\u00e9s de un intento fallido hicimos volver a tierra sin disputar ning\u00fan prueba por falta de viento . El Domingo en cambio, con un viento muy suave de componente este, se pudieron disputar tres mangas donde nuestros peque\u00f1os pudieron demostrar todo que han aprendido durante este curso .<br \/>\nS\u00f3lo nos falta felicitarles a todos por la labor realizada y decirles que sigan as\u00ed, este es el camino.<\/p>\n<p><a href=\"https:\/\/goo.gl\/photos\/jd9ZFkhPKgi2Gzsb8\">Ver fotos<\/a><\/p>","protected":false},"excerpt":{"rendered":"<p>El pasado fin de semana se disput\u00f3 en aguas del CM Torredembarra el Trofeo \u201cel Salats\u201d para la clase Optimist G3. Nuestro Club fue representado por Queralt Domingo, Max y [&hellip;] <a href=\"https:\/\/old.cnhv.net\/?page_id=10620\" rel=\"bookmark\">more<\/a><\/p>\n","protected":false},"author":1,"featured_media":0,"parent":10590,"menu_order":3,"comment_status":"closed","ping_status":"closed","template":"pg-tpl-no-sidebars.php","meta":{"ngg_post_thumbnail":0},"_links":{"self":[{"href":"https:\/\/old.cnhv.net\/index.php?rest_route=\/wp\/v2\/pages\/10620"}],"collection":[{"href":"https:\/\/old.cnhv.net\/index.php?rest_route=\/wp\/v2\/pages"}],"about":[{"href":"https:\/\/old.cnhv.net\/index.php?rest_route=\/wp\/v2\/types\/page"}],"author":[{"embeddable":true,"href":"https:\/\/old.cnhv.net\/index.php?rest_route=\/wp\/v2\/users\/1"}],"replies":[{"embeddable":true,"href":"https:\/\/old.cnhv.net\/index.php?rest_route=%2Fwp%2Fv2%2Fcomments&post=10620"}],"version-history":[{"count":2,"href":"https:\/\/old.cnhv.net\/index.php?rest_route=\/wp\/v2\/pages\/10620\/revisions"}],"predecessor-version":[{"id":17125,"href":"https:\/\/old.cnhv.net\/index.php?rest_route=\/wp\/v2\/pages\/10620\/revisions\/17125"}],"up":[{"embeddable":true,"href":"https:\/\/old.cnhv.net\/index.php?rest_route=\/wp\/v2\/pages\/10590"}],"wp:attachment":[{"href":"https:\/\/old.cnhv.net\/index.php?rest_route=%2Fwp%2Fv2%2Fmedia&parent=10620"}],"curies":[{"name":"wp","href":"https:\/\/api.w.org\/{rel}","templated":true}]}}