
{"id":10623,"date":"2017-04-22T15:41:45","date_gmt":"2017-04-22T15:41:45","guid":{"rendered":"http:\/\/www.cnhv.net\/?page_id=10623"},"modified":"2018-02-06T22:18:14","modified_gmt":"2018-02-06T22:18:14","slug":"circuito-catalan-de-g3-optimist","status":"publish","type":"page","link":"https:\/\/old.cnhv.net\/?page_id=10623","title":{"rendered":"Circuito Catal\u00e1n de G3 Optimist"},"content":{"rendered":"<p><\/p>\n<h2 style=\"text-align: center;\"><span style=\"color: #00ccff;\">Tarragona<\/span><\/h2>\n<p>&nbsp;<\/p>\n<p>El fin de semana del 9 y 10 de abril los cuatro regatistas de la clase optimist del Club, Queralt Domingo, Max Torn\u00e9, H\u00e9ctor Torn\u00e9 i Gorka Ruiz han participado en la tercera regata puntuable del circuito Catal\u00e1n de G3.<br \/>\nEl s\u00e1bado no disputamos ninguna prueba a causa del fuerte y racheado viento de componente Norte.<br \/>\nEl domingo pudimos realizar cuatro mangas, la primera con viento&nbsp; de componente norte e intensidad media y las tres siguientes con un viento del este con una intensidad constante de doce nudos.<br \/>\nAs\u00ed pues fue una jornada muy exigente f\u00edsicamente para nuestros peque\u00f1os qu\u00e9 nunca hab\u00edan disputado tantas mangas en un d\u00eda. A\u00fan y as\u00ed todos terminaron todas las mangas.<\/p>\n<div>Felicidades a todos.<\/div>\n<p><a href=\"https:\/\/goo.gl\/photos\/qsrCZ2qY6H9CJaAN8\">Ver fotos..<\/a><\/p>\n<h2 style=\"text-align: center;\"><span style=\"color: #00ccff;\">Cambrils<\/span><\/h2>\n<p>&lt;p class=\u00bbp1&#8243;&gt;&lt;span class=\u00bbs1&#8243;&gt;El fin de semana del 6 y 7 de Mayo&lt;span class=\u00bbApple-converted-space\u00bb&gt;&amp;nbsp; &lt;\/span&gt;se disput\u00f3 en Cambrils la \u00faltima regata del G3 de optimist de la zona sur, ahora s\u00f3lo falta el Campeonato de Catalu\u00f1a que se disputar\u00e1 en Masnou a principios de Junio y ya tendremos el ranking y todos los ascensos a G2.&lt;\/span&gt;&lt;\/p&gt;<br \/>\n&lt;p class=\u00bbp1&#8243;&gt;&lt;span class=\u00bbs1&#8243;&gt;El s\u00e1bado sopl\u00f3 un mestral moderado pero que no permiti\u00f3 a los m\u00e1s peque\u00f1os disputar ninguna manga. El domingo con un viento muy suave de componente sur disputamos tres pruebas. Destacar los buenos resultados de Queralt Domingo y de Max Torn\u00e9 los dos clasificados entre los diez primeros, novena y quinto respectivamente. Por su parte H\u00e9ctor Torn\u00e9 y Gorka Ruiz quedaron el 17\u00ba y 24\u00ba de la general. &lt;\/span&gt;&lt;\/p&gt;<br \/>\n&lt;p class=\u00bbp1&#8243;&gt;&lt;span class=\u00bbs1&#8243;&gt;Muchas felicidades a todos y a seguir trabajando y disfrutando.&lt;\/span&gt;&lt;\/p&gt;<br \/>\n&lt;p class=\u00bbp1&#8243;&gt;&amp;nbsp;&lt;\/p&gt;<\/p>\nngg_shortcode_0_placeholder\n<h2>&nbsp;<\/h2>\n<h2 style=\"text-align: center;\"><span style=\"color: #00ccff;\">El Masnou<\/span><\/h2>\n<p>&nbsp;<\/p>\n<p>El fin de semana 3 y 4 de junio, nuestros regatistas m\u00e1s peque\u00f1os participaron por primera vez en un Campeonato de Catalu\u00f1a de la clase optimist, que se disput\u00f3 en aguas del Club N\u00e1utico Masnou.<\/p>\n<p>Era la \u00faltima regata de la temporada y todos han conseguido el ascenso a G2 que era el objetivo a cumplir para toda la flota. Enhorabuena a todos y todas.<\/p>\n<p>El s\u00e1bado fue un d\u00eda duro, con muchas roladas y cambios de intensidad en el viento, aun as\u00ed el comit\u00e9 de regatas intent\u00f3 hacer cuatro pruebas ya que la previsi\u00f3n para el d\u00eda siguiente no era demasiado buena. Finalmente pudimos completar tres pruebas, la cuarta no la pudimos acabar por falta de viento <strong>cu\u00e1ndo quedaba tan solo una ce\u00f1ida<\/strong>. (Fue una l\u00e1stima para nuestra regatista Queralt Domingo que iba en primera posici\u00f3n).<\/p>\n<p>El domingo con un viento m\u00e1s estable nos permiti\u00f3 hacer tres pruebas con un viento de unos diez nudos de intensidad y de componente sur. Nuestros regatistas fueron muy regulares durante todo el Campeonato y esto premi\u00f3 a &nbsp;Queralt Domingo que se proclam\u00f3 Campeona de Catalu\u00f1a f\u00e9mina del G3 de optimist.<\/p>\n<p>Felicitar a &nbsp;Max Torn\u00e9, a H\u00e9ctor Torn\u00e9 y a &nbsp;Gorka Ruiz por el ascenso y a la Queralt Domingo por el Campeonato y al ascenso.<\/p>\n<p><strong>Segu\u00edd as\u00ed chicos.<\/strong><\/p>\n<p>ngg_shortcode_1_placeholder<\/p>","protected":false},"excerpt":{"rendered":"<p>Tarragona &nbsp; El fin de semana del 9 y 10 de abril los cuatro regatistas de la clase optimist del Club, Queralt Domingo, Max Torn\u00e9, H\u00e9ctor Torn\u00e9 i Gorka Ruiz [&hellip;] <a href=\"https:\/\/old.cnhv.net\/?page_id=10623\" rel=\"bookmark\">more<\/a><\/p>\n","protected":false},"author":1,"featured_media":0,"parent":10590,"menu_order":4,"comment_status":"closed","ping_status":"closed","template":"pg-tpl-no-sidebars.php","meta":{"ngg_post_thumbnail":0},"_links":{"self":[{"href":"https:\/\/old.cnhv.net\/index.php?rest_route=\/wp\/v2\/pages\/10623"}],"collection":[{"href":"https:\/\/old.cnhv.net\/index.php?rest_route=\/wp\/v2\/pages"}],"about":[{"href":"https:\/\/old.cnhv.net\/index.php?rest_route=\/wp\/v2\/types\/page"}],"author":[{"embeddable":true,"href":"https:\/\/old.cnhv.net\/index.php?rest_route=\/wp\/v2\/users\/1"}],"replies":[{"embeddable":true,"href":"https:\/\/old.cnhv.net\/index.php?rest_route=%2Fwp%2Fv2%2Fcomments&post=10623"}],"version-history":[{"count":7,"href":"https:\/\/old.cnhv.net\/index.php?rest_route=\/wp\/v2\/pages\/10623\/revisions"}],"predecessor-version":[{"id":12994,"href":"https:\/\/old.cnhv.net\/index.php?rest_route=\/wp\/v2\/pages\/10623\/revisions\/12994"}],"up":[{"embeddable":true,"href":"https:\/\/old.cnhv.net\/index.php?rest_route=\/wp\/v2\/pages\/10590"}],"wp:attachment":[{"href":"https:\/\/old.cnhv.net\/index.php?rest_route=%2Fwp%2Fv2%2Fmedia&parent=10623"}],"curies":[{"name":"wp","href":"https:\/\/api.w.org\/{rel}","templated":true}]}}