
{"id":10627,"date":"2017-04-22T15:46:44","date_gmt":"2017-04-22T15:46:44","guid":{"rendered":"http:\/\/www.cnhv.net\/?page_id=10627"},"modified":"2017-04-22T15:48:40","modified_gmt":"2017-04-22T15:48:40","slug":"catala-taller-de-vela-a-lescola-mestral","status":"publish","type":"page","link":"https:\/\/old.cnhv.net\/?page_id=10627","title":{"rendered":"Taller de vela en la escuela Mestral"},"content":{"rendered":"<p><\/p>\n<div>Hemos visitado a los alumnos de 5\u00baA y 6\u00baB de la Escola Mestral, ya qu\u00e9 ellos fueron los que realizaron un taller de dos sesiones de navegaci\u00f3n a vela con nosotros el curso pasado. La idea es que se animen a apuntarse a la actividad extraescolar que les proponemos desde el Club para esta primavera. La actividad tambi\u00e9n va dirigida a los alumnos de cuarto y\u00a0 sexto de la escuela.<\/div>\n<p>Con esta iniciativa el Club pretende acercar el mundo de la vela y del mar en general a los ni\u00f1os y ni\u00f1as de nuestra poblaci\u00f3n.<\/p>\n<p><a href=\"https:\/\/goo.gl\/photos\/hwogq2QCcWnezZy49\">Ver fotos..<\/a><\/p>","protected":false},"excerpt":{"rendered":"<p>Hemos visitado a los alumnos de 5\u00baA y 6\u00baB de la Escola Mestral, ya qu\u00e9 ellos fueron los que realizaron un taller de dos sesiones de navegaci\u00f3n a vela con [&hellip;] <a href=\"https:\/\/old.cnhv.net\/?page_id=10627\" rel=\"bookmark\">more<\/a><\/p>\n","protected":false},"author":1,"featured_media":0,"parent":10590,"menu_order":5,"comment_status":"closed","ping_status":"closed","template":"pg-tpl-no-sidebars.php","meta":{"ngg_post_thumbnail":0},"_links":{"self":[{"href":"https:\/\/old.cnhv.net\/index.php?rest_route=\/wp\/v2\/pages\/10627"}],"collection":[{"href":"https:\/\/old.cnhv.net\/index.php?rest_route=\/wp\/v2\/pages"}],"about":[{"href":"https:\/\/old.cnhv.net\/index.php?rest_route=\/wp\/v2\/types\/page"}],"author":[{"embeddable":true,"href":"https:\/\/old.cnhv.net\/index.php?rest_route=\/wp\/v2\/users\/1"}],"replies":[{"embeddable":true,"href":"https:\/\/old.cnhv.net\/index.php?rest_route=%2Fwp%2Fv2%2Fcomments&post=10627"}],"version-history":[{"count":2,"href":"https:\/\/old.cnhv.net\/index.php?rest_route=\/wp\/v2\/pages\/10627\/revisions"}],"predecessor-version":[{"id":10629,"href":"https:\/\/old.cnhv.net\/index.php?rest_route=\/wp\/v2\/pages\/10627\/revisions\/10629"}],"up":[{"embeddable":true,"href":"https:\/\/old.cnhv.net\/index.php?rest_route=\/wp\/v2\/pages\/10590"}],"wp:attachment":[{"href":"https:\/\/old.cnhv.net\/index.php?rest_route=%2Fwp%2Fv2%2Fmedia&parent=10627"}],"curies":[{"name":"wp","href":"https:\/\/api.w.org\/{rel}","templated":true}]}}