
{"id":12245,"date":"2017-08-29T21:37:22","date_gmt":"2017-08-29T21:37:22","guid":{"rendered":"http:\/\/www.cnhv.net\/?page_id=12245"},"modified":"2019-08-30T22:02:00","modified_gmt":"2019-08-30T22:02:00","slug":"festividad-de-la-virgen-del-carmen","status":"publish","type":"page","link":"https:\/\/old.cnhv.net\/?page_id=12245","title":{"rendered":"Festividad de la Virgen del Carmen 2017"},"content":{"rendered":"<p>Un a\u00f1o m\u00e1s el Club N\u00e0utic Hospitalet Vandell\u00f2s ha celebrado el d\u00eda de nuestra patrona la Virgen del Carmen, con un tiempo y estado de la mar excelente.<\/p>\n<p>Los diferentes actos empezaron izando la Bandera Azul, que un a\u00f1o mas ha sido concedida en reconocimiento a la excelente labor que realiza a favor de un mantenimiento de todas sus instalaciones respetuoso con el medio ambiente. Hay que destacar que el Club recibe esta importante distinci\u00f3n desde el a\u00f1o 1993 de forma consecutiva.<\/p>\n<p>Seguidamente se celebr\u00f3 una solemne misa con la participaci\u00f3n de la Coral \u201cArsis\u201d. Terminada la misa se inici\u00f3 una procesi\u00f3n encabezada por la Virgen del Carmen, porteada por la mariner\u00eda del Club y Foment Cultural, fue acompa\u00f1ada por los Gegants y Graellers de l\u2019Hospitalet, hasta subir a dos catamaranes y empezar un recorrido por el mar, donde se procedi\u00f3 a la ofrenda floral. A la comitiva le acompa\u00f1aron numerosas embarcaciones de socios del Club. De vuelta a tierra, el Club ofreci\u00f3 un refrigerio a todos los colaboradores<\/p>\n<p>Para terminar el grupo \u201cVeles i Vents de Calafell\u201d cerro la jornada con una cantada de habaneras y la degustaci\u00f3n de un extraordinario \u201cRon Cremat\u201d.<\/p>\n<p>Agradecer la colaboraci\u00f3n del Mos\u00e9n Jordi Salvad\u00f3 , entidades, a los socios y p\u00fablico en general por vuestra asistencia.<\/p>\n<p><a onclick=\"window.open('http:\/\/www.youtube.com\/embed\/QjE6t2LWPGs?rel=0','','width=840,height=472');return false;\">ver documental<\/a><\/p>\nngg_shortcode_0_placeholder\n<p><\/p>","protected":false},"excerpt":{"rendered":"<p>Un a\u00f1o m\u00e1s el Club N\u00e0utic Hospitalet Vandell\u00f2s ha celebrado el d\u00eda de nuestra patrona la Virgen del Carmen, con un tiempo y estado de la mar excelente. Los diferentes [&hellip;] <a href=\"https:\/\/old.cnhv.net\/?page_id=12245\" rel=\"bookmark\">more<\/a><\/p>\n","protected":false},"author":1,"featured_media":0,"parent":15221,"menu_order":1,"comment_status":"closed","ping_status":"closed","template":"pg-tpl-no-sidebars.php","meta":{"ngg_post_thumbnail":0},"_links":{"self":[{"href":"https:\/\/old.cnhv.net\/index.php?rest_route=\/wp\/v2\/pages\/12245"}],"collection":[{"href":"https:\/\/old.cnhv.net\/index.php?rest_route=\/wp\/v2\/pages"}],"about":[{"href":"https:\/\/old.cnhv.net\/index.php?rest_route=\/wp\/v2\/types\/page"}],"author":[{"embeddable":true,"href":"https:\/\/old.cnhv.net\/index.php?rest_route=\/wp\/v2\/users\/1"}],"replies":[{"embeddable":true,"href":"https:\/\/old.cnhv.net\/index.php?rest_route=%2Fwp%2Fv2%2Fcomments&post=12245"}],"version-history":[{"count":3,"href":"https:\/\/old.cnhv.net\/index.php?rest_route=\/wp\/v2\/pages\/12245\/revisions"}],"predecessor-version":[{"id":12249,"href":"https:\/\/old.cnhv.net\/index.php?rest_route=\/wp\/v2\/pages\/12245\/revisions\/12249"}],"up":[{"embeddable":true,"href":"https:\/\/old.cnhv.net\/index.php?rest_route=\/wp\/v2\/pages\/15221"}],"wp:attachment":[{"href":"https:\/\/old.cnhv.net\/index.php?rest_route=%2Fwp%2Fv2%2Fmedia&parent=12245"}],"curies":[{"name":"wp","href":"https:\/\/api.w.org\/{rel}","templated":true}]}}