
{"id":12260,"date":"2017-08-29T22:31:58","date_gmt":"2017-08-29T22:31:58","guid":{"rendered":"http:\/\/www.cnhv.net\/?page_id=12260"},"modified":"2017-08-29T22:31:58","modified_gmt":"2017-08-29T22:31:58","slug":"trofeo-costa-dorada-de-optimist-2017","status":"publish","type":"page","link":"https:\/\/old.cnhv.net\/?page_id=12260","title":{"rendered":"Trofeo Costa Dorada de Optimist 2017"},"content":{"rendered":"<p>Los d\u00edas 15 y 16 de Julio se disput\u00f3 en aguas de nuestro club el Trofeo Costa Dorada de optimist, donde han participado doce regatistas de nuestra zona.<\/p>\n<p>El s\u00e1bado completamos las dos pruebas previstas con un viento de componiendo sur que a medida que avanzaba la tarde iba aumentando la intensidad hasta llegar a los quince nudos de viento. Al llegar a tierra los participantes y acompa\u00f1antes van a disfrutar de una barbacoa.<\/p>\n<p>El domingo el tiempo tambi\u00e9n nos acompa\u00f1\u00f3, con un Garb\u00ed de unos ocho nudos pudimos hacer las dos pruebas previstas.<\/p>\n<p>ngg_shortcode_0_placeholder<\/p>","protected":false},"excerpt":{"rendered":"<p>Los d\u00edas 15 y 16 de Julio se disput\u00f3 en aguas de nuestro club el Trofeo Costa Dorada de optimist, donde han participado doce regatistas de nuestra zona. El s\u00e1bado [&hellip;] <a href=\"https:\/\/old.cnhv.net\/?page_id=12260\" rel=\"bookmark\">more<\/a><\/p>\n","protected":false},"author":1,"featured_media":0,"parent":10590,"menu_order":0,"comment_status":"closed","ping_status":"closed","template":"pg-tpl-no-sidebars.php","meta":{"ngg_post_thumbnail":0},"_links":{"self":[{"href":"https:\/\/old.cnhv.net\/index.php?rest_route=\/wp\/v2\/pages\/12260"}],"collection":[{"href":"https:\/\/old.cnhv.net\/index.php?rest_route=\/wp\/v2\/pages"}],"about":[{"href":"https:\/\/old.cnhv.net\/index.php?rest_route=\/wp\/v2\/types\/page"}],"author":[{"embeddable":true,"href":"https:\/\/old.cnhv.net\/index.php?rest_route=\/wp\/v2\/users\/1"}],"replies":[{"embeddable":true,"href":"https:\/\/old.cnhv.net\/index.php?rest_route=%2Fwp%2Fv2%2Fcomments&post=12260"}],"version-history":[{"count":1,"href":"https:\/\/old.cnhv.net\/index.php?rest_route=\/wp\/v2\/pages\/12260\/revisions"}],"predecessor-version":[{"id":12261,"href":"https:\/\/old.cnhv.net\/index.php?rest_route=\/wp\/v2\/pages\/12260\/revisions\/12261"}],"up":[{"embeddable":true,"href":"https:\/\/old.cnhv.net\/index.php?rest_route=\/wp\/v2\/pages\/10590"}],"wp:attachment":[{"href":"https:\/\/old.cnhv.net\/index.php?rest_route=%2Fwp%2Fv2%2Fmedia&parent=12260"}],"curies":[{"name":"wp","href":"https:\/\/api.w.org\/{rel}","templated":true}]}}