
{"id":12633,"date":"2017-10-29T18:54:29","date_gmt":"2017-10-29T18:54:29","guid":{"rendered":"http:\/\/www.cnhv.net\/?page_id=12633"},"modified":"2017-10-29T19:03:51","modified_gmt":"2017-10-29T19:03:51","slug":"catala-concurs-de-pesca-currica-4o-trofeu","status":"publish","type":"page","link":"https:\/\/old.cnhv.net\/?page_id=12633","title":{"rendered":"Concurso de pesca curric\u00e1n 4\u00ba Trofeo CNHV"},"content":{"rendered":"<p>El 30&nbsp; de Septiembre 2017 se ha celebrado el \u00faltimo concurso de pesca esta temporada, el d\u00eda ha sido \u00f3ptimo, mar totalmente en calma parec\u00eda una piscina, y a pesar de los Delfines que han acompa\u00f1ado a los concursantes, las capturas han sido buenas.<\/p>\n<p>Despu\u00e9s de la cena se ha procedido a la entrega de trofeos, agradecer a la familia D&#8217;antis los melocotones de Calanda que ha repartido a los participantes.<\/p>\n<p><a href=\"http:\/\/www.cnhv.net\/wp-content\/uploads\/2017\/09\/Clasificacio\u0301n-4\u00ba-TROFEO-CNHV-30-09-2017-.pdf\" class=\"mtli_attachment mtli_pdf\" target=\"_blank\" rel=\"noopener\">Clasificacio\u0301n 4\u00ba TROFEO CNHV 30-09-2017<\/a><\/p>\nngg_shortcode_0_placeholder\n<p>&nbsp;<\/p>\n<p><a href=\"http:\/\/www.cnhv.net\/wp-content\/uploads\/2017\/09\/Cartel-pesca-4-trofeo-CNHV-17-Web.jpg\"><img decoding=\"async\" loading=\"lazy\" class=\"aligncenter size-full wp-image-12427\" src=\"http:\/\/www.cnhv.net\/wp-content\/uploads\/2017\/09\/Cartel-pesca-4-trofeo-CNHV-17-Web.jpg\" alt=\"\" width=\"800\" height=\"1132\" srcset=\"https:\/\/old.cnhv.net\/wp-content\/uploads\/2017\/09\/Cartel-pesca-4-trofeo-CNHV-17-Web.jpg 800w, https:\/\/old.cnhv.net\/wp-content\/uploads\/2017\/09\/Cartel-pesca-4-trofeo-CNHV-17-Web-212x300.jpg 212w, https:\/\/old.cnhv.net\/wp-content\/uploads\/2017\/09\/Cartel-pesca-4-trofeo-CNHV-17-Web-768x1087.jpg 768w, https:\/\/old.cnhv.net\/wp-content\/uploads\/2017\/09\/Cartel-pesca-4-trofeo-CNHV-17-Web-724x1024.jpg 724w, https:\/\/old.cnhv.net\/wp-content\/uploads\/2017\/09\/Cartel-pesca-4-trofeo-CNHV-17-Web-71x100.jpg 71w\" sizes=\"(max-width: 800px) 100vw, 800px\" \/><\/a><\/p>","protected":false},"excerpt":{"rendered":"<p>El 30&nbsp; de Septiembre 2017 se ha celebrado el \u00faltimo concurso de pesca esta temporada, el d\u00eda ha sido \u00f3ptimo, mar totalmente en calma parec\u00eda una piscina, y a pesar [&hellip;] <a href=\"https:\/\/old.cnhv.net\/?page_id=12633\" rel=\"bookmark\">more<\/a><\/p>\n","protected":false},"author":1,"featured_media":0,"parent":10557,"menu_order":1,"comment_status":"closed","ping_status":"closed","template":"pg-tpl-no-sidebars.php","meta":{"ngg_post_thumbnail":0},"_links":{"self":[{"href":"https:\/\/old.cnhv.net\/index.php?rest_route=\/wp\/v2\/pages\/12633"}],"collection":[{"href":"https:\/\/old.cnhv.net\/index.php?rest_route=\/wp\/v2\/pages"}],"about":[{"href":"https:\/\/old.cnhv.net\/index.php?rest_route=\/wp\/v2\/types\/page"}],"author":[{"embeddable":true,"href":"https:\/\/old.cnhv.net\/index.php?rest_route=\/wp\/v2\/users\/1"}],"replies":[{"embeddable":true,"href":"https:\/\/old.cnhv.net\/index.php?rest_route=%2Fwp%2Fv2%2Fcomments&post=12633"}],"version-history":[{"count":2,"href":"https:\/\/old.cnhv.net\/index.php?rest_route=\/wp\/v2\/pages\/12633\/revisions"}],"predecessor-version":[{"id":12635,"href":"https:\/\/old.cnhv.net\/index.php?rest_route=\/wp\/v2\/pages\/12633\/revisions\/12635"}],"up":[{"embeddable":true,"href":"https:\/\/old.cnhv.net\/index.php?rest_route=\/wp\/v2\/pages\/10557"}],"wp:attachment":[{"href":"https:\/\/old.cnhv.net\/index.php?rest_route=%2Fwp%2Fv2%2Fmedia&parent=12633"}],"curies":[{"name":"wp","href":"https:\/\/api.w.org\/{rel}","templated":true}]}}