
{"id":12636,"date":"2017-10-29T19:03:12","date_gmt":"2017-10-29T19:03:12","guid":{"rendered":"http:\/\/www.cnhv.net\/?page_id=12636"},"modified":"2017-10-29T19:03:12","modified_gmt":"2017-10-29T19:03:12","slug":"17-o-trofeo-dr-capella-pesca-calamar-2017","status":"publish","type":"page","link":"https:\/\/old.cnhv.net\/?page_id=12636","title":{"rendered":"17 \u00ba Trofeo Dr. Capella -Pesca Calamar 2017"},"content":{"rendered":"<p>Los d\u00edas 29 de Julio 12 y 26 de Agosto, se han realizado el 17\u00ba Trofeo&nbsp;Dr. Capella de Pesca de Calamar, los dos primeros d\u00edas con muy pocas capturas y la del 26 ha estado un poco m\u00e1s animada. Con una noche espl\u00e9ndida y despu\u00e9s de una agradable cena servida por el bar D&#8217;antis se ha procedido a la entrega de trofeos, a la que asisti\u00f3 la Sra. Josefa Castellvi viuda del Dr. Capella&nbsp;<\/p>\n<p>1er Clasificado MONTSERRAT PLASENCIA con la embarcaci\u00f3n Montsemar, peso total 1,34 kg.<\/p>\n<p>2\u00ba &nbsp;Clasificado&nbsp;MIQUEL CABAL&nbsp;con la embarcaci\u00f3n Estel de Mar,&nbsp;peso total 1,31 kg<\/p>\n<p>3\u00ba&nbsp;Clasificado&nbsp;JAVIER ZAZO&nbsp;con la embarcaci\u00f3n Lula,&nbsp;peso total 1,06 kg<\/p>\n<p>&nbsp;<\/p>\nngg_shortcode_0_placeholder\n<p>&nbsp;<\/p>\n<p>&nbsp;<a href=\"http:\/\/www.cnhv.net\/wp-content\/uploads\/2017\/07\/Cartel-pesca-calamar-17-Web.jpg\"><img decoding=\"async\" loading=\"lazy\" class=\"aligncenter size-full wp-image-11511\" src=\"http:\/\/www.cnhv.net\/wp-content\/uploads\/2017\/07\/Cartel-pesca-calamar-17-Web.jpg\" alt=\"\" width=\"707\" height=\"1000\" srcset=\"https:\/\/old.cnhv.net\/wp-content\/uploads\/2017\/07\/Cartel-pesca-calamar-17-Web.jpg 707w, https:\/\/old.cnhv.net\/wp-content\/uploads\/2017\/07\/Cartel-pesca-calamar-17-Web-212x300.jpg 212w, https:\/\/old.cnhv.net\/wp-content\/uploads\/2017\/07\/Cartel-pesca-calamar-17-Web-71x100.jpg 71w\" sizes=\"(max-width: 707px) 100vw, 707px\" \/><\/a><\/p>","protected":false},"excerpt":{"rendered":"<p>Los d\u00edas 29 de Julio 12 y 26 de Agosto, se han realizado el 17\u00ba Trofeo&nbsp;Dr. Capella de Pesca de Calamar, los dos primeros d\u00edas con muy pocas capturas y [&hellip;] <a href=\"https:\/\/old.cnhv.net\/?page_id=12636\" rel=\"bookmark\">more<\/a><\/p>\n","protected":false},"author":1,"featured_media":0,"parent":10557,"menu_order":2,"comment_status":"closed","ping_status":"closed","template":"pg-tpl-no-sidebars.php","meta":{"ngg_post_thumbnail":0},"_links":{"self":[{"href":"https:\/\/old.cnhv.net\/index.php?rest_route=\/wp\/v2\/pages\/12636"}],"collection":[{"href":"https:\/\/old.cnhv.net\/index.php?rest_route=\/wp\/v2\/pages"}],"about":[{"href":"https:\/\/old.cnhv.net\/index.php?rest_route=\/wp\/v2\/types\/page"}],"author":[{"embeddable":true,"href":"https:\/\/old.cnhv.net\/index.php?rest_route=\/wp\/v2\/users\/1"}],"replies":[{"embeddable":true,"href":"https:\/\/old.cnhv.net\/index.php?rest_route=%2Fwp%2Fv2%2Fcomments&post=12636"}],"version-history":[{"count":1,"href":"https:\/\/old.cnhv.net\/index.php?rest_route=\/wp\/v2\/pages\/12636\/revisions"}],"predecessor-version":[{"id":12637,"href":"https:\/\/old.cnhv.net\/index.php?rest_route=\/wp\/v2\/pages\/12636\/revisions\/12637"}],"up":[{"embeddable":true,"href":"https:\/\/old.cnhv.net\/index.php?rest_route=\/wp\/v2\/pages\/10557"}],"wp:attachment":[{"href":"https:\/\/old.cnhv.net\/index.php?rest_route=%2Fwp%2Fv2%2Fmedia&parent=12636"}],"curies":[{"name":"wp","href":"https:\/\/api.w.org\/{rel}","templated":true}]}}