
{"id":12653,"date":"2017-10-29T19:23:25","date_gmt":"2017-10-29T19:23:25","guid":{"rendered":"http:\/\/www.cnhv.net\/?page_id=12653"},"modified":"2017-10-29T19:23:25","modified_gmt":"2017-10-29T19:23:25","slug":"cpto-cataluna-individual-de-pesca-submarina-2017","status":"publish","type":"page","link":"https:\/\/old.cnhv.net\/?page_id=12653","title":{"rendered":"Cpto. Catalu\u00f1a individual de Pesca Submarina 2017"},"content":{"rendered":"<p>ELOY MART\u00cdNEZ SE PROCLAMA POR TERCER A\u00d1O CONSECUTIVO CAMPEON DE CATALU\u00d1A INDIVIDUAL DE PESCA SUBMARINA LOGRANDO AS\u00cd SU SEXTO CAMPEONATO&#8230;..<\/p>\n<p>Ayer domingo d\u00eda 11 de junio de 2017, se celebro en Matar\u00f3 la segunda manga del campeonato de Catalu\u00f1a individual de pesca submarina.<br \/>\nDespu\u00e9s de la 1\u00aa jornada celebrada el s\u00e1bado en la que el representante del Club N\u00e0utic Hospitalet Vandellos Eloy Mart\u00ednez lograba una puntuaci\u00f3n de 24.375 puntos y 17 capturas y su principal contrincante Oscar Hidalgo del Skaphos no lograba mantener la ventaja obtenida en las selectivas tras sus 9 capturas que le dieron una puntuaci\u00f3n de 13.950 puntos, el campeonato se pon\u00eda muy bien para Eloy.<br \/>\nEl resto de participantes que se encontraban en las primeras posiciones como Xavi Blanco del SPAS que lograba realizar 6 capturas y obtener una puntuaci\u00f3n de 11.980 puntos o Isaac Vives que lograba realizar 9 capturas que le dieron una puntuaci\u00f3n de 12.600 puntos luchaban por no alejarse de la cabeza.<br \/>\nDado el inicio de la segunda manga a las 9:00h los deportistas dispondr\u00edan de cinco horas para intentar realizar un buen papel en esta segunda manga.<br \/>\nFinalizada la prueba, se dio comienzo con la pesada sobre las 15:00h y el campeonato se manten\u00eda muy emocionante.<br \/>\nTras pesar el ultimo de los participantes se ve\u00eda reflejado el gran campeonato realizado por el pescador Tarraconense y socio del CNHV Eloy Mart\u00ednez que no daba ninguna opci\u00f3n a sus contrincantes realizando 20 capturas entre las cuales se entraba un hermoso mero de 5.640kg que le otorgaron una puntuaci\u00f3n de 35.965 puntos dandole la primera posici\u00f3n de esta segunda jornada.<br \/>\nEl segundo clasificado fue el pescador Enrique Ruiz del SKAPHOS que lograba capturar 15 peces que le dieron una puntuaci\u00f3n de 22.860 puntos.<br \/>\nTercer clasificado fue el pescador del SPAS Isaac Vives que capturaba 10 peces que le dieron una puntuaci\u00f3n de 15.145 puntos.<br \/>\nCuarto clasificado fue el pescador Xavi Blanco del SPAS con 13.600 puntos y 4 capturas.<br \/>\nQuinto fue el pescador debutante Arnau Floristan del Cas Marman que logro capturar 6 peces y obtener una puntuaci\u00f3n de 12.435 puntos realizando un gran papel en esta su primera participaci\u00f3n.<br \/>\nEl pescador Oscar Hidalgo y principal rival de Eloy no lograba realizar un buena actuaci\u00f3n en esta segunda manga y solo lograba clasificar en 6\u00ba posici\u00f3n con un total de 3 capturas entre las cuales presentaba un hermoso mero de 5.560kg y obteniendo una puntuaci\u00f3n de 9.830 puntos que lo alejaban definitivamente de alzarse ganador de este campeonato de Catalu\u00f1a.<\/p>\n<p>Entre nuestros socios tambi\u00e9n destacamos la actuaci\u00f3n de Jordi Pereira y Manuel G\u00e1lvez clasif. en 11\u00ba y 12\u00ba posici\u00f3n y agradecemos a los barqueros Jose Carlos, Jordi Merino, Joan Roig, Matias Romero Y Oscar Rodr\u00edguez el apoyo y trabajo dado a nuestros representantes a este campeonato de Catalu\u00f1a.<\/p>\n<p>&nbsp;<\/p>\n<p><a href=\"https:\/\/www.diaridetarragona.com\/deportes\/Eloy-Martinez-campeon-de-Catalunya-por-tercer-ano-consecutivo-de-pesca-submarina-20170616-0067.html\">Ver nota de prensa<\/a><\/p>\n<p>&nbsp;<\/p>\n<p>RESULTADO FINAL TRAS REALIZARSE LAS DOS MANGAS.<\/p>\n<p>1\u00ba Clasif. Eloy Mart\u00ednez del CNHV con&#8230;&#8230;&#8230;&#8230;&#8230;&#8230;.391&#8217;27%.<br \/>\n2\u00ba Clasf. Oscar Hidalgo del SKAPHOS con&#8230;&#8230;&#8230;.. 284&#8217;56%.<br \/>\n3\u00ba Clasf. Xavi Blancodel SPAS con&#8230;&#8230;&#8230;&#8230;&#8230;&#8230;&#8230;&#8230;.<wbr>267&#8217;08%.<br \/>\n4\u00ba Clasf. Isaac Vives del SPAS con&#8230;&#8230;&#8230;&#8230;&#8230;&#8230;&#8230;&#8230;<\/wbr><wbr>207&#8217;63%.<br \/>\n5\u00ba Clasf. Enrique Ruiz del SKAPHOS con&#8230;&#8230;&#8230;&#8230;..204&#8217;10%.<br \/>\n6\u00ba Clasf. Roger Amat del SPAS con&#8230;&#8230;&#8230;&#8230;&#8230;&#8230;&#8230;.157&#8242;<\/wbr><wbr>02%.<br \/>\n7\u00ba Clasf. Dirac Rodr\u00edguez del APS con&#8230;&#8230;&#8230;&#8230;&#8230;&#8230;140&#8217;86%.<br \/>\n8\u00ba Clasf. Alberto Vazquez del case con&#8230;&#8230;&#8230;&#8230;&#8230;.106&#8217;93%.<br \/>\n9\u00ba Clasf. Juan Montilla del SPAS con&#8230;&#8230;&#8230;&#8230;&#8230;&#8230;..106&#8217;18%<\/wbr><wbr>.<br \/>\n10\u00ba Clasf. Arnau Floristan del Cas Marman con&#8230;105&#8217;98%.<br \/>\n11\u00ba Clasf. Jordi Pereira del CNHV con &#8230;&#8230;&#8230;&#8230;&#8230;..103&#8217;68%.<br \/>\n12\u00ba Clasf. Manuel G\u00e1lvez del CNHV con&#8230;&#8230;&#8230;&#8230;&#8230;95&#8217;15%.<br \/>\n13\u00ba Clasf. Jordi Moroncho del SKAPHOS con&#8230;&#8230;.89&#8217;15%.<br \/>\n14\u00aa Clasf. Ramon Hontanaya del del SPAS con&#8230;..86&#8217;19%.<br \/>\n15\u00ba Clasf. Edgar Larios del SKAPHOS con&#8230;&#8230;&#8230;&#8230;84&#8217;87%.<br \/>\n16\u00ba Clasf. Antonio M\u00e1rquez del CEPS con&#8230;&#8230;&#8230;..73&#8217;53%.<br \/>\n17\u00ba Clasf. Sergi Velasco del CAS Marman con&#8230;..72&#8217;39%.<br \/>\n18\u00ba Clasf. Eugenio Navarro del SKAPHOS con&#8230;.62&#8217;59%.<br \/>\n19\u00ba Clasf. Alexandra Prat del ACASCB con&#8230;&#8230;&#8230;59&#8217;44%.<br \/>\n20\u00ba Clasf. Omar Tauste del CAS Marman can&#8230;..56&#8217;13%.<\/p>\nngg_shortcode_0_placeholder\nngg_shortcode_1_placeholder\n<p>&nbsp;<\/wbr><\/p>","protected":false},"excerpt":{"rendered":"<p>ELOY MART\u00cdNEZ SE PROCLAMA POR TERCER A\u00d1O CONSECUTIVO CAMPEON DE CATALU\u00d1A INDIVIDUAL DE PESCA SUBMARINA LOGRANDO AS\u00cd SU SEXTO CAMPEONATO&#8230;.. Ayer domingo d\u00eda 11 de junio de 2017, se celebro [&hellip;] <a href=\"https:\/\/old.cnhv.net\/?page_id=12653\" rel=\"bookmark\">more<\/a><\/p>\n","protected":false},"author":1,"featured_media":0,"parent":12650,"menu_order":0,"comment_status":"closed","ping_status":"closed","template":"pg-tpl-no-sidebars.php","meta":{"ngg_post_thumbnail":0},"_links":{"self":[{"href":"https:\/\/old.cnhv.net\/index.php?rest_route=\/wp\/v2\/pages\/12653"}],"collection":[{"href":"https:\/\/old.cnhv.net\/index.php?rest_route=\/wp\/v2\/pages"}],"about":[{"href":"https:\/\/old.cnhv.net\/index.php?rest_route=\/wp\/v2\/types\/page"}],"author":[{"embeddable":true,"href":"https:\/\/old.cnhv.net\/index.php?rest_route=\/wp\/v2\/users\/1"}],"replies":[{"embeddable":true,"href":"https:\/\/old.cnhv.net\/index.php?rest_route=%2Fwp%2Fv2%2Fcomments&post=12653"}],"version-history":[{"count":1,"href":"https:\/\/old.cnhv.net\/index.php?rest_route=\/wp\/v2\/pages\/12653\/revisions"}],"predecessor-version":[{"id":12654,"href":"https:\/\/old.cnhv.net\/index.php?rest_route=\/wp\/v2\/pages\/12653\/revisions\/12654"}],"up":[{"embeddable":true,"href":"https:\/\/old.cnhv.net\/index.php?rest_route=\/wp\/v2\/pages\/12650"}],"wp:attachment":[{"href":"https:\/\/old.cnhv.net\/index.php?rest_route=%2Fwp%2Fv2%2Fmedia&parent=12653"}],"curies":[{"name":"wp","href":"https:\/\/api.w.org\/{rel}","templated":true}]}}