
{"id":12658,"date":"2017-10-29T19:27:36","date_gmt":"2017-10-29T19:27:36","guid":{"rendered":"http:\/\/www.cnhv.net\/?page_id=12658"},"modified":"2017-10-29T19:27:36","modified_gmt":"2017-10-29T19:27:36","slug":"iii-selectiva-camp-cataluna-individual-2017","status":"publish","type":"page","link":"https:\/\/old.cnhv.net\/?page_id=12658","title":{"rendered":"III Selectiva Camp. Catalu\u00f1a individual 2017"},"content":{"rendered":"<p>&nbsp;<\/p>\n<p><img decoding=\"async\" loading=\"lazy\" class=\"aligncenter size-full wp-image-10676\" src=\"http:\/\/www.cnhv.net\/wp-content\/uploads\/2017\/05\/III-selectiva-participantes.jpg\" alt=\"\" width=\"1500\" height=\"559\" srcset=\"https:\/\/old.cnhv.net\/wp-content\/uploads\/2017\/05\/III-selectiva-participantes.jpg 1500w, https:\/\/old.cnhv.net\/wp-content\/uploads\/2017\/05\/III-selectiva-participantes-300x112.jpg 300w, https:\/\/old.cnhv.net\/wp-content\/uploads\/2017\/05\/III-selectiva-participantes-768x286.jpg 768w, https:\/\/old.cnhv.net\/wp-content\/uploads\/2017\/05\/III-selectiva-participantes-1024x382.jpg 1024w, https:\/\/old.cnhv.net\/wp-content\/uploads\/2017\/05\/III-selectiva-participantes-100x37.jpg 100w\" sizes=\"(max-width: 1500px) 100vw, 1500px\" \/><\/p>\n<p>Xavi Blanco gana la III selectiva del campeonato de Catalu\u00f1a individual de pesca submarina.<\/p>\n<p>Aunque la II selectiva no se ha celebrado por diversas circunstancias, el pasado domingo d\u00eda 7 de mayo se celebro la III selectiva del circuito Catalan de pesca submarina.<\/p>\n<p>Para esta prueba, estaban inscritos cincuenta y cinco participantes de los cuales dos eran mujeres.<\/p>\n<p>La jornada comenzaba a las 7:45h con la confirmaci\u00f3n de asistencia por parte de los participantes y entre esa hora y las 8.30h en la cual se realiza la reuni\u00f3n de seguridad, los participantes realizaban la preparaci\u00f3n de sus equipos subi\u00e9ndolos al barco que los ir\u00eda depositando en cada una de las nueve paradas programadas para esta prueba.<\/p>\n<p>El d\u00eda amanec\u00eda tranquilo, sin apenas viento, con un sol radiante y con unas aguas bastante limpias pero con el paso de las horas, un &nbsp;viento cambiante de sur y una fuerte corriente &nbsp;hizo que las aguas se ensuciasen dificultando mas &nbsp;aun a los participantes el poder realizar alguna captura.<\/p>\n<p>Al termino de la prueba, se dio comienzo a la pesada de los sacos de pescado de cada participante en las instalaciones del Club N\u00e0utic Hospitalet Vandell\u00f2s.<\/p>\n<p>Se proclamo ganador a Xavi Blanco del Club SPAS con un total de 17.645 pts, 16 peces y 5 especies.<\/p>\n<p>El segundo clasificado fue Eloy Mart\u00ednez del Club CNHV y actual campe\u00f3n de Catalu\u00f1a, con un total de 16.105 pts, 20 peces y cinco especies.<\/p>\n<p>El tercero clasificado en completar el podio fue, Jordi Pereira Baro del Club CNHV con un total de 11.615 pts, 8 peces y un total de 5 especies.<\/p>\n<p>En la categor\u00eda de debutantes con un total de 5.885 pts, 7 peces y 4 especies fue &nbsp;Arnau Florist\u00e1n Ib\u00e1\u00f1ez &nbsp;del Club CAS.MARMAN y en categor\u00eda de veteranos el ganador fue Antonio M\u00e1rquez Acevedo del Club CEPS&nbsp;con un total de 5.815 pts, 5 peces y 2 especies.<\/p>\n<p>La pieza mayor de la prueba, fue un Espet\u00f3n de 2.245g &nbsp;capturado por Jordi Pereira Baro del Club CNHV<\/p>\n<p>En esta prueba,&nbsp;destacamos la primera participaci\u00f3n de Marina Lopez Casanova y Sandra Prat Prat del Club CAS &nbsp;que con un total de 5.665 pts, 6 peces y 3&nbsp;especies logro clasificarse en 12\u00ba posici\u00f3n.<\/p>\n<p>Como siempre se viene realizando en este tipo de eventos, el pescado capturado &nbsp;fue entregado al comedor social de Bonavista , ASSOC.SOCIOEDUCATIVA JOVENTUT i VIDA &nbsp;que actualmente da comidas a unas 260 personas diariamente.<\/p>\n<p><a href=\"https:\/\/goo.gl\/photos\/AkDEGiEiMbFTghbd7\">La direcci\u00f3n de la assoc. agradec\u00eda a todos los participantes,&nbsp;con un emotivo discurso, la donaci\u00f3n de pescado fresco de calidad.<\/a><\/p>\nngg_shortcode_0_placeholder\n<p>&nbsp;<\/p>\n<p>Visita al comedor Social de &nbsp;la Asociaci\u00f3n Juventut y Vida<\/p>\nngg_shortcode_1_placeholder\n<p>&nbsp;<\/p>","protected":false},"excerpt":{"rendered":"<p>&nbsp; Xavi Blanco gana la III selectiva del campeonato de Catalu\u00f1a individual de pesca submarina. Aunque la II selectiva no se ha celebrado por diversas circunstancias, el pasado domingo d\u00eda [&hellip;] <a href=\"https:\/\/old.cnhv.net\/?page_id=12658\" rel=\"bookmark\">more<\/a><\/p>\n","protected":false},"author":1,"featured_media":0,"parent":12650,"menu_order":3,"comment_status":"closed","ping_status":"closed","template":"pg-tpl-no-sidebars.php","meta":{"ngg_post_thumbnail":0},"_links":{"self":[{"href":"https:\/\/old.cnhv.net\/index.php?rest_route=\/wp\/v2\/pages\/12658"}],"collection":[{"href":"https:\/\/old.cnhv.net\/index.php?rest_route=\/wp\/v2\/pages"}],"about":[{"href":"https:\/\/old.cnhv.net\/index.php?rest_route=\/wp\/v2\/types\/page"}],"author":[{"embeddable":true,"href":"https:\/\/old.cnhv.net\/index.php?rest_route=\/wp\/v2\/users\/1"}],"replies":[{"embeddable":true,"href":"https:\/\/old.cnhv.net\/index.php?rest_route=%2Fwp%2Fv2%2Fcomments&post=12658"}],"version-history":[{"count":1,"href":"https:\/\/old.cnhv.net\/index.php?rest_route=\/wp\/v2\/pages\/12658\/revisions"}],"predecessor-version":[{"id":12659,"href":"https:\/\/old.cnhv.net\/index.php?rest_route=\/wp\/v2\/pages\/12658\/revisions\/12659"}],"up":[{"embeddable":true,"href":"https:\/\/old.cnhv.net\/index.php?rest_route=\/wp\/v2\/pages\/12650"}],"wp:attachment":[{"href":"https:\/\/old.cnhv.net\/index.php?rest_route=%2Fwp%2Fv2%2Fmedia&parent=12658"}],"curies":[{"name":"wp","href":"https:\/\/api.w.org\/{rel}","templated":true}]}}