
{"id":12660,"date":"2017-10-29T19:29:51","date_gmt":"2017-10-29T19:29:51","guid":{"rendered":"http:\/\/www.cnhv.net\/?page_id=12660"},"modified":"2017-10-29T19:29:51","modified_gmt":"2017-10-29T19:29:51","slug":"ia-selectiva-josep-noguera-2017-pescasub","status":"publish","type":"page","link":"https:\/\/old.cnhv.net\/?page_id=12660","title":{"rendered":"I\u00aa Selectiva Josep Noguera 2017 PescaSub"},"content":{"rendered":"<p>Oscar Hidalgo se alza ganador de la I selectiva Josep Noguera del campeonato de Catalu\u00f1a individual de pesca submarina 2017.<u><\/u><u><\/u><\/p>\n<p>El pasado domingo d\u00eda 19 de marzo se celebr\u00f3 en aguas de Girona la I selectiva del campeonato de Catalu\u00f1a de pesca submarina.<u><\/u><u><\/u><\/p>\n<p>La prueba se celebr\u00f3 en Tamariu y estaba comprendida entre punta de Es Plom y punta Sa Rubia, contaba con una participaci\u00f3n\u00a0de sesenta y seis participantes.<u><\/u><u><\/u><\/p>\n<p>El d\u00eda amanec\u00eda tranquilo con sol y una mar en calma aunque con aguas fr\u00edas. La competici\u00f3n di\u00f3 comienzo a las 9:30 en la cual el bou empez\u00f3 a dejar a los competidores en las distintas paradas de la zona de competici\u00f3n.<u><\/u><u><\/u><\/p>\n<p>Finalizada la prueba y como siempre la cosa parec\u00eda muy ajustada entre los primeros pescadores.<u><\/u><u><\/u><\/p>\n<p>El primer clasificado fue Oscar Hidalgo de SKAPHOS con un total de 20.570 pts y 16 peces.<u><\/u><u><\/u><\/p>\n<p>Segundo clasificado fue Eloy Mart\u00ednez del CNHV con un total de 18.460 pts y \u00a020 peces.<u><\/u><u><\/u><\/p>\n<p>El tercer clasificado fue Xavi Blanco del SPAS con un total 16.480 pts y 17 peces.<u><\/u><u><\/u><\/p>\n<p>La pieza mayor de la jornada fue para Oscar Hidalgo que captur\u00f3 un hermoso mero de 5.110kg que le ayud\u00f3 a conseguir la victoria.<u><\/u><u><\/u><\/p>\n<p>Entre nuestros socios destacamos la 17\u00ba posici\u00f3n de Manuel G\u00e1lvez con un total de 7.385 pts y 8 peces y la de nuestro \u00fanico debutante apuntado a esta prueba Sergi Marcos clasificado en 4\u00ba posici\u00f3n con un total de \u00a03.055 pts y 3 capturas.<u><\/u><u><\/u><\/p>\n<p>El resto de nuestros socios no tuvieron mucha suerte en estas aguas siempre complicadas de Girona y clasificaron entre la posici\u00f3n 29\u00ba Joan Roig y la 43\u00ba de Oriol Borras.<u><\/u><u><\/u><\/p>\n<p>La pr\u00f3xima prueba \u00a0se celebrar\u00e1 el d\u00eda dos de abril en \u00a0Platja de Aro ( Girona ).<u><\/u><u><\/u><\/p>\n<p><a href=\"https:\/\/goo.gl\/photos\/1Hg3Uy2kui8gk9MSA\">Ver fotos<\/a><\/p>","protected":false},"excerpt":{"rendered":"<p>Oscar Hidalgo se alza ganador de la I selectiva Josep Noguera del campeonato de Catalu\u00f1a individual de pesca submarina 2017. El pasado domingo d\u00eda 19 de marzo se celebr\u00f3 en [&hellip;] <a href=\"https:\/\/old.cnhv.net\/?page_id=12660\" rel=\"bookmark\">more<\/a><\/p>\n","protected":false},"author":1,"featured_media":0,"parent":12650,"menu_order":4,"comment_status":"closed","ping_status":"closed","template":"pg-tpl-no-sidebars.php","meta":{"ngg_post_thumbnail":0},"_links":{"self":[{"href":"https:\/\/old.cnhv.net\/index.php?rest_route=\/wp\/v2\/pages\/12660"}],"collection":[{"href":"https:\/\/old.cnhv.net\/index.php?rest_route=\/wp\/v2\/pages"}],"about":[{"href":"https:\/\/old.cnhv.net\/index.php?rest_route=\/wp\/v2\/types\/page"}],"author":[{"embeddable":true,"href":"https:\/\/old.cnhv.net\/index.php?rest_route=\/wp\/v2\/users\/1"}],"replies":[{"embeddable":true,"href":"https:\/\/old.cnhv.net\/index.php?rest_route=%2Fwp%2Fv2%2Fcomments&post=12660"}],"version-history":[{"count":1,"href":"https:\/\/old.cnhv.net\/index.php?rest_route=\/wp\/v2\/pages\/12660\/revisions"}],"predecessor-version":[{"id":12661,"href":"https:\/\/old.cnhv.net\/index.php?rest_route=\/wp\/v2\/pages\/12660\/revisions\/12661"}],"up":[{"embeddable":true,"href":"https:\/\/old.cnhv.net\/index.php?rest_route=\/wp\/v2\/pages\/12650"}],"wp:attachment":[{"href":"https:\/\/old.cnhv.net\/index.php?rest_route=%2Fwp%2Fv2%2Fmedia&parent=12660"}],"curies":[{"name":"wp","href":"https:\/\/api.w.org\/{rel}","templated":true}]}}