
{"id":12985,"date":"2018-02-06T21:46:05","date_gmt":"2018-02-06T21:46:05","guid":{"rendered":"http:\/\/www.cnhv.net\/?page_id=12985"},"modified":"2018-04-02T15:22:47","modified_gmt":"2018-04-02T15:22:47","slug":"25a-singladura-de-cruceros-costa-daurada-14-15-abril","status":"publish","type":"page","link":"https:\/\/old.cnhv.net\/?page_id=12985","title":{"rendered":"25\u00aa Singladura de cruceros Costa Daurada 14-15 Abril 2017"},"content":{"rendered":"<p><strong>La embarcaci\u00f3n Arosa del Club N\u00e1utico de Hospitalet-Vandell\u00f2s gana la 25a edici\u00f3n de las Singladuras Costa Dorada<\/strong><\/p>\n<p>La embarcaci\u00f3n Arosa del Club N\u00e1utico de&nbsp; Hospitalet-Vandell\u00f2s \u2013 de Fernando Garc\u00eda -, ganaba, el pasado s\u00e1bado, la 25a edici\u00f3n de Les Singladuras Costa Dorada, una de las regatas de cruceros con m\u00e1s tradici\u00f3n que organiza el Club N\u00e1utico Cambrils. En esta ocasi\u00f3n, la regata cont\u00f3 con 18 participantes.<\/p>\n<p>La competici\u00f3n empez\u00f3 el viernes con el registro de participantes de las 9 a&nbsp; las 11 de la ma\u00f1ana. A continuaci\u00f3n se hizo la reuni\u00f3n de patrones y a pesar del poco viento, la salida de la regata se hizo a la hora prevista, a las 12 del mediod\u00eda. El viento fue bajando y las condiciones hicieron que se retiraran cuatro embarcaciones. La primera jornada los trajo hasta l\u2019Ametlla, donde fueron llegando durante la tarde. S\u00e1bado empez\u00f3 con la visita a la piscifactor\u00eda Balfeg\u00f3 y la inmersi\u00f3n con atunes, adem\u00e1s de una degustaci\u00f3n gastron\u00f3mica. Una experiencia de la cual disfrutaron los participantes y acompa\u00f1antes.<\/p>\n<p>La salida de la segunda jornada sali\u00f3 puntual, a la una del mediod\u00eda. Esta vez&nbsp; con m\u00e1s viento de sudoeste. Aun as\u00ed, el viento se par\u00f3 en la zona de l&#8217;Hospitalet de l&#8217;Infant, en un momento decisivo para decidir las posiciones de la regata. La llegada fue bastante ajustada, puesto que s\u00f3lo separaban 40 minutos del primero al pen\u00faltimo clasificado. Finalmente, y por r\u00e1ting, el vencedor fue Arosa, del Club N\u00e1utico de Hospitalet\u2013Vandell\u00f2s, de Fernando Garc\u00eda.<\/p>\n<p><a href=\"http:\/\/www.cnhv.net\/wp-content\/uploads\/2017\/04\/Campionat_Cat_creuers.jpg\"><img decoding=\"async\" loading=\"lazy\" class=\"aligncenter size-full wp-image-10643\" src=\"http:\/\/www.cnhv.net\/wp-content\/uploads\/2017\/04\/Campionat_Cat_creuers.jpg\" alt=\"\" width=\"960\" height=\"650\" srcset=\"https:\/\/old.cnhv.net\/wp-content\/uploads\/2017\/04\/Campionat_Cat_creuers.jpg 960w, https:\/\/old.cnhv.net\/wp-content\/uploads\/2017\/04\/Campionat_Cat_creuers-300x203.jpg 300w, https:\/\/old.cnhv.net\/wp-content\/uploads\/2017\/04\/Campionat_Cat_creuers-768x520.jpg 768w, https:\/\/old.cnhv.net\/wp-content\/uploads\/2017\/04\/Campionat_Cat_creuers-100x68.jpg 100w\" sizes=\"(max-width: 960px) 100vw, 960px\" \/><\/a><\/p>\n<p>&nbsp;<\/p>","protected":false},"excerpt":{"rendered":"<p>La embarcaci\u00f3n Arosa del Club N\u00e1utico de Hospitalet-Vandell\u00f2s gana la 25a edici\u00f3n de las Singladuras Costa Dorada La embarcaci\u00f3n Arosa del Club N\u00e1utico de&nbsp; Hospitalet-Vandell\u00f2s \u2013 de Fernando Garc\u00eda -, [&hellip;] <a href=\"https:\/\/old.cnhv.net\/?page_id=12985\" rel=\"bookmark\">more<\/a><\/p>\n","protected":false},"author":1,"featured_media":0,"parent":10590,"menu_order":5,"comment_status":"closed","ping_status":"closed","template":"pg-tpl-no-sidebars.php","meta":{"ngg_post_thumbnail":0},"_links":{"self":[{"href":"https:\/\/old.cnhv.net\/index.php?rest_route=\/wp\/v2\/pages\/12985"}],"collection":[{"href":"https:\/\/old.cnhv.net\/index.php?rest_route=\/wp\/v2\/pages"}],"about":[{"href":"https:\/\/old.cnhv.net\/index.php?rest_route=\/wp\/v2\/types\/page"}],"author":[{"embeddable":true,"href":"https:\/\/old.cnhv.net\/index.php?rest_route=\/wp\/v2\/users\/1"}],"replies":[{"embeddable":true,"href":"https:\/\/old.cnhv.net\/index.php?rest_route=%2Fwp%2Fv2%2Fcomments&post=12985"}],"version-history":[{"count":4,"href":"https:\/\/old.cnhv.net\/index.php?rest_route=\/wp\/v2\/pages\/12985\/revisions"}],"predecessor-version":[{"id":13116,"href":"https:\/\/old.cnhv.net\/index.php?rest_route=\/wp\/v2\/pages\/12985\/revisions\/13116"}],"up":[{"embeddable":true,"href":"https:\/\/old.cnhv.net\/index.php?rest_route=\/wp\/v2\/pages\/10590"}],"wp:attachment":[{"href":"https:\/\/old.cnhv.net\/index.php?rest_route=%2Fwp%2Fv2%2Fmedia&parent=12985"}],"curies":[{"name":"wp","href":"https:\/\/api.w.org\/{rel}","templated":true}]}}