
{"id":13042,"date":"2018-03-11T19:01:30","date_gmt":"2018-03-11T19:01:30","guid":{"rendered":"http:\/\/www.cnhv.net\/?page_id=13042"},"modified":"2018-03-11T19:11:15","modified_gmt":"2018-03-11T19:11:15","slug":"vi-ultra-trail-del-mestral-cnhv","status":"publish","type":"page","link":"https:\/\/old.cnhv.net\/?page_id=13042","title":{"rendered":"VI ULTRA TRAIL DEL MESTRAL CNHV"},"content":{"rendered":"<p>El fin de semana del 4 y 5 de noviembre se celebr\u00f3 en aguas de nuestro club la VIII Regata Ultra Trail de Mestral de la clase windsurf. Primera prueba puntuable del circuito catal\u00e1n. La participaci\u00f3n fue muy alta, contando con un total de cuarenta y cinco regatistas repartidos en las clases Raceboard, RSx, Techno 293, Techno Plus e Iniciaci\u00f3n.<br \/>\nEl fin de semana empezaba con una meteo muy poco favorable ya qu\u00e9 daban muy poco viento para el s\u00e1bado y vientos muy fuertes para el domingo.<br \/>\nA sabiendas, el Comit\u00e9 de Regatas, encabezado por Jordi Palatzi hizo lo posible para disputar dos pruebas el s\u00e1bado con un viento muy suave de componente sur y as\u00ed llegar al domingo sabiendo qu\u00e9 la regata ya era v\u00e1lida. El domingo se confirmaron las previsiones y un fuerte viento de componente noroeste impidi\u00f3 qu\u00e9 pudi\u00e9ramos salir al agua. A la una del mediod\u00eda procedimos a la entrega de trofeos con la presencia de la regidora de deportes de nuestro pueblo, Cristina Borr\u00e0s, la representante de la federaci\u00f3n catalana de vela, Rosa Carrasco y Felipe Sanz, Manel Barreno e I\u00f1aki Ruiz c\u00f3mo representantes de nuestro Club.<\/p>\n<p><a href=\"http:\/\/www.cnhv.net\/wp-content\/uploads\/2017\/11\/P1-21.pdf\" class=\"mtli_attachment mtli_pdf\">Clasificaciones<\/a><\/p>\n<p><a href=\"http:\/\/iter-media.com\/fotos-viiultratrail\/\" target=\"_blank\" rel=\"noopener\">Fotos&nbsp; cedidas por iter-media&nbsp;<\/a>&nbsp; &nbsp; &nbsp;http:\/\/iter-media.com\/fotos-viiultratrail\/<\/p>\n<p>&nbsp;<\/p>\nngg_shortcode_0_placeholder\n<p>&nbsp;<\/p>","protected":false},"excerpt":{"rendered":"<p>El fin de semana del 4 y 5 de noviembre se celebr\u00f3 en aguas de nuestro club la VIII Regata Ultra Trail de Mestral de la clase windsurf. Primera prueba [&hellip;] <a href=\"https:\/\/old.cnhv.net\/?page_id=13042\" rel=\"bookmark\">more<\/a><\/p>\n","protected":false},"author":1,"featured_media":0,"parent":10590,"menu_order":7,"comment_status":"closed","ping_status":"closed","template":"pg-tpl-no-sidebars.php","meta":{"ngg_post_thumbnail":0},"_links":{"self":[{"href":"https:\/\/old.cnhv.net\/index.php?rest_route=\/wp\/v2\/pages\/13042"}],"collection":[{"href":"https:\/\/old.cnhv.net\/index.php?rest_route=\/wp\/v2\/pages"}],"about":[{"href":"https:\/\/old.cnhv.net\/index.php?rest_route=\/wp\/v2\/types\/page"}],"author":[{"embeddable":true,"href":"https:\/\/old.cnhv.net\/index.php?rest_route=\/wp\/v2\/users\/1"}],"replies":[{"embeddable":true,"href":"https:\/\/old.cnhv.net\/index.php?rest_route=%2Fwp%2Fv2%2Fcomments&post=13042"}],"version-history":[{"count":2,"href":"https:\/\/old.cnhv.net\/index.php?rest_route=\/wp\/v2\/pages\/13042\/revisions"}],"predecessor-version":[{"id":13044,"href":"https:\/\/old.cnhv.net\/index.php?rest_route=\/wp\/v2\/pages\/13042\/revisions\/13044"}],"up":[{"embeddable":true,"href":"https:\/\/old.cnhv.net\/index.php?rest_route=\/wp\/v2\/pages\/10590"}],"wp:attachment":[{"href":"https:\/\/old.cnhv.net\/index.php?rest_route=%2Fwp%2Fv2%2Fmedia&parent=13042"}],"curies":[{"name":"wp","href":"https:\/\/api.w.org\/{rel}","templated":true}]}}