
{"id":13061,"date":"2018-03-11T19:41:04","date_gmt":"2018-03-11T19:41:04","guid":{"rendered":"http:\/\/www.cnhv.net\/?page_id=13061"},"modified":"2018-03-11T19:41:04","modified_gmt":"2018-03-11T19:41:04","slug":"circuito-catalan-optimist-g2-y-g1-arenys-de-mar","status":"publish","type":"page","link":"https:\/\/old.cnhv.net\/?page_id=13061","title":{"rendered":"Circuito catal\u00e1n optimist G2 y G1, Arenys de Mar"},"content":{"rendered":"<p>El fin de semana del 21 y 22 de octubre se ha realizado en aguas del Club N\u00e0utic Arenys de Mar la primera regata puntuable del circuito catal\u00e1n de optimist G2 y G1. El s\u00e1bado pudimos disputar tres pruebas con un viento de intensidad media y componente sud. El domingo la previsi\u00f3n era mala pero poco a poco sali\u00f3 el sol y pudimos disputar las tres mangas restantes esta vez con un viento de componente oeste bastante rol\u00f3n. Fue el domingo el d\u00eda qu\u00e9 nuestros regatistas pudieron dar el m\u00e1ximo de sus posibilidades. Seguid as\u00ed chicos\/as!<\/p>\n<p><a href=\"http:\/\/www.cnhv.net\/wp-content\/uploads\/2017\/10\/G2_N2_Arenys_2017_FINAL.pdf\" class=\"mtli_attachment mtli_pdf\">G2_N2_Arenys_2017_Clasificac i\u00f3n<\/a><\/p>\n<p>ngg_shortcode_0_placeholder<\/p>","protected":false},"excerpt":{"rendered":"<p>El fin de semana del 21 y 22 de octubre se ha realizado en aguas del Club N\u00e0utic Arenys de Mar la primera regata puntuable del circuito catal\u00e1n de optimist [&hellip;] <a href=\"https:\/\/old.cnhv.net\/?page_id=13061\" rel=\"bookmark\">more<\/a><\/p>\n","protected":false},"author":1,"featured_media":0,"parent":10590,"menu_order":8,"comment_status":"closed","ping_status":"closed","template":"pg-tpl-no-sidebars.php","meta":{"ngg_post_thumbnail":0},"_links":{"self":[{"href":"https:\/\/old.cnhv.net\/index.php?rest_route=\/wp\/v2\/pages\/13061"}],"collection":[{"href":"https:\/\/old.cnhv.net\/index.php?rest_route=\/wp\/v2\/pages"}],"about":[{"href":"https:\/\/old.cnhv.net\/index.php?rest_route=\/wp\/v2\/types\/page"}],"author":[{"embeddable":true,"href":"https:\/\/old.cnhv.net\/index.php?rest_route=\/wp\/v2\/users\/1"}],"replies":[{"embeddable":true,"href":"https:\/\/old.cnhv.net\/index.php?rest_route=%2Fwp%2Fv2%2Fcomments&post=13061"}],"version-history":[{"count":1,"href":"https:\/\/old.cnhv.net\/index.php?rest_route=\/wp\/v2\/pages\/13061\/revisions"}],"predecessor-version":[{"id":13062,"href":"https:\/\/old.cnhv.net\/index.php?rest_route=\/wp\/v2\/pages\/13061\/revisions\/13062"}],"up":[{"embeddable":true,"href":"https:\/\/old.cnhv.net\/index.php?rest_route=\/wp\/v2\/pages\/10590"}],"wp:attachment":[{"href":"https:\/\/old.cnhv.net\/index.php?rest_route=%2Fwp%2Fv2%2Fmedia&parent=13061"}],"curies":[{"name":"wp","href":"https:\/\/api.w.org\/{rel}","templated":true}]}}