
{"id":13066,"date":"2018-03-11T21:39:31","date_gmt":"2018-03-11T21:39:31","guid":{"rendered":"http:\/\/www.cnhv.net\/?page_id=13066"},"modified":"2018-03-11T21:45:46","modified_gmt":"2018-03-11T21:45:46","slug":"copa-catalana-iii-trofeo-cnhv","status":"publish","type":"page","link":"https:\/\/old.cnhv.net\/?page_id=13066","title":{"rendered":"Copa Catalana-III Trofeu CNHV"},"content":{"rendered":"<p class=\"Poromisin\" style=\"margin-right: 57.0pt; text-align: justify; text-justify: inter-ideograph; tab-stops: 35.4pt 70.8pt 106.2pt 141.6pt 177.0pt 212.4pt 247.8pt 283.2pt 318.6pt 354.0pt 389.4pt 424.8pt 460.2pt;\">El dissabte 7 d&#8217;octubre es va portar a&nbsp;cap, en el terme municipal de L&#8217;Hospitalet de l&#8217;Infant, l&#8217;\u00faltima prova del circuit Catal\u00e0 de pesca submarina. A la prova van assistir 11 equips de tota la comunitat.<\/p>\n<p class=\"Poromisin\" style=\"margin-right: 57.0pt; text-align: justify; text-justify: inter-ideograph; tab-stops: 35.4pt 70.8pt 106.2pt 141.6pt 177.0pt 212.4pt 247.8pt 283.2pt 318.6pt 354.0pt 389.4pt 424.8pt 460.2pt;\">El dia clarejava ennuvolat, amb una mar en calma, encara que les previsions meteorol\u00f2giques anunciaven un lleuger canvi durant&nbsp;el transcurs del mat\u00ed.<\/p>\n<p class=\"Poromisin\" style=\"margin-right: 57.0pt; text-align: justify; text-justify: inter-ideograph; tab-stops: 35.4pt 70.8pt 106.2pt 141.6pt 177.0pt 212.4pt 247.8pt 283.2pt 318.6pt 354.0pt 389.4pt 424.8pt 460.2pt;\">La prova va donar comen\u00e7ament a les 9:20H i els equips disposarien de 6&nbsp;hores per aconseguir realitzar el major nombre de captures.<\/p>\n<p class=\"Poromisin\" style=\"margin-right: 57.0pt; text-align: justify; text-justify: inter-ideograph; tab-stops: 35.4pt 70.8pt 106.2pt 141.6pt 177.0pt 212.4pt 247.8pt 283.2pt 318.6pt 354.0pt 389.4pt 424.8pt 460.2pt;\">Transcorregudes 3 hores des de l&#8217;inici de la prova, les condicions en la mar comen\u00e7aven a complicar-se per als esportistes a causa d&#8217;un mar de fons que entrava de llevant i provocava corrents que van comen\u00e7ar a embrutar les aig\u00fces limitant m\u00e9s \u00e0dhuc el poder realitzar alguna captura.<\/p>\n<p class=\"Poromisin\" style=\"margin-right: 57.0pt; text-align: justify; text-justify: inter-ideograph; tab-stops: 35.4pt 70.8pt 106.2pt 141.6pt 177.0pt 212.4pt 247.8pt 283.2pt 318.6pt 354.0pt 389.4pt 424.8pt 460.2pt;\">Finalitzada la prova a les 15:20h tots els esportistes tornaven a port despr\u00e9s de passar pel punt de control i amb l&#8217;arribada a port es veia reflectit la duresa de la prova en la&nbsp;escassetat&nbsp;de captures.<\/p>\n<p class=\"Poromisin\" style=\"margin-right: 57.0pt; text-align: justify; text-justify: inter-ideograph; tab-stops: 35.4pt 70.8pt 106.2pt 141.6pt 177.0pt 212.4pt 247.8pt 283.2pt 318.6pt 354.0pt 389.4pt 424.8pt 460.2pt;\">El pesaje va donar comen\u00e7ament sobre les 16:30h i despr\u00e9s de pesar l&#8217;\u00faltim sac,&nbsp;l&#8217;equip del CNHV compost per Eloy Mart\u00ednez, Manuel G\u00e1lvez i Juan C. L\u00f3pez &nbsp;es proclamava campi\u00f3 amb&nbsp;16 captures, 7 esp\u00e8cies i un total de 22.275 punts.<\/p>\n<p class=\"Poromisin\" style=\"margin-right: 57.0pt; text-align: justify; text-justify: inter-ideograph; tab-stops: 35.4pt 70.8pt 106.2pt 141.6pt 177.0pt 212.4pt 247.8pt 283.2pt 318.6pt 354.0pt 389.4pt 424.8pt 460.2pt;\">El segon equip classificat, compost per Xavi Blanco, Roger Amat i Ram\u00f3n Hontanaya del SPAS aconseguien realitzar 11 captures de 3 esp\u00e8cies amb un total de 17.075 punts. L&#8217;\u00faltim equip a pujar-se al podi va ser l&#8217;equip del CNHV format per David Cueto, Xavi Ricardo i Albert Llao que van presentar 7 captures de 4 esp\u00e8cies que els van donar un total d&#8217;11.615 punts.<\/p>\n<p class=\"Poromisin\" style=\"margin-right: 57.0pt; text-align: justify; text-justify: inter-ideograph; tab-stops: 35.4pt 70.8pt 106.2pt 141.6pt 177.0pt 212.4pt 247.8pt 283.2pt 318.6pt 354.0pt 389.4pt 424.8pt 460.2pt;\">Una vegada acabat el pesaje com sempre es ve fent en aquest tipus de campionats, es va fer lliurament de tot el peix capturat al menjador social \u201cJuventut i Vida\u201d que actualment d\u00f3na de menjar a 260 persones tots els dies.<\/p>\n<p class=\"Poromisin\" style=\"margin-right: 57.0pt; text-align: justify; text-justify: inter-ideograph; tab-stops: 35.4pt 70.8pt 106.2pt 141.6pt 177.0pt 212.4pt 247.8pt 283.2pt 318.6pt 354.0pt 389.4pt 424.8pt 460.2pt;\">Finalitzada la competici\u00f3, l&#8217;organitzaci\u00f3 va oferir a tots els esportistes una estupenda barbacoa amb la qual es va donar per finalitzat el dia.<\/p>\n<p class=\"Poromisin\" style=\"margin-right: 57.0pt; text-align: justify; text-justify: inter-ideograph; tab-stops: 35.4pt 70.8pt 106.2pt 141.6pt 177.0pt 212.4pt 247.8pt 283.2pt 318.6pt 354.0pt 389.4pt 424.8pt 460.2pt;\">Amb aquest triomf, la secci\u00f3 esportiva de pesca submarina del Club N\u00e0utic Hospitalet Vandell\u00f2s aconsegueix al\u00e7ar-se amb la triple corona del circuit Catal\u00e0.<\/p>\n<p class=\"Poromisin\" style=\"margin-right: 57.0pt; text-align: justify; text-justify: inter-ideograph; tab-stops: 35.4pt 70.8pt 106.2pt 141.6pt 177.0pt 212.4pt 247.8pt 283.2pt 318.6pt 354.0pt 389.4pt 424.8pt 460.2pt;\">&nbsp;Campionat de Catalunya individual titulo aconseguit el 10 i 11 de juny a Matar\u00f3.<\/p>\n<p class=\"Poromisin\" style=\"margin-right: 57.0pt; text-align: justify; text-justify: inter-ideograph; tab-stops: 35.4pt 70.8pt 106.2pt 141.6pt 177.0pt 212.4pt 247.8pt 283.2pt 318.6pt 354.0pt 389.4pt 424.8pt 460.2pt;\">&nbsp;Campionat de Catalunya per equips t\u00edtol aconseguit el 27 de maig a Portbou&nbsp;<\/p>\n<p class=\"Poromisin\" style=\"margin-right: 57.0pt; text-align: justify; text-justify: inter-ideograph; tab-stops: 35.4pt 70.8pt 106.2pt 141.6pt 177.0pt 212.4pt 247.8pt 283.2pt 318.6pt 354.0pt 389.4pt 424.8pt 460.2pt;\">Campionat per Clubs titulo aconseguit el 7 d&#8217;octubre a L&#8217;Hospitalet de l&#8217;Infant.<\/p>\n<p><a onclick=\"window.open('http:\/\/www.youtube.com\/embed\/J-m1yoHGBNg?rel=0','','width=840,height=472');return false;\">veure documental<\/a><\/p>\nngg_shortcode_0_placeholder\n<p>&nbsp;<\/p>\n<p>&nbsp;<\/p>\n<p><a href=\"https:\/\/onedrive.live.com\/?authkey=%21AIqPVsrt2_w9_VA&amp;cid=8C64EF4DB8ED6394&amp;id=8C64EF4DB8ED6394%211502&amp;parId=8C64EF4DB8ED6394%21318&amp;o=OneUp\"><img decoding=\"async\" loading=\"lazy\" class=\"aligncenter size-full wp-image-12496\" src=\"http:\/\/www.cnhv.net\/wp-content\/uploads\/2017\/09\/Cartel-Copa-Catalana-III-trofeo-CNHV.001.jpeg\" alt=\"\" width=\"1000\" height=\"1381\" srcset=\"https:\/\/old.cnhv.net\/wp-content\/uploads\/2017\/09\/Cartel-Copa-Catalana-III-trofeo-CNHV.001.jpeg 1000w, https:\/\/old.cnhv.net\/wp-content\/uploads\/2017\/09\/Cartel-Copa-Catalana-III-trofeo-CNHV.001-217x300.jpeg 217w, https:\/\/old.cnhv.net\/wp-content\/uploads\/2017\/09\/Cartel-Copa-Catalana-III-trofeo-CNHV.001-768x1061.jpeg 768w, https:\/\/old.cnhv.net\/wp-content\/uploads\/2017\/09\/Cartel-Copa-Catalana-III-trofeo-CNHV.001-741x1024.jpeg 741w, https:\/\/old.cnhv.net\/wp-content\/uploads\/2017\/09\/Cartel-Copa-Catalana-III-trofeo-CNHV.001-72x100.jpeg 72w\" sizes=\"(max-width: 1000px) 100vw, 1000px\" \/><\/a><\/p>\n","protected":false},"excerpt":{"rendered":"<p>El dissabte 7 d&#8217;octubre es va portar a&nbsp;cap, en el terme municipal de L&#8217;Hospitalet de l&#8217;Infant, l&#8217;\u00faltima prova del circuit Catal\u00e0 de pesca submarina. A la prova van assistir 11 [&hellip;] <a href=\"https:\/\/old.cnhv.net\/?page_id=13066\" rel=\"bookmark\">more<\/a><\/p>\n","protected":false},"author":1,"featured_media":0,"parent":12650,"menu_order":6,"comment_status":"closed","ping_status":"closed","template":"pg-tpl-no-sidebars.php","meta":{"ngg_post_thumbnail":0},"_links":{"self":[{"href":"https:\/\/old.cnhv.net\/index.php?rest_route=\/wp\/v2\/pages\/13066"}],"collection":[{"href":"https:\/\/old.cnhv.net\/index.php?rest_route=\/wp\/v2\/pages"}],"about":[{"href":"https:\/\/old.cnhv.net\/index.php?rest_route=\/wp\/v2\/types\/page"}],"author":[{"embeddable":true,"href":"https:\/\/old.cnhv.net\/index.php?rest_route=\/wp\/v2\/users\/1"}],"replies":[{"embeddable":true,"href":"https:\/\/old.cnhv.net\/index.php?rest_route=%2Fwp%2Fv2%2Fcomments&post=13066"}],"version-history":[{"count":2,"href":"https:\/\/old.cnhv.net\/index.php?rest_route=\/wp\/v2\/pages\/13066\/revisions"}],"predecessor-version":[{"id":13070,"href":"https:\/\/old.cnhv.net\/index.php?rest_route=\/wp\/v2\/pages\/13066\/revisions\/13070"}],"up":[{"embeddable":true,"href":"https:\/\/old.cnhv.net\/index.php?rest_route=\/wp\/v2\/pages\/12650"}],"wp:attachment":[{"href":"https:\/\/old.cnhv.net\/index.php?rest_route=%2Fwp%2Fv2%2Fmedia&parent=13066"}],"curies":[{"name":"wp","href":"https:\/\/api.w.org\/{rel}","templated":true}]}}