
{"id":13422,"date":"2018-06-19T00:07:18","date_gmt":"2018-06-19T00:07:18","guid":{"rendered":"https:\/\/www.cnhv.net\/?page_id=13422"},"modified":"2022-10-27T13:55:19","modified_gmt":"2022-10-27T13:55:19","slug":"aviso-legal","status":"publish","type":"page","link":"https:\/\/old.cnhv.net\/?page_id=13422","title":{"rendered":"Aviso legal"},"content":{"rendered":"<p>Esta p\u00e1gina Web es propiedad de Club N\u00e0utic Hospitalet-Vandell\u00f2s con NIF G43059781 y domicilio en Moll Doctor Capella s\/n 43890 L\u2019Hospitalet de l\u2019Infant e Inscrita en el Consell Catal\u00e0 de l\u2019Esport&nbsp; n\u00ba 193<\/p>\n<p>Para cualquier consulta o propuesta, cont\u00e1ctenos en el e-mail:&nbsp; <a href=\"mailto:cnhv@cnhv.net\">cnhv@cnhv.net<\/a><\/p>\n<p>Esta p\u00e1gina Web se rige por la normativa exclusivamente aplicable en Espa\u00f1a y en espacio que comprende la Uni\u00f3n Europea, quedando sometida a ella, tanto nacionales como extranjeros que utilicen esta Web.<\/p>\n<p>El acceso a nuestra p\u00e1gina Web por parte del USUARIO es gratuito y est\u00e1 condicionado a la previa lectura y aceptaci\u00f3n integra, expresa y sin reservas de las presentes CONDICIONES GENERALES DE USO vigentes en el momento del acceso, que rogamos lea detenidamente. El USUARIO en el momento que utiliza nuestro portal, sus contenidos o servicios, acepta y se somete expresamente a las condiciones generales de uso del mismo. Si el usuario no estuviere de acuerdo con las presentes condiciones de uso, deber\u00e1 abstenerse de utilizar este portal y operar por medio del mismo.<\/p>\n<p>En cualquier momento podremos modificar la presentaci\u00f3n y configuraci\u00f3n de nuestra Web, ampliar o reducir servicios, e incluso suprimirla de la Red, as\u00ed como los servicios y contenidos prestados, todo ello de forma unilateral y sin previo aviso.<\/p>\n<ol>\n<li><strong> PROPIEDAD INTELECTUAL<\/strong><\/li>\n<\/ol>\n<p>Todos los contenidos, textos, im\u00e1genes, marcas y c\u00f3digos fuente son de nuestra propiedad o de terceros a los que se han adquirido sus derechos de explotaci\u00f3n, y est\u00e1n protegidos por los derechos de Propiedad Intelectual e Industrial.<\/p>\n<p>El usuario \u00fanicamente tiene derecho a un uso privado de los mismos, sin \u00e1nimo de lucro, y necesita autorizaci\u00f3n expresa para modificarlos, reproducirlos, explotarlos, distribuirlos o ejercer cualquier derecho perteneciente a su titular.<\/p>\n<ol>\n<li><strong> CONDICIONES DE ACCESO<\/strong><\/li>\n<\/ol>\n<p>El acceso a nuestra p\u00e1gina Web es gratuito y no exige previa suscripci\u00f3n o registro.<\/p>\n<p>El env\u00edo de datos personales implica la aceptaci\u00f3n expresa por parte del USUARIO de nuestra pol\u00edtica de privacidad, con la habilitaci\u00f3n del check respectivo en el momento del env\u00edo de sus datos.<\/p>\n<p>El usuario debe acceder a nuestra p\u00e1gina Web conforme a la buena fe, las normas de orden p\u00fablico y a las presentes Condiciones Generales de uso. El acceso a nuestro sitio Web se realiza bajo la propia y exclusiva responsabilidad del usuario, que responder\u00e1 en todo caso de los da\u00f1os y perjuicios que pueda causar a terceros o a nosotros mismos.<\/p>\n<p>Teniendo en cuenta la imposibilidad de control respecto a la informaci\u00f3n, contenidos y servicios que contengan otras p\u00e1ginas web a los que se pueda acceder a trav\u00e9s de los enlaces que nuestra p\u00e1gina web pueda poner a su disposici\u00f3n, le comunicamos que quedamos eximidos de cualquier responsabilidad por los da\u00f1os y perjuicios de toda clase que pudiesen derivar por la utilizaci\u00f3n de esas p\u00e1ginas web, ajenas a nuestra empresa, por parte del usuario.<\/p>\n<p><em>&nbsp;<\/em><\/p>\n<p>&nbsp;<\/p>\n<p>&nbsp;<\/p>\n<p>&nbsp;<\/p>","protected":false},"excerpt":{"rendered":"<p>Esta p\u00e1gina Web es propiedad de Club N\u00e0utic Hospitalet-Vandell\u00f2s con NIF G43059781 y domicilio en Moll Doctor Capella s\/n 43890 L\u2019Hospitalet de l\u2019Infant e Inscrita en el Consell Catal\u00e0 de [&hellip;] <a href=\"https:\/\/old.cnhv.net\/?page_id=13422\" rel=\"bookmark\">more<\/a><\/p>\n","protected":false},"author":1,"featured_media":0,"parent":0,"menu_order":0,"comment_status":"closed","ping_status":"closed","template":"","meta":{"ngg_post_thumbnail":0},"_links":{"self":[{"href":"https:\/\/old.cnhv.net\/index.php?rest_route=\/wp\/v2\/pages\/13422"}],"collection":[{"href":"https:\/\/old.cnhv.net\/index.php?rest_route=\/wp\/v2\/pages"}],"about":[{"href":"https:\/\/old.cnhv.net\/index.php?rest_route=\/wp\/v2\/types\/page"}],"author":[{"embeddable":true,"href":"https:\/\/old.cnhv.net\/index.php?rest_route=\/wp\/v2\/users\/1"}],"replies":[{"embeddable":true,"href":"https:\/\/old.cnhv.net\/index.php?rest_route=%2Fwp%2Fv2%2Fcomments&post=13422"}],"version-history":[{"count":4,"href":"https:\/\/old.cnhv.net\/index.php?rest_route=\/wp\/v2\/pages\/13422\/revisions"}],"predecessor-version":[{"id":18272,"href":"https:\/\/old.cnhv.net\/index.php?rest_route=\/wp\/v2\/pages\/13422\/revisions\/18272"}],"wp:attachment":[{"href":"https:\/\/old.cnhv.net\/index.php?rest_route=%2Fwp%2Fv2%2Fmedia&parent=13422"}],"curies":[{"name":"wp","href":"https:\/\/api.w.org\/{rel}","templated":true}]}}