
{"id":14953,"date":"2019-07-03T22:36:46","date_gmt":"2019-07-03T22:36:46","guid":{"rendered":"https:\/\/www.cnhv.net\/?page_id=14953"},"modified":"2021-07-02T15:05:00","modified_gmt":"2021-07-02T15:05:00","slug":"ii-trofeu-terres-del-mestral-rg65","status":"publish","type":"page","link":"https:\/\/old.cnhv.net\/?page_id=14953","title":{"rendered":"II Trofeu Terres del Mestral RG65"},"content":{"rendered":"<p><\/p>\n<p class=\"p1\"><span class=\"s1\">El pasado domingo 24 de Marzo tuvo lugar en el Club N\u00e0utic Hospitalet-Vandell\u00f2s la segunda edici\u00f3n de la regata \u00abTerres del Mestral RG65\u00bb.<\/span><\/p>\n<p class=\"p1\"><span class=\"s1\">Las condiciones fueron complicadas debido a la baja intensidad del viento, que causaron que la regata se alargara hasta primeras horas de la tarde.<\/span><\/p>\n<p class=\"p1\"><span class=\"s1\">En esta edici\u00f3n destacaron los siguientes participantes:<\/span><\/p>\n<p class=\"p1\"><span class=\"s1\"><b>Proto<\/b><\/span><\/p>\n<p class=\"p1\"><span class=\"s1\"><b>1r&nbsp;Jordi Cargol, Club Vela Palam\u00f3s<\/b><\/span><\/p>\n<p class=\"p1\"><span class=\"s1\"><b>2n&nbsp;I\u00f1aki Ruiz, Club N\u00e0utic Hospitalet-Vandell\u00f2s<\/b><\/span><\/p>\n<p class=\"p1\"><span class=\"s1\"><b>3r&nbsp;Josep M. S\u00e1nchez, Club N\u00e0utic Tamariu<\/b><\/span><\/p>\n<p class=\"p2\"><span class=\"s1\"><b>&nbsp;Serie<\/b><\/span><\/p>\n<p class=\"p1\"><span class=\"s1\"><b>1r&nbsp;Fernando Garc\u00eda, Club N\u00e0utic Hospitalet-Vandell\u00f2s<\/b><\/span><\/p>\n<p class=\"p1\"><span class=\"s1\"><b>2n&nbsp;Santi Alberto, Club N\u00e0utic Cambrils<\/b><\/span><\/p>\n<p class=\"p1\"><span class=\"s1\"><b>3r&nbsp;Jordi Planasdemunt, Club N\u00e0utic Garraf<\/b><\/span><\/p>\n<p>&nbsp;<\/p>\n<p><a href=\"https:\/\/www.cnhv.net\/wp-content\/uploads\/2019\/03\/WhatsApp-Image-2019-03-24-at-18.49.11.jpeg\"><img decoding=\"async\" loading=\"lazy\" class=\"aligncenter size-full wp-image-14726\" src=\"https:\/\/www.cnhv.net\/wp-content\/uploads\/2019\/03\/WhatsApp-Image-2019-03-24-at-18.49.11.jpeg\" alt=\"\" width=\"1600\" height=\"1200\" srcset=\"https:\/\/old.cnhv.net\/wp-content\/uploads\/2019\/03\/WhatsApp-Image-2019-03-24-at-18.49.11.jpeg 1600w, https:\/\/old.cnhv.net\/wp-content\/uploads\/2019\/03\/WhatsApp-Image-2019-03-24-at-18.49.11-300x225.jpeg 300w, https:\/\/old.cnhv.net\/wp-content\/uploads\/2019\/03\/WhatsApp-Image-2019-03-24-at-18.49.11-768x576.jpeg 768w, https:\/\/old.cnhv.net\/wp-content\/uploads\/2019\/03\/WhatsApp-Image-2019-03-24-at-18.49.11-1024x768.jpeg 1024w, https:\/\/old.cnhv.net\/wp-content\/uploads\/2019\/03\/WhatsApp-Image-2019-03-24-at-18.49.11-100x75.jpeg 100w\" sizes=\"(max-width: 1600px) 100vw, 1600px\" \/><\/a><\/p>","protected":false},"excerpt":{"rendered":"<p>El pasado domingo 24 de Marzo tuvo lugar en el Club N\u00e0utic Hospitalet-Vandell\u00f2s la segunda edici\u00f3n de la regata \u00abTerres del Mestral RG65\u00bb. Las condiciones fueron complicadas debido a la [&hellip;] <a href=\"https:\/\/old.cnhv.net\/?page_id=14953\" rel=\"bookmark\">more<\/a><\/p>\n","protected":false},"author":1,"featured_media":0,"parent":14933,"menu_order":7,"comment_status":"closed","ping_status":"closed","template":"pg-tpl-no-sidebars.php","meta":{"ngg_post_thumbnail":0},"_links":{"self":[{"href":"https:\/\/old.cnhv.net\/index.php?rest_route=\/wp\/v2\/pages\/14953"}],"collection":[{"href":"https:\/\/old.cnhv.net\/index.php?rest_route=\/wp\/v2\/pages"}],"about":[{"href":"https:\/\/old.cnhv.net\/index.php?rest_route=\/wp\/v2\/types\/page"}],"author":[{"embeddable":true,"href":"https:\/\/old.cnhv.net\/index.php?rest_route=\/wp\/v2\/users\/1"}],"replies":[{"embeddable":true,"href":"https:\/\/old.cnhv.net\/index.php?rest_route=%2Fwp%2Fv2%2Fcomments&post=14953"}],"version-history":[{"count":1,"href":"https:\/\/old.cnhv.net\/index.php?rest_route=\/wp\/v2\/pages\/14953\/revisions"}],"predecessor-version":[{"id":14954,"href":"https:\/\/old.cnhv.net\/index.php?rest_route=\/wp\/v2\/pages\/14953\/revisions\/14954"}],"up":[{"embeddable":true,"href":"https:\/\/old.cnhv.net\/index.php?rest_route=\/wp\/v2\/pages\/14933"}],"wp:attachment":[{"href":"https:\/\/old.cnhv.net\/index.php?rest_route=%2Fwp%2Fv2%2Fmedia&parent=14953"}],"curies":[{"name":"wp","href":"https:\/\/api.w.org\/{rel}","templated":true}]}}