
{"id":14959,"date":"2019-07-03T22:41:12","date_gmt":"2019-07-03T22:41:12","guid":{"rendered":"https:\/\/www.cnhv.net\/?page_id=14959"},"modified":"2022-01-08T16:20:52","modified_gmt":"2022-01-08T16:20:52","slug":"trofeu-els-salats","status":"publish","type":"page","link":"https:\/\/old.cnhv.net\/?page_id=14959","title":{"rendered":"Trofeu els Salats Classe Optimist"},"content":{"rendered":"<p style=\"font-weight: 400;\">\u201cEl passat cap de setmana 2 i 3 de Mar\u00e7 els regatistes de la classe Optimist del Club N\u00e0utic Hospitalet-Vandell\u00f2s van participar a la regata organitzada pel Club Mar\u00edtim Torredembarra. Les condicions van ser bastant bones el dissabte, entre 6 i 13 nusos d\u2019intensitat de vent, cosa que va permetre que l\u2019organitzaci\u00f3 realitz\u00e9s tres proves. No obstant, degut a la baixa intensitat del vent, diumenge no es v\u00e0ren poder realitzar totes les proves previstes.<\/p>\n<p style=\"font-weight: 400;\">D\u2019entre els regatistes premiats, cal destacar Andre Pinyol, que va aconseguir la 2\u00aa posici\u00f3 a la classificaci\u00f3 d\u2019Optimist G3.\u201d<\/p>\n<p><a href=\"https:\/\/www.cnhv.net\/wp-content\/uploads\/2019\/03\/Torredembarra-03-03-2019.jpeg\"><img decoding=\"async\" loading=\"lazy\" class=\"aligncenter size-full wp-image-14712\" src=\"https:\/\/www.cnhv.net\/wp-content\/uploads\/2019\/03\/Torredembarra-03-03-2019.jpeg\" alt=\"\" width=\"1600\" height=\"1200\" srcset=\"https:\/\/old.cnhv.net\/wp-content\/uploads\/2019\/03\/Torredembarra-03-03-2019.jpeg 1600w, https:\/\/old.cnhv.net\/wp-content\/uploads\/2019\/03\/Torredembarra-03-03-2019-300x225.jpeg 300w, https:\/\/old.cnhv.net\/wp-content\/uploads\/2019\/03\/Torredembarra-03-03-2019-768x576.jpeg 768w, https:\/\/old.cnhv.net\/wp-content\/uploads\/2019\/03\/Torredembarra-03-03-2019-1024x768.jpeg 1024w, https:\/\/old.cnhv.net\/wp-content\/uploads\/2019\/03\/Torredembarra-03-03-2019-100x75.jpeg 100w\" sizes=\"(max-width: 1600px) 100vw, 1600px\" \/><\/a><\/p>\n","protected":false},"excerpt":{"rendered":"<p>\u201cEl passat cap de setmana 2 i 3 de Mar\u00e7 els regatistes de la classe Optimist del Club N\u00e0utic Hospitalet-Vandell\u00f2s van participar a la regata organitzada pel Club Mar\u00edtim Torredembarra. [&hellip;] <a href=\"https:\/\/old.cnhv.net\/?page_id=14959\" rel=\"bookmark\">more<\/a><\/p>\n","protected":false},"author":1,"featured_media":0,"parent":14933,"menu_order":9,"comment_status":"closed","ping_status":"closed","template":"pg-tpl-no-sidebars.php","meta":{"ngg_post_thumbnail":0},"_links":{"self":[{"href":"https:\/\/old.cnhv.net\/index.php?rest_route=\/wp\/v2\/pages\/14959"}],"collection":[{"href":"https:\/\/old.cnhv.net\/index.php?rest_route=\/wp\/v2\/pages"}],"about":[{"href":"https:\/\/old.cnhv.net\/index.php?rest_route=\/wp\/v2\/types\/page"}],"author":[{"embeddable":true,"href":"https:\/\/old.cnhv.net\/index.php?rest_route=\/wp\/v2\/users\/1"}],"replies":[{"embeddable":true,"href":"https:\/\/old.cnhv.net\/index.php?rest_route=%2Fwp%2Fv2%2Fcomments&post=14959"}],"version-history":[{"count":3,"href":"https:\/\/old.cnhv.net\/index.php?rest_route=\/wp\/v2\/pages\/14959\/revisions"}],"predecessor-version":[{"id":17127,"href":"https:\/\/old.cnhv.net\/index.php?rest_route=\/wp\/v2\/pages\/14959\/revisions\/17127"}],"up":[{"embeddable":true,"href":"https:\/\/old.cnhv.net\/index.php?rest_route=\/wp\/v2\/pages\/14933"}],"wp:attachment":[{"href":"https:\/\/old.cnhv.net\/index.php?rest_route=%2Fwp%2Fv2%2Fmedia&parent=14959"}],"curies":[{"name":"wp","href":"https:\/\/api.w.org\/{rel}","templated":true}]}}