
{"id":14970,"date":"2019-07-04T16:35:06","date_gmt":"2019-07-04T16:35:06","guid":{"rendered":"https:\/\/www.cnhv.net\/?page_id=14970"},"modified":"2021-07-02T15:07:55","modified_gmt":"2021-07-02T15:07:55","slug":"iv-guixols-cup","status":"publish","type":"page","link":"https:\/\/old.cnhv.net\/?page_id=14970","title":{"rendered":"IV GU\u00cdXOLS CUP"},"content":{"rendered":"<p><\/p>\n<p style=\"font-weight: 400;\">El pasado fin de semanaq 23 y 24 de Febrero tuvo lugar la regata de Optimist IV GU\u00cdXOLS CUP. Con duras condiciones de mar y viento duras, los regatistas del Club N\u00e0utic Hospitalet-Vandell\u00f2s lucharon contra mar y corriente para conseguir navegar todas las pruebas.<\/p>\n<p style=\"font-weight: 400;\">El regatista de Optimist Gorka Ruiz consigui\u00f3 clasificarse 2\u00ba SUB11 del Grupo 2 de Optimist.<\/p>\n<p><a href=\"https:\/\/www.cnhv.net\/wp-content\/uploads\/2019\/03\/Optimist-Sant-Feliu-de-Gui\u0301xols-23-02-2019.jpeg\"><img decoding=\"async\" loading=\"lazy\" class=\"aligncenter size-full wp-image-14699\" src=\"https:\/\/www.cnhv.net\/wp-content\/uploads\/2019\/03\/Optimist-Sant-Feliu-de-Gui\u0301xols-23-02-2019.jpeg\" alt=\"\" width=\"1200\" height=\"1600\" srcset=\"https:\/\/old.cnhv.net\/wp-content\/uploads\/2019\/03\/Optimist-Sant-Feliu-de-Gui\u0301xols-23-02-2019.jpeg 1200w, https:\/\/old.cnhv.net\/wp-content\/uploads\/2019\/03\/Optimist-Sant-Feliu-de-Gui\u0301xols-23-02-2019-225x300.jpeg 225w, https:\/\/old.cnhv.net\/wp-content\/uploads\/2019\/03\/Optimist-Sant-Feliu-de-Gui\u0301xols-23-02-2019-768x1024.jpeg 768w, https:\/\/old.cnhv.net\/wp-content\/uploads\/2019\/03\/Optimist-Sant-Feliu-de-Gui\u0301xols-23-02-2019-75x100.jpeg 75w\" sizes=\"(max-width: 1200px) 100vw, 1200px\" \/><\/a><\/p>","protected":false},"excerpt":{"rendered":"<p>El pasado fin de semanaq 23 y 24 de Febrero tuvo lugar la regata de Optimist IV GU\u00cdXOLS CUP. Con duras condiciones de mar y viento duras, los regatistas del [&hellip;] <a href=\"https:\/\/old.cnhv.net\/?page_id=14970\" rel=\"bookmark\">more<\/a><\/p>\n","protected":false},"author":1,"featured_media":0,"parent":16118,"menu_order":1,"comment_status":"closed","ping_status":"closed","template":"pg-tpl-no-sidebars.php","meta":{"ngg_post_thumbnail":0},"_links":{"self":[{"href":"https:\/\/old.cnhv.net\/index.php?rest_route=\/wp\/v2\/pages\/14970"}],"collection":[{"href":"https:\/\/old.cnhv.net\/index.php?rest_route=\/wp\/v2\/pages"}],"about":[{"href":"https:\/\/old.cnhv.net\/index.php?rest_route=\/wp\/v2\/types\/page"}],"author":[{"embeddable":true,"href":"https:\/\/old.cnhv.net\/index.php?rest_route=\/wp\/v2\/users\/1"}],"replies":[{"embeddable":true,"href":"https:\/\/old.cnhv.net\/index.php?rest_route=%2Fwp%2Fv2%2Fcomments&post=14970"}],"version-history":[{"count":1,"href":"https:\/\/old.cnhv.net\/index.php?rest_route=\/wp\/v2\/pages\/14970\/revisions"}],"predecessor-version":[{"id":14971,"href":"https:\/\/old.cnhv.net\/index.php?rest_route=\/wp\/v2\/pages\/14970\/revisions\/14971"}],"up":[{"embeddable":true,"href":"https:\/\/old.cnhv.net\/index.php?rest_route=\/wp\/v2\/pages\/16118"}],"wp:attachment":[{"href":"https:\/\/old.cnhv.net\/index.php?rest_route=%2Fwp%2Fv2%2Fmedia&parent=14970"}],"curies":[{"name":"wp","href":"https:\/\/api.w.org\/{rel}","templated":true}]}}