
{"id":14972,"date":"2019-07-04T16:37:18","date_gmt":"2019-07-04T16:37:18","guid":{"rendered":"https:\/\/www.cnhv.net\/?page_id=14972"},"modified":"2021-07-02T15:05:00","modified_gmt":"2021-07-02T15:05:00","slug":"v-comunitat-valenciana-olympic-week","status":"publish","type":"page","link":"https:\/\/old.cnhv.net\/?page_id=14972","title":{"rendered":"V Comunitat Valenciana Olympic Week"},"content":{"rendered":"<p>Durante los d\u00edas 7, 8, 9 y 10 de Febrero 2019 tuvo lugar la V COMUNITAT VALENCIANA OLYMPIC WEEK, donde particip\u00f3 la regatista del Club N\u00e0utic Hospitalet-Vandell\u00f2s Miriam Mu\u00f1oz de la clase de vela adaptada 2.4mr, clasific\u00e1ndose en esta competici\u00f3n como 1\u00aa F\u00e9mina y 5\u00aa de la Clasificaci\u00f3n General.<\/p>\n<p style=\"font-weight: 400;\">Las jornadas tuvieron lugar con unas condiciones de viento medias de entre 10 y 16 nudos, muy t\u00e1cticas y estrat\u00e9gicas donde influy\u00f3 mucho el material de cada regatista.<\/p>\n<p style=\"font-weight: 400;\"><a href=\"https:\/\/www.cnhv.net\/wp-content\/uploads\/2019\/03\/CVOlympicWeek-10-02-2019.jpeg\"><img decoding=\"async\" loading=\"lazy\" class=\"aligncenter size-full wp-image-14696\" src=\"https:\/\/www.cnhv.net\/wp-content\/uploads\/2019\/03\/CVOlympicWeek-10-02-2019.jpeg\" alt=\"\" width=\"1600\" height=\"1200\" srcset=\"https:\/\/old.cnhv.net\/wp-content\/uploads\/2019\/03\/CVOlympicWeek-10-02-2019.jpeg 1600w, https:\/\/old.cnhv.net\/wp-content\/uploads\/2019\/03\/CVOlympicWeek-10-02-2019-300x225.jpeg 300w, https:\/\/old.cnhv.net\/wp-content\/uploads\/2019\/03\/CVOlympicWeek-10-02-2019-768x576.jpeg 768w, https:\/\/old.cnhv.net\/wp-content\/uploads\/2019\/03\/CVOlympicWeek-10-02-2019-1024x768.jpeg 1024w, https:\/\/old.cnhv.net\/wp-content\/uploads\/2019\/03\/CVOlympicWeek-10-02-2019-100x75.jpeg 100w\" sizes=\"(max-width: 1600px) 100vw, 1600px\" \/><\/a>Durante<\/p>\n<p><\/p>","protected":false},"excerpt":{"rendered":"<p>Durante los d\u00edas 7, 8, 9 y 10 de Febrero 2019 tuvo lugar la V COMUNITAT VALENCIANA OLYMPIC WEEK, donde particip\u00f3 la regatista del Club N\u00e0utic Hospitalet-Vandell\u00f2s Miriam Mu\u00f1oz de [&hellip;] <a href=\"https:\/\/old.cnhv.net\/?page_id=14972\" rel=\"bookmark\">more<\/a><\/p>\n","protected":false},"author":1,"featured_media":0,"parent":14933,"menu_order":10,"comment_status":"closed","ping_status":"closed","template":"pg-tpl-no-sidebars.php","meta":{"ngg_post_thumbnail":0},"_links":{"self":[{"href":"https:\/\/old.cnhv.net\/index.php?rest_route=\/wp\/v2\/pages\/14972"}],"collection":[{"href":"https:\/\/old.cnhv.net\/index.php?rest_route=\/wp\/v2\/pages"}],"about":[{"href":"https:\/\/old.cnhv.net\/index.php?rest_route=\/wp\/v2\/types\/page"}],"author":[{"embeddable":true,"href":"https:\/\/old.cnhv.net\/index.php?rest_route=\/wp\/v2\/users\/1"}],"replies":[{"embeddable":true,"href":"https:\/\/old.cnhv.net\/index.php?rest_route=%2Fwp%2Fv2%2Fcomments&post=14972"}],"version-history":[{"count":1,"href":"https:\/\/old.cnhv.net\/index.php?rest_route=\/wp\/v2\/pages\/14972\/revisions"}],"predecessor-version":[{"id":14973,"href":"https:\/\/old.cnhv.net\/index.php?rest_route=\/wp\/v2\/pages\/14972\/revisions\/14973"}],"up":[{"embeddable":true,"href":"https:\/\/old.cnhv.net\/index.php?rest_route=\/wp\/v2\/pages\/14933"}],"wp:attachment":[{"href":"https:\/\/old.cnhv.net\/index.php?rest_route=%2Fwp%2Fv2%2Fmedia&parent=14972"}],"curies":[{"name":"wp","href":"https:\/\/api.w.org\/{rel}","templated":true}]}}