
{"id":15139,"date":"2019-08-25T17:23:11","date_gmt":"2019-08-25T17:23:11","guid":{"rendered":"https:\/\/www.cnhv.net\/?page_id=15139"},"modified":"2019-08-25T17:23:11","modified_gmt":"2019-08-25T17:23:11","slug":"trofeo-pesca-currican-virgen-del-carmen-2018","status":"publish","type":"page","link":"https:\/\/old.cnhv.net\/?page_id=15139","title":{"rendered":"Trofeo Pesca Curric\u00e1n Virgen del Carmen 2018"},"content":{"rendered":"<p><\/p>\n<p style=\"text-align: center;\"><span style=\"font-size: 14pt; color: #666699;\">28 de Julio de 2018,&nbsp; Concurso de Pesca Curric\u00e1n Virgen del Carmen&nbsp;<\/span><\/p>\n<p>Con un d\u00eda muy caluroso despu\u00e9s de haber pasado el eclipse lunar mayor del siglo hemos dado comienzo a la temporada de Pesca al curric\u00e1n, la jornada a pesar de los pron\u00f3sticos fue bastante aceptable y el que dude que pregunte al compa\u00f1ero V\u00edctor Franco por el Dent\u00f3n de 4 Kg., como es habitual se cerr\u00f3 la jornada con una buena comida y la entrega de trofeos.<\/p>\n<p>Gracias a todos por vuestra asistencia<\/p>\n<p>&nbsp;<\/p>\n<p>ngg_shortcode_0_placeholder<a href=\"https:\/\/www.cnhv.net\/wp-content\/uploads\/2018\/07\/Cartel-pesca-trofeo-Virgen-del-Carmen-18-web1-1.jpg\"><img decoding=\"async\" loading=\"lazy\" class=\"aligncenter size-full wp-image-13464\" src=\"https:\/\/www.cnhv.net\/wp-content\/uploads\/2018\/07\/Cartel-pesca-trofeo-Virgen-del-Carmen-18-web1-1.jpg\" alt=\"\" width=\"1200\" height=\"1697\" srcset=\"https:\/\/old.cnhv.net\/wp-content\/uploads\/2018\/07\/Cartel-pesca-trofeo-Virgen-del-Carmen-18-web1-1.jpg 1200w, https:\/\/old.cnhv.net\/wp-content\/uploads\/2018\/07\/Cartel-pesca-trofeo-Virgen-del-Carmen-18-web1-1-212x300.jpg 212w, https:\/\/old.cnhv.net\/wp-content\/uploads\/2018\/07\/Cartel-pesca-trofeo-Virgen-del-Carmen-18-web1-1-768x1086.jpg 768w, https:\/\/old.cnhv.net\/wp-content\/uploads\/2018\/07\/Cartel-pesca-trofeo-Virgen-del-Carmen-18-web1-1-724x1024.jpg 724w, https:\/\/old.cnhv.net\/wp-content\/uploads\/2018\/07\/Cartel-pesca-trofeo-Virgen-del-Carmen-18-web1-1-71x100.jpg 71w\" sizes=\"(max-width: 1200px) 100vw, 1200px\" \/><\/a><\/p>\n<p>&nbsp;<\/p>\n<p>&nbsp;<\/p>","protected":false},"excerpt":{"rendered":"<p>28 de Julio de 2018,&nbsp; Concurso de Pesca Curric\u00e1n Virgen del Carmen&nbsp; Con un d\u00eda muy caluroso despu\u00e9s de haber pasado el eclipse lunar mayor del siglo hemos dado comienzo [&hellip;] <a href=\"https:\/\/old.cnhv.net\/?page_id=15139\" rel=\"bookmark\">more<\/a><\/p>\n","protected":false},"author":1,"featured_media":0,"parent":13137,"menu_order":0,"comment_status":"closed","ping_status":"closed","template":"pg-tpl-no-sidebars.php","meta":{"ngg_post_thumbnail":0},"_links":{"self":[{"href":"https:\/\/old.cnhv.net\/index.php?rest_route=\/wp\/v2\/pages\/15139"}],"collection":[{"href":"https:\/\/old.cnhv.net\/index.php?rest_route=\/wp\/v2\/pages"}],"about":[{"href":"https:\/\/old.cnhv.net\/index.php?rest_route=\/wp\/v2\/types\/page"}],"author":[{"embeddable":true,"href":"https:\/\/old.cnhv.net\/index.php?rest_route=\/wp\/v2\/users\/1"}],"replies":[{"embeddable":true,"href":"https:\/\/old.cnhv.net\/index.php?rest_route=%2Fwp%2Fv2%2Fcomments&post=15139"}],"version-history":[{"count":1,"href":"https:\/\/old.cnhv.net\/index.php?rest_route=\/wp\/v2\/pages\/15139\/revisions"}],"predecessor-version":[{"id":15140,"href":"https:\/\/old.cnhv.net\/index.php?rest_route=\/wp\/v2\/pages\/15139\/revisions\/15140"}],"up":[{"embeddable":true,"href":"https:\/\/old.cnhv.net\/index.php?rest_route=\/wp\/v2\/pages\/13137"}],"wp:attachment":[{"href":"https:\/\/old.cnhv.net\/index.php?rest_route=%2Fwp%2Fv2%2Fmedia&parent=15139"}],"curies":[{"name":"wp","href":"https:\/\/api.w.org\/{rel}","templated":true}]}}