
{"id":15147,"date":"2019-08-25T17:38:49","date_gmt":"2019-08-25T17:38:49","guid":{"rendered":"https:\/\/www.cnhv.net\/?page_id=15147"},"modified":"2022-01-08T10:54:16","modified_gmt":"2022-01-08T10:54:16","slug":"trofeo-pesca-currican-presidente-2018","status":"publish","type":"page","link":"https:\/\/old.cnhv.net\/?page_id=15147","title":{"rendered":"Trofeo Pesca Curric\u00e1n Presidente 2018"},"content":{"rendered":"<p><span class=\"s1\">Despu\u00e9s de una semana de mucho calor y con la temperatura del agua elevada y d\u00edas de tormenta se ha celebrado el Concurso de pesca al curric\u00e1n \u201cTrofeo Presidente\u201d, han participado en el mismo14 embarcaciones con pocas capturas pero como siempre mucha ilusi\u00f3n y ganas de pasar unas horas haciendo Club, esperemos a los pr\u00f3ximos.<\/span><\/p>\n<p class=\"p1\"><span class=\"s1\">Gracias por la participaci\u00f3n, esta ha sido la clasificaci\u00f3n:<\/span><\/p>\n<p class=\"p1\"><span class=\"s1\"><b>1<sup>er<\/sup>&nbsp; clasificado y Pieza Mayor, Ildefonso L\u00f3pez con la embarcaci\u00f3n<span class=\"Apple-converted-space\">&nbsp; <\/span>\u201cMi Moreneta\u201d<\/b><\/span><\/p>\n<p class=\"p1\"><span class=\"s1\"><b>2\u00ba Santiago Salinas con la embarcaci\u00f3n \u201cPirula\u201d<\/b><\/span><\/p>\n<p class=\"p1\"><span class=\"s1\"><b>3\u00ba David Sanchez con la embarcaci\u00f3n \u201cIvanain II\u201d<\/b><\/span><\/p>\nngg_shortcode_0_placeholder\n<p><a href=\"https:\/\/www.cnhv.net\/wp-content\/uploads\/2018\/08\/Cartel-pesca-4-trofeo-Presidente-18-web.jpg\"><img decoding=\"async\" loading=\"lazy\" class=\"aligncenter size-full wp-image-13728\" src=\"https:\/\/www.cnhv.net\/wp-content\/uploads\/2018\/08\/Cartel-pesca-4-trofeo-Presidente-18-web.jpg\" alt=\"\" width=\"1000\" height=\"1415\" srcset=\"https:\/\/old.cnhv.net\/wp-content\/uploads\/2018\/08\/Cartel-pesca-4-trofeo-Presidente-18-web.jpg 1000w, https:\/\/old.cnhv.net\/wp-content\/uploads\/2018\/08\/Cartel-pesca-4-trofeo-Presidente-18-web-212x300.jpg 212w, https:\/\/old.cnhv.net\/wp-content\/uploads\/2018\/08\/Cartel-pesca-4-trofeo-Presidente-18-web-768x1087.jpg 768w, https:\/\/old.cnhv.net\/wp-content\/uploads\/2018\/08\/Cartel-pesca-4-trofeo-Presidente-18-web-724x1024.jpg 724w, https:\/\/old.cnhv.net\/wp-content\/uploads\/2018\/08\/Cartel-pesca-4-trofeo-Presidente-18-web-71x100.jpg 71w\" sizes=\"(max-width: 1000px) 100vw, 1000px\" \/><\/a><\/p>","protected":false},"excerpt":{"rendered":"<p>Despu\u00e9s de una semana de mucho calor y con la temperatura del agua elevada y d\u00edas de tormenta se ha celebrado el Concurso de pesca al curric\u00e1n \u201cTrofeo Presidente\u201d, han [&hellip;] <a href=\"https:\/\/old.cnhv.net\/?page_id=15147\" rel=\"bookmark\">more<\/a><\/p>\n","protected":false},"author":1,"featured_media":0,"parent":13137,"menu_order":4,"comment_status":"closed","ping_status":"closed","template":"pg-tpl-no-sidebars.php","meta":{"ngg_post_thumbnail":0},"_links":{"self":[{"href":"https:\/\/old.cnhv.net\/index.php?rest_route=\/wp\/v2\/pages\/15147"}],"collection":[{"href":"https:\/\/old.cnhv.net\/index.php?rest_route=\/wp\/v2\/pages"}],"about":[{"href":"https:\/\/old.cnhv.net\/index.php?rest_route=\/wp\/v2\/types\/page"}],"author":[{"embeddable":true,"href":"https:\/\/old.cnhv.net\/index.php?rest_route=\/wp\/v2\/users\/1"}],"replies":[{"embeddable":true,"href":"https:\/\/old.cnhv.net\/index.php?rest_route=%2Fwp%2Fv2%2Fcomments&post=15147"}],"version-history":[{"count":1,"href":"https:\/\/old.cnhv.net\/index.php?rest_route=\/wp\/v2\/pages\/15147\/revisions"}],"predecessor-version":[{"id":15149,"href":"https:\/\/old.cnhv.net\/index.php?rest_route=\/wp\/v2\/pages\/15147\/revisions\/15149"}],"up":[{"embeddable":true,"href":"https:\/\/old.cnhv.net\/index.php?rest_route=\/wp\/v2\/pages\/13137"}],"wp:attachment":[{"href":"https:\/\/old.cnhv.net\/index.php?rest_route=%2Fwp%2Fv2%2Fmedia&parent=15147"}],"curies":[{"name":"wp","href":"https:\/\/api.w.org\/{rel}","templated":true}]}}