
{"id":15157,"date":"2019-08-25T18:01:47","date_gmt":"2019-08-25T18:01:47","guid":{"rendered":"https:\/\/www.cnhv.net\/?page_id=15157"},"modified":"2019-08-25T18:01:47","modified_gmt":"2019-08-25T18:01:47","slug":"vii-ultra-trail-del-mestral","status":"publish","type":"page","link":"https:\/\/old.cnhv.net\/?page_id=15157","title":{"rendered":"VII ULTRA TRAIL DEL MESTRAL"},"content":{"rendered":"<p><\/p>\n<p style=\"font-weight: 400;\">Finaliza la VII ULTRA TRAIL DEL MESTRAL organizada en el Club N\u00e0utic Hospitalet-Vandell\u00f2s para las clases RS:X, Raceboard, Techno Plus, Techno 293 Sub17, Techno 293 Sub15 y Techno Iniciaci\u00f3n, con una participaci\u00f3n de m\u00e1s de 40 regatistas del territorio Catal\u00e1n.<\/p>\n<p style=\"font-weight: 400;\">Despu\u00e9s de un intenso fin de semana de competici\u00f3n con unes condiciones de viento &nbsp;variables s\u00e1bado y Domingo ya tenemos el listado de ganadores:<\/p>\n<ul>\n<li style=\"font-weight: 400;\">1r Clasificado RS:X: Guillem Seg\u00fa (Club N\u00e0utic Salou)<\/li>\n<li style=\"font-weight: 400;\">2n Clasificado RS:X: Ferr\u00e1n Cornudella (Club N\u00e0utic El Bal\u00eds)<\/li>\n<li style=\"font-weight: 400;\">3r Clasificado RS:X: Jan Sanfeliu (Club Mar\u00edtim Altafulla)<\/li>\n<li style=\"font-weight: 400;\">1r Clasificado Raceboard: Ramon Batista (Club N\u00e0utic Salou)<\/li>\n<li style=\"font-weight: 400;\">2n Clasificado Raceboard: Laura Cabezas (Club N\u00e0utic Salou)<\/li>\n<li style=\"font-weight: 400;\">3r Clasificado Raceboard: Olivia Pujol (Club N\u00e0utic Salou)<\/li>\n<li style=\"font-weight: 400;\">1r Clasificado Techno Plus: Mar Ca\u00f1abate (club Mar\u00edtim Torredembarra)<\/li>\n<li style=\"font-weight: 400;\">2n Clasificado Techno Plus: Biel Moll (Club Mar\u00edtim Torredembarra)<\/li>\n<li style=\"font-weight: 400;\">3r Clasificado Techno Plus: Alexander Oriol (Club Mar\u00edtim Torredembarra)<\/li>\n<li style=\"font-weight: 400;\">1r Clasificado Techno Sub17: Xavier Jofre (Club N\u00e0utic Salou)<\/li>\n<li style=\"font-weight: 400;\">2n Clasificado Techno Sub17: Alex Mart\u00ed (Club N\u00e0utic Salou)<\/li>\n<li style=\"font-weight: 400;\">3r Clasificado Techno Sub17: Ariadna Barbier (Club N\u00e0utic Salou)<\/li>\n<li style=\"font-weight: 400;\">1r Clasificado Techno Sub15: Artur Antona (Club N\u00e0utic Salou)<\/li>\n<li style=\"font-weight: 400;\">2n Clasificado Techno Sub15: Bruno Guti\u00e9rrez (Club N\u00e0utic Hospitalet-Vandell\u00f2s)<\/li>\n<li style=\"font-weight: 400;\">1r Clasificado Iniciaci\u00f3n: Santiago Costa (Club N\u00e0utic El Bal\u00eds)<\/li>\n<li style=\"font-weight: 400;\">2n Clasificado Iniciaci\u00f3n: Julia G\u00f3mez (Club N\u00e0utic El Bal\u00eds)<\/li>\n<li style=\"font-weight: 400;\">3r Clasificado Iniciaci\u00f3n: Sandro Portune (Club N\u00e0utic Salou)<\/li>\n<\/ul>\n<p style=\"font-weight: 400;\">Clasificaciones completas en:<\/p>\n<p><a href=\"http:\/\/cnhv.sailti.com\/es\/default\/races\/race-resultsall\/text\/vii-ultra-trail-mestral-es\"><span style=\"font-weight: 400;\">http:\/\/cnhv.sailti.com\/es\/default\/races\/race-resultsall\/text\/vii-ultra-trail-mestral-es<\/span><\/a><\/p>\n<p><a href=\"https:\/\/www.cnhv.net\/?attachment_id=14576\" rel=\"attachment wp-att-14576\"><img decoding=\"async\" loading=\"lazy\" class=\"aligncenter size-full wp-image-14576\" src=\"https:\/\/www.cnhv.net\/wp-content\/uploads\/2018\/10\/VII-ULTRA-TRAIL-DEL-MESTRAL.png\" alt=\"\" width=\"884\" height=\"664\" srcset=\"https:\/\/old.cnhv.net\/wp-content\/uploads\/2018\/10\/VII-ULTRA-TRAIL-DEL-MESTRAL.png 884w, https:\/\/old.cnhv.net\/wp-content\/uploads\/2018\/10\/VII-ULTRA-TRAIL-DEL-MESTRAL-300x225.png 300w, https:\/\/old.cnhv.net\/wp-content\/uploads\/2018\/10\/VII-ULTRA-TRAIL-DEL-MESTRAL-768x577.png 768w, https:\/\/old.cnhv.net\/wp-content\/uploads\/2018\/10\/VII-ULTRA-TRAIL-DEL-MESTRAL-100x75.png 100w\" sizes=\"(max-width: 884px) 100vw, 884px\" \/><\/a><\/p>","protected":false},"excerpt":{"rendered":"<p>Finaliza la VII ULTRA TRAIL DEL MESTRAL organizada en el Club N\u00e0utic Hospitalet-Vandell\u00f2s para las clases RS:X, Raceboard, Techno Plus, Techno 293 Sub17, Techno 293 Sub15 y Techno Iniciaci\u00f3n, con [&hellip;] <a href=\"https:\/\/old.cnhv.net\/?page_id=15157\" rel=\"bookmark\">more<\/a><\/p>\n","protected":false},"author":1,"featured_media":0,"parent":14933,"menu_order":6,"comment_status":"closed","ping_status":"closed","template":"pg-tpl-no-sidebars.php","meta":{"ngg_post_thumbnail":0},"_links":{"self":[{"href":"https:\/\/old.cnhv.net\/index.php?rest_route=\/wp\/v2\/pages\/15157"}],"collection":[{"href":"https:\/\/old.cnhv.net\/index.php?rest_route=\/wp\/v2\/pages"}],"about":[{"href":"https:\/\/old.cnhv.net\/index.php?rest_route=\/wp\/v2\/types\/page"}],"author":[{"embeddable":true,"href":"https:\/\/old.cnhv.net\/index.php?rest_route=\/wp\/v2\/users\/1"}],"replies":[{"embeddable":true,"href":"https:\/\/old.cnhv.net\/index.php?rest_route=%2Fwp%2Fv2%2Fcomments&post=15157"}],"version-history":[{"count":1,"href":"https:\/\/old.cnhv.net\/index.php?rest_route=\/wp\/v2\/pages\/15157\/revisions"}],"predecessor-version":[{"id":15158,"href":"https:\/\/old.cnhv.net\/index.php?rest_route=\/wp\/v2\/pages\/15157\/revisions\/15158"}],"up":[{"embeddable":true,"href":"https:\/\/old.cnhv.net\/index.php?rest_route=\/wp\/v2\/pages\/14933"}],"wp:attachment":[{"href":"https:\/\/old.cnhv.net\/index.php?rest_route=%2Fwp%2Fv2%2Fmedia&parent=15157"}],"curies":[{"name":"wp","href":"https:\/\/api.w.org\/{rel}","templated":true}]}}