
{"id":15166,"date":"2019-08-27T20:52:07","date_gmt":"2019-08-27T20:52:07","guid":{"rendered":"https:\/\/www.cnhv.net\/?page_id=15166"},"modified":"2019-08-27T21:45:38","modified_gmt":"2019-08-27T21:45:38","slug":"circuit-catala-doptimist-cn-el-balis-2018","status":"publish","type":"page","link":"https:\/\/old.cnhv.net\/?page_id=15166","title":{"rendered":"Circuit Catal\u00e0 d\u2019Optimist CN El Bal\u00ecs 2018"},"content":{"rendered":"<p>Los regatistas de Optimist del Club N\u00e1utico Hospitalet-Vandell\u00f2s viajan al Club N\u00e1utico El Bal\u00eds a competir el pasado fin de semana 27 y 28 de Octubre, donde el regatista novel del Grupo 3 David Mu\u00f1oz se corona campe\u00f3n de una regata con condiciones duras de fr\u00edo, lluvia y viento suave.<\/p>\n<p>Muchas felicidades al Equipo de Regatas de Optimist!\u201d<\/p>\n<p><a href=\"https:\/\/www.cnhv.net\/?attachment_id=14586\" rel=\"attachment wp-att-14586\"><img decoding=\"async\" loading=\"lazy\" class=\"aligncenter size-full wp-image-14586\" src=\"https:\/\/www.cnhv.net\/wp-content\/uploads\/2018\/10\/WhatsApp-Image-2018-10-28-at-19.03.49.jpeg\" alt=\"\" width=\"1600\" height=\"1200\" srcset=\"https:\/\/old.cnhv.net\/wp-content\/uploads\/2018\/10\/WhatsApp-Image-2018-10-28-at-19.03.49.jpeg 1600w, https:\/\/old.cnhv.net\/wp-content\/uploads\/2018\/10\/WhatsApp-Image-2018-10-28-at-19.03.49-300x225.jpeg 300w, https:\/\/old.cnhv.net\/wp-content\/uploads\/2018\/10\/WhatsApp-Image-2018-10-28-at-19.03.49-768x576.jpeg 768w, https:\/\/old.cnhv.net\/wp-content\/uploads\/2018\/10\/WhatsApp-Image-2018-10-28-at-19.03.49-1024x768.jpeg 1024w, https:\/\/old.cnhv.net\/wp-content\/uploads\/2018\/10\/WhatsApp-Image-2018-10-28-at-19.03.49-100x75.jpeg 100w\" sizes=\"(max-width: 1600px) 100vw, 1600px\" \/><\/a><\/p>","protected":false},"excerpt":{"rendered":"<p>Los regatistas de Optimist del Club N\u00e1utico Hospitalet-Vandell\u00f2s viajan al Club N\u00e1utico El Bal\u00eds a competir el pasado fin de semana 27 y 28 de Octubre, donde el regatista novel [&hellip;] <a href=\"https:\/\/old.cnhv.net\/?page_id=15166\" rel=\"bookmark\">more<\/a><\/p>\n","protected":false},"author":1,"featured_media":0,"parent":14933,"menu_order":1,"comment_status":"closed","ping_status":"closed","template":"pg-tpl-no-sidebars.php","meta":{"ngg_post_thumbnail":0},"_links":{"self":[{"href":"https:\/\/old.cnhv.net\/index.php?rest_route=\/wp\/v2\/pages\/15166"}],"collection":[{"href":"https:\/\/old.cnhv.net\/index.php?rest_route=\/wp\/v2\/pages"}],"about":[{"href":"https:\/\/old.cnhv.net\/index.php?rest_route=\/wp\/v2\/types\/page"}],"author":[{"embeddable":true,"href":"https:\/\/old.cnhv.net\/index.php?rest_route=\/wp\/v2\/users\/1"}],"replies":[{"embeddable":true,"href":"https:\/\/old.cnhv.net\/index.php?rest_route=%2Fwp%2Fv2%2Fcomments&post=15166"}],"version-history":[{"count":2,"href":"https:\/\/old.cnhv.net\/index.php?rest_route=\/wp\/v2\/pages\/15166\/revisions"}],"predecessor-version":[{"id":15197,"href":"https:\/\/old.cnhv.net\/index.php?rest_route=\/wp\/v2\/pages\/15166\/revisions\/15197"}],"up":[{"embeddable":true,"href":"https:\/\/old.cnhv.net\/index.php?rest_route=\/wp\/v2\/pages\/14933"}],"wp:attachment":[{"href":"https:\/\/old.cnhv.net\/index.php?rest_route=%2Fwp%2Fv2%2Fmedia&parent=15166"}],"curies":[{"name":"wp","href":"https:\/\/api.w.org\/{rel}","templated":true}]}}