
{"id":15170,"date":"2019-08-27T21:06:35","date_gmt":"2019-08-27T21:06:35","guid":{"rendered":"https:\/\/www.cnhv.net\/?page_id=15170"},"modified":"2019-08-27T21:06:35","modified_gmt":"2019-08-27T21:06:35","slug":"xlii-regata-los-roques","status":"publish","type":"page","link":"https:\/\/old.cnhv.net\/?page_id=15170","title":{"rendered":"XLII REGATA LOS ROQUES"},"content":{"rendered":"<p>Finalitza la XLII REGATA LOS ROQUES \u2013 GRAN PREMIO PROTEGO \u2013 CAMPIONAT DE CATALUNYA RI \u2013 TROFEO RANC organitzada al Club N\u00e0utic Cambrils el passat 20 i 21 d\u2019Octubre de 2018, on es proclama guanyadora l\u2019embarcaci\u00f3 AROSA XI del Club N\u00e0utic Hospitalet-Vandell\u00f2s, el DEHLER 39 LK de Fernando Garc\u00eda Aragon\u00e9s.<\/p>\n<p>M\u00e9s resultats a:<\/p>\n<p><a href=\"http:\/\/clubnauticcambrils.sailti.com\/es\/default\/races\/race-results\/text\/xlii-regata-roques-gran-premio-protego-campionat-catalunya-ri-trofeo-ranc-es\/menuaction\/race\">http:\/\/clubnauticcambrils.sailti.com\/es\/default\/races\/race-results\/text\/xlii-regata-roques-gran-premio-protego-campionat-catalunya-ri-trofeo-ranc-es\/menuaction\/race<\/a> &nbsp;<\/p>\n<p><a href=\"https:\/\/www.cnhv.net\/?attachment_id=14580\" rel=\"attachment wp-att-14580\"><img decoding=\"async\" loading=\"lazy\" class=\"aligncenter size-full wp-image-14580\" src=\"https:\/\/www.cnhv.net\/wp-content\/uploads\/2018\/10\/XLII-REGATA-LOS-ROQUES-.png\" alt=\"\" width=\"884\" height=\"664\" srcset=\"https:\/\/old.cnhv.net\/wp-content\/uploads\/2018\/10\/XLII-REGATA-LOS-ROQUES-.png 884w, https:\/\/old.cnhv.net\/wp-content\/uploads\/2018\/10\/XLII-REGATA-LOS-ROQUES--300x225.png 300w, https:\/\/old.cnhv.net\/wp-content\/uploads\/2018\/10\/XLII-REGATA-LOS-ROQUES--768x577.png 768w, https:\/\/old.cnhv.net\/wp-content\/uploads\/2018\/10\/XLII-REGATA-LOS-ROQUES--100x75.png 100w\" sizes=\"(max-width: 884px) 100vw, 884px\" \/><\/a><\/p>","protected":false},"excerpt":{"rendered":"<p>Finalitza la XLII REGATA LOS ROQUES \u2013 GRAN PREMIO PROTEGO \u2013 CAMPIONAT DE CATALUNYA RI \u2013 TROFEO RANC organitzada al Club N\u00e0utic Cambrils el passat 20 i 21 d\u2019Octubre de [&hellip;] <a href=\"https:\/\/old.cnhv.net\/?page_id=15170\" rel=\"bookmark\">more<\/a><\/p>\n","protected":false},"author":1,"featured_media":0,"parent":14933,"menu_order":5,"comment_status":"closed","ping_status":"closed","template":"pg-tpl-no-sidebars.php","meta":{"ngg_post_thumbnail":0},"_links":{"self":[{"href":"https:\/\/old.cnhv.net\/index.php?rest_route=\/wp\/v2\/pages\/15170"}],"collection":[{"href":"https:\/\/old.cnhv.net\/index.php?rest_route=\/wp\/v2\/pages"}],"about":[{"href":"https:\/\/old.cnhv.net\/index.php?rest_route=\/wp\/v2\/types\/page"}],"author":[{"embeddable":true,"href":"https:\/\/old.cnhv.net\/index.php?rest_route=\/wp\/v2\/users\/1"}],"replies":[{"embeddable":true,"href":"https:\/\/old.cnhv.net\/index.php?rest_route=%2Fwp%2Fv2%2Fcomments&post=15170"}],"version-history":[{"count":1,"href":"https:\/\/old.cnhv.net\/index.php?rest_route=\/wp\/v2\/pages\/15170\/revisions"}],"predecessor-version":[{"id":15171,"href":"https:\/\/old.cnhv.net\/index.php?rest_route=\/wp\/v2\/pages\/15170\/revisions\/15171"}],"up":[{"embeddable":true,"href":"https:\/\/old.cnhv.net\/index.php?rest_route=\/wp\/v2\/pages\/14933"}],"wp:attachment":[{"href":"https:\/\/old.cnhv.net\/index.php?rest_route=%2Fwp%2Fv2%2Fmedia&parent=15170"}],"curies":[{"name":"wp","href":"https:\/\/api.w.org\/{rel}","templated":true}]}}