
{"id":15173,"date":"2019-08-27T21:11:44","date_gmt":"2019-08-27T21:11:44","guid":{"rendered":"https:\/\/www.cnhv.net\/?page_id=15173"},"modified":"2019-08-27T21:11:44","modified_gmt":"2019-08-27T21:11:44","slug":"31a-edicion-de-la-setmana-catalana-de-vela","status":"publish","type":"page","link":"https:\/\/old.cnhv.net\/?page_id=15173","title":{"rendered":"31\u00aa edici\u00f3n de la Setmana Catalana de Vela"},"content":{"rendered":"<p><\/p>\n<p class=\"p2\">Finaliza la XXXI Semana Catalana de Vela \u2013 Gran Premi de la Generalitat de Catalunya, celebrada en el municipio de <b>Vandell\u00f2s \u2013 l\u2019Hospitalet de l\u2019Infant <\/b>los d\u00edas 8 i 9 de septiembre.<\/p>\n<p><a href=\"https:\/\/www.cnhv.net\/?attachment_id=14365\" rel=\"attachment wp-att-14365\">NdP SCV Dia 1<\/a><\/p>\n<p><a href=\"https:\/\/www.cnhv.net\/?attachment_id=14366\" rel=\"attachment wp-att-14366\">NdP SCV<\/a><\/p>\n<div id=\"attachment_14369\" class=\"wp-caption aligncenter\" style=\"width: 3976px\"><a href=\"https:\/\/www.cnhv.net\/?attachment_id=14369\" rel=\"attachment wp-att-14369\"><img decoding=\"async\" loading=\"lazy\" class=\"size-full wp-image-14369\" src=\"https:\/\/www.cnhv.net\/wp-content\/uploads\/2018\/09\/scv-aigua.jpg\" alt=\"\" width=\"3968\" height=\"2272\" srcset=\"https:\/\/old.cnhv.net\/wp-content\/uploads\/2018\/09\/scv-aigua.jpg 3968w, https:\/\/old.cnhv.net\/wp-content\/uploads\/2018\/09\/scv-aigua-300x172.jpg 300w, https:\/\/old.cnhv.net\/wp-content\/uploads\/2018\/09\/scv-aigua-768x440.jpg 768w, https:\/\/old.cnhv.net\/wp-content\/uploads\/2018\/09\/scv-aigua-1024x586.jpg 1024w, https:\/\/old.cnhv.net\/wp-content\/uploads\/2018\/09\/scv-aigua-100x57.jpg 100w\" sizes=\"(max-width: 3968px) 100vw, 3968px\" \/><\/a><p class=\"wp-caption-text\">cof<\/p><\/div>\n<div id=\"attachment_14367\" class=\"wp-caption aligncenter\" style=\"width: 648px\"><a href=\"https:\/\/www.cnhv.net\/?attachment_id=14367\" rel=\"attachment wp-att-14367\"><img decoding=\"async\" loading=\"lazy\" class=\"size-full wp-image-14367\" src=\"https:\/\/www.cnhv.net\/wp-content\/uploads\/2018\/09\/SCV-OK.jpg\" alt=\"\" width=\"640\" height=\"474\" srcset=\"https:\/\/old.cnhv.net\/wp-content\/uploads\/2018\/09\/SCV-OK.jpg 640w, https:\/\/old.cnhv.net\/wp-content\/uploads\/2018\/09\/SCV-OK-300x222.jpg 300w, https:\/\/old.cnhv.net\/wp-content\/uploads\/2018\/09\/SCV-OK-100x74.jpg 100w\" sizes=\"(max-width: 640px) 100vw, 640px\" \/><\/a><p class=\"wp-caption-text\">cof<\/p><\/div>\n<div id=\"attachment_14368\" class=\"wp-caption aligncenter\" style=\"width: 2688px\"><a href=\"https:\/\/www.cnhv.net\/?attachment_id=14368\" rel=\"attachment wp-att-14368\"><img decoding=\"async\" loading=\"lazy\" class=\"size-full wp-image-14368\" src=\"https:\/\/www.cnhv.net\/wp-content\/uploads\/2018\/09\/SCV-podiumOK.jpg\" alt=\"\" width=\"2680\" height=\"2349\" srcset=\"https:\/\/old.cnhv.net\/wp-content\/uploads\/2018\/09\/SCV-podiumOK.jpg 2680w, https:\/\/old.cnhv.net\/wp-content\/uploads\/2018\/09\/SCV-podiumOK-300x263.jpg 300w, https:\/\/old.cnhv.net\/wp-content\/uploads\/2018\/09\/SCV-podiumOK-768x673.jpg 768w, https:\/\/old.cnhv.net\/wp-content\/uploads\/2018\/09\/SCV-podiumOK-1024x898.jpg 1024w, https:\/\/old.cnhv.net\/wp-content\/uploads\/2018\/09\/SCV-podiumOK-100x88.jpg 100w\" sizes=\"(max-width: 2680px) 100vw, 2680px\" \/><\/a><p class=\"wp-caption-text\">sdr<\/p><\/div>\n<p><span style=\"font-size: 14pt;\"><a href=\"http:\/\/cnhv.sailti.com\/es\/default\/races\">Ir a la web oficial de la Semana Catalan de Vela<\/a><\/span><\/p>\n<p style=\"font-weight: 400;\">El pasado dia 26 de julio en la Secretaria General de l\u2019Esport se firm\u00f3 el documento:<\/p>\n<p style=\"font-weight: 400;\">\u201cConvenio de Colaboraci\u00f3n Semana Catalana de Vela\u201d, entre la Generalitat, la Federaci\u00f3n Catalana de Vela, el Ayuntamiento de Vandell\u00f2s y l\u2019Hospitalet de l\u2019Infant y el Club N\u00e0utic Hospitalet-Vandell\u00f2s. Estamos convencidos que este importante evento tendr\u00e1 un impacto muy positivo para el Club y tambi\u00e9n para el Municipio.<\/p>\n<p style=\"font-weight: 400;\">El Club agradece las muestra de apoyo que, desde diferentes \u00e1mbitos est\u00e1 recibiendo,&nbsp; y har\u00e1 un gran esfuerzo para que esta Semana Catalana, que es de dos d\u00edas 8 y 9 de setiembre, &nbsp;sea todo un \u00e9xito.<\/p>\n<p><span style=\"font-size: 14pt;\"><a href=\"https:\/\/www.cnhv.net\/wp-content\/uploads\/2018\/07\/NdP-Presentacio\u0301n-Setmana-Catalana-de-Vela-ESP.pdf\" class=\"mtli_attachment mtli_pdf\">NdP Presentacio\u0301n Setmana Catalana de Vela<\/a><\/span><\/p>\n<p><span style=\"font-size: 14pt;\"><a href=\"http:\/\/cnhv.sailti.com\/es\/default\/races\">Ir a la web oficial de la Semana Catalan de Vela<\/a><\/span><\/p>\n<p>ngg_shortcode_0_placeholder<\/p>","protected":false},"excerpt":{"rendered":"<p>Finaliza la XXXI Semana Catalana de Vela \u2013 Gran Premi de la Generalitat de Catalunya, celebrada en el municipio de Vandell\u00f2s \u2013 l\u2019Hospitalet de l\u2019Infant los d\u00edas 8 i 9 [&hellip;] <a href=\"https:\/\/old.cnhv.net\/?page_id=15173\" rel=\"bookmark\">more<\/a><\/p>\n","protected":false},"author":1,"featured_media":0,"parent":14933,"menu_order":6,"comment_status":"closed","ping_status":"closed","template":"pg-tpl-no-sidebars.php","meta":{"ngg_post_thumbnail":0},"_links":{"self":[{"href":"https:\/\/old.cnhv.net\/index.php?rest_route=\/wp\/v2\/pages\/15173"}],"collection":[{"href":"https:\/\/old.cnhv.net\/index.php?rest_route=\/wp\/v2\/pages"}],"about":[{"href":"https:\/\/old.cnhv.net\/index.php?rest_route=\/wp\/v2\/types\/page"}],"author":[{"embeddable":true,"href":"https:\/\/old.cnhv.net\/index.php?rest_route=\/wp\/v2\/users\/1"}],"replies":[{"embeddable":true,"href":"https:\/\/old.cnhv.net\/index.php?rest_route=%2Fwp%2Fv2%2Fcomments&post=15173"}],"version-history":[{"count":1,"href":"https:\/\/old.cnhv.net\/index.php?rest_route=\/wp\/v2\/pages\/15173\/revisions"}],"predecessor-version":[{"id":15174,"href":"https:\/\/old.cnhv.net\/index.php?rest_route=\/wp\/v2\/pages\/15173\/revisions\/15174"}],"up":[{"embeddable":true,"href":"https:\/\/old.cnhv.net\/index.php?rest_route=\/wp\/v2\/pages\/14933"}],"wp:attachment":[{"href":"https:\/\/old.cnhv.net\/index.php?rest_route=%2Fwp%2Fv2%2Fmedia&parent=15173"}],"curies":[{"name":"wp","href":"https:\/\/api.w.org\/{rel}","templated":true}]}}