
{"id":15178,"date":"2019-08-27T21:18:40","date_gmt":"2019-08-27T21:18:40","guid":{"rendered":"https:\/\/www.cnhv.net\/?page_id=15178"},"modified":"2019-08-27T21:18:40","modified_gmt":"2019-08-27T21:18:40","slug":"regata-del-carmen-club-nautic-comaruga-28-29-julio-2018","status":"publish","type":"page","link":"https:\/\/old.cnhv.net\/?page_id=15178","title":{"rendered":"Regata del Carmen, Club N\u00e0utic Comaruga, 28-29 julio 2018"},"content":{"rendered":"<p>Tras dos d\u00edas de vientos suaves, corrientes fuertes y cuatro pruebas en la Regata del Carme organizada por el Club Nautic Coma-Ruga, que tuvo lugar el pasado fin de semana 28 y 29 de Julio 2018, Gorka Ruiz Casas se sube al tercer puesto del p\u00f3dium. Se destacan tambi\u00e9n Oleksandr Boyko, Olessya Boyko y Andre Pinyol, que participaron en su primera regata con estas t\u00e9cnicas condiciones de navegaci\u00f3n.<\/p>\n<p>ngg_shortcode_0_placeholder<\/p>","protected":false},"excerpt":{"rendered":"<p>Tras dos d\u00edas de vientos suaves, corrientes fuertes y cuatro pruebas en la Regata del Carme organizada por el Club Nautic Coma-Ruga, que tuvo lugar el pasado fin de semana [&hellip;] <a href=\"https:\/\/old.cnhv.net\/?page_id=15178\" rel=\"bookmark\">more<\/a><\/p>\n","protected":false},"author":1,"featured_media":0,"parent":14933,"menu_order":4,"comment_status":"closed","ping_status":"closed","template":"pg-tpl-no-sidebars.php","meta":{"ngg_post_thumbnail":0},"_links":{"self":[{"href":"https:\/\/old.cnhv.net\/index.php?rest_route=\/wp\/v2\/pages\/15178"}],"collection":[{"href":"https:\/\/old.cnhv.net\/index.php?rest_route=\/wp\/v2\/pages"}],"about":[{"href":"https:\/\/old.cnhv.net\/index.php?rest_route=\/wp\/v2\/types\/page"}],"author":[{"embeddable":true,"href":"https:\/\/old.cnhv.net\/index.php?rest_route=\/wp\/v2\/users\/1"}],"replies":[{"embeddable":true,"href":"https:\/\/old.cnhv.net\/index.php?rest_route=%2Fwp%2Fv2%2Fcomments&post=15178"}],"version-history":[{"count":1,"href":"https:\/\/old.cnhv.net\/index.php?rest_route=\/wp\/v2\/pages\/15178\/revisions"}],"predecessor-version":[{"id":15179,"href":"https:\/\/old.cnhv.net\/index.php?rest_route=\/wp\/v2\/pages\/15178\/revisions\/15179"}],"up":[{"embeddable":true,"href":"https:\/\/old.cnhv.net\/index.php?rest_route=\/wp\/v2\/pages\/14933"}],"wp:attachment":[{"href":"https:\/\/old.cnhv.net\/index.php?rest_route=%2Fwp%2Fv2%2Fmedia&parent=15178"}],"curies":[{"name":"wp","href":"https:\/\/api.w.org\/{rel}","templated":true}]}}