
{"id":15180,"date":"2019-08-27T21:21:17","date_gmt":"2019-08-27T21:21:17","guid":{"rendered":"https:\/\/www.cnhv.net\/?page_id=15180"},"modified":"2019-08-27T21:21:17","modified_gmt":"2019-08-27T21:21:17","slug":"catala-i-trofeu-rg65-radio-control-2018","status":"publish","type":"page","link":"https:\/\/old.cnhv.net\/?page_id=15180","title":{"rendered":"(catala) I Trofeu RG65 (radio control) 2018"},"content":{"rendered":"<p><\/p>\n<p style=\"font-weight: 400;\">El pasado domingo 17 de junio, el Club N\u00e0utic Hospitalet-Vandell\u00f2s ha organizado el I Trofeo RG65. El evento se realiz\u00f3 con vientos irregulares y fuertes de componente principal noroeste, sin embargo, cont\u00f3 con mucha participaci\u00f3n, entre la que estaban el CNGarraf, el RCNValencia, el CVPalam\u00f3s, el CN&nbsp;\u200b\u200bCambrils y el CNTamariu.<\/p>\n<p style=\"font-weight: 400;\">En PROTO se proclam\u00f3 campe\u00f3n a Oriol Fuente del &nbsp;CN Cambrils, seguido de Jordi &nbsp;Tornillo del &nbsp;CVPalam\u00f3s y de V\u00edctor Izquierdo del RCNValencia.<\/p>\n<p style=\"font-weight: 400;\">En SERIE lider\u00f3 la clasificaci\u00f3n Miquel Colomer del CNGarraf, seguido de Santi Alberto y Alfonso, ambos del CN&nbsp;\u200b\u200bCambrils.<\/p>\n<p style=\"font-weight: 400;\">&nbsp;<\/p>\n<p style=\"font-weight: 400;\">Diumenge passat 17 de juny, el Club N\u00e0utic Hospitalet-Vandell\u00f2s &nbsp;va organitzar l&#8217;I Trofeu RG65. L&#8217;esdeveniment es va realitzar amb vents irregulars i forts de component principal nord-oest, no obstant aix\u00f2, va comptar amb molta participaci\u00f3, entre la qual estaven el CNGarraf, el RCNValencia, el CVPalam\u00f3s, el CN \u200b\u200bCambrils i el CNTamariu.<br \/>\nEn PROTO es va proclamar campi\u00f3 a Oriol Font del CN Cambrils, seguit de Jordi Tornillo del CVPalam\u00f3s i de V\u00edctor Esquerre del RCNValencia.<br \/>\nEn S\u00c8RIE va liderar la classificaci\u00f3 Miquel Colomer del CNGarraf, seguit de Santi Alberto i Alfonso, tots dos del CN \u200b\u200bCambrils.<\/p>\n<p style=\"font-weight: 400;\">&nbsp;<\/p>\n<p>ngg_shortcode_0_placeholder<\/p>","protected":false},"excerpt":{"rendered":"<p>El pasado domingo 17 de junio, el Club N\u00e0utic Hospitalet-Vandell\u00f2s ha organizado el I Trofeo RG65. El evento se realiz\u00f3 con vientos irregulares y fuertes de componente principal noroeste, sin [&hellip;] <a href=\"https:\/\/old.cnhv.net\/?page_id=15180\" rel=\"bookmark\">more<\/a><\/p>\n","protected":false},"author":1,"featured_media":0,"parent":14933,"menu_order":8,"comment_status":"closed","ping_status":"closed","template":"pg-tpl-no-sidebars.php","meta":{"ngg_post_thumbnail":0},"_links":{"self":[{"href":"https:\/\/old.cnhv.net\/index.php?rest_route=\/wp\/v2\/pages\/15180"}],"collection":[{"href":"https:\/\/old.cnhv.net\/index.php?rest_route=\/wp\/v2\/pages"}],"about":[{"href":"https:\/\/old.cnhv.net\/index.php?rest_route=\/wp\/v2\/types\/page"}],"author":[{"embeddable":true,"href":"https:\/\/old.cnhv.net\/index.php?rest_route=\/wp\/v2\/users\/1"}],"replies":[{"embeddable":true,"href":"https:\/\/old.cnhv.net\/index.php?rest_route=%2Fwp%2Fv2%2Fcomments&post=15180"}],"version-history":[{"count":1,"href":"https:\/\/old.cnhv.net\/index.php?rest_route=\/wp\/v2\/pages\/15180\/revisions"}],"predecessor-version":[{"id":15181,"href":"https:\/\/old.cnhv.net\/index.php?rest_route=\/wp\/v2\/pages\/15180\/revisions\/15181"}],"up":[{"embeddable":true,"href":"https:\/\/old.cnhv.net\/index.php?rest_route=\/wp\/v2\/pages\/14933"}],"wp:attachment":[{"href":"https:\/\/old.cnhv.net\/index.php?rest_route=%2Fwp%2Fv2%2Fmedia&parent=15180"}],"curies":[{"name":"wp","href":"https:\/\/api.w.org\/{rel}","templated":true}]}}