
{"id":15183,"date":"2019-08-27T21:25:32","date_gmt":"2019-08-27T21:25:32","guid":{"rendered":"https:\/\/www.cnhv.net\/?page_id=15183"},"modified":"2019-08-27T21:25:32","modified_gmt":"2019-08-27T21:25:32","slug":"regata-de-windsurf-en-el-cnblanes-2018","status":"publish","type":"page","link":"https:\/\/old.cnhv.net\/?page_id=15183","title":{"rendered":"Regata de Windsurf en el CNBlanes 2018"},"content":{"rendered":"<p>El 3 y 4 de Marzo de 2018 los regatistas de Techno293 del CNHV participaron en la regata organizada por el CN Blanes, donde el joven deportista Bruno Guti\u00e9rrez logr\u00f3 el tercer puesto en la categor\u00eda Techno 293 Sub 15 con unas condiciones de viento un tanto variables que provocaron roturas de material en tierra.<\/p>\n<p style=\"text-align: left;\"><a href=\"https:\/\/www.cnhv.net\/?attachment_id=13354\" rel=\"attachment wp-att-13354\"><img decoding=\"async\" loading=\"lazy\" class=\"wp-image-13354 size-large aligncenter\" src=\"https:\/\/www.cnhv.net\/wp-content\/uploads\/2018\/06\/Marzo-3-2018-1024x634.jpg\" alt=\"\" width=\"640\" height=\"396\" srcset=\"https:\/\/old.cnhv.net\/wp-content\/uploads\/2018\/06\/Marzo-3-2018-1024x634.jpg 1024w, https:\/\/old.cnhv.net\/wp-content\/uploads\/2018\/06\/Marzo-3-2018-300x186.jpg 300w, https:\/\/old.cnhv.net\/wp-content\/uploads\/2018\/06\/Marzo-3-2018-768x476.jpg 768w, https:\/\/old.cnhv.net\/wp-content\/uploads\/2018\/06\/Marzo-3-2018-100x62.jpg 100w, https:\/\/old.cnhv.net\/wp-content\/uploads\/2018\/06\/Marzo-3-2018.jpg 1080w\" sizes=\"(max-width: 640px) 100vw, 640px\" \/><\/a><\/p>\n<p>&nbsp;<\/p>\n<p><a href=\"https:\/\/www.cnhv.net\/?attachment_id=13355\" rel=\"attachment wp-att-13355\"><img decoding=\"async\" loading=\"lazy\" class=\"aligncenter wp-image-13355 size-large\" src=\"https:\/\/www.cnhv.net\/wp-content\/uploads\/2018\/06\/Marzo-2-2018-1024x768.jpg\" alt=\"\" width=\"640\" height=\"480\" srcset=\"https:\/\/old.cnhv.net\/wp-content\/uploads\/2018\/06\/Marzo-2-2018-1024x768.jpg 1024w, https:\/\/old.cnhv.net\/wp-content\/uploads\/2018\/06\/Marzo-2-2018-300x225.jpg 300w, https:\/\/old.cnhv.net\/wp-content\/uploads\/2018\/06\/Marzo-2-2018-768x576.jpg 768w, https:\/\/old.cnhv.net\/wp-content\/uploads\/2018\/06\/Marzo-2-2018-100x75.jpg 100w\" sizes=\"(max-width: 640px) 100vw, 640px\" \/><\/a><br \/>\n&nbsp;<\/p>","protected":false},"excerpt":{"rendered":"<p>El 3 y 4 de Marzo de 2018 los regatistas de Techno293 del CNHV participaron en la regata organizada por el CN Blanes, donde el joven deportista Bruno Guti\u00e9rrez logr\u00f3 [&hellip;] <a href=\"https:\/\/old.cnhv.net\/?page_id=15183\" rel=\"bookmark\">more<\/a><\/p>\n","protected":false},"author":1,"featured_media":0,"parent":14933,"menu_order":3,"comment_status":"closed","ping_status":"closed","template":"pg-tpl-no-sidebars.php","meta":{"ngg_post_thumbnail":0},"_links":{"self":[{"href":"https:\/\/old.cnhv.net\/index.php?rest_route=\/wp\/v2\/pages\/15183"}],"collection":[{"href":"https:\/\/old.cnhv.net\/index.php?rest_route=\/wp\/v2\/pages"}],"about":[{"href":"https:\/\/old.cnhv.net\/index.php?rest_route=\/wp\/v2\/types\/page"}],"author":[{"embeddable":true,"href":"https:\/\/old.cnhv.net\/index.php?rest_route=\/wp\/v2\/users\/1"}],"replies":[{"embeddable":true,"href":"https:\/\/old.cnhv.net\/index.php?rest_route=%2Fwp%2Fv2%2Fcomments&post=15183"}],"version-history":[{"count":1,"href":"https:\/\/old.cnhv.net\/index.php?rest_route=\/wp\/v2\/pages\/15183\/revisions"}],"predecessor-version":[{"id":15184,"href":"https:\/\/old.cnhv.net\/index.php?rest_route=\/wp\/v2\/pages\/15183\/revisions\/15184"}],"up":[{"embeddable":true,"href":"https:\/\/old.cnhv.net\/index.php?rest_route=\/wp\/v2\/pages\/14933"}],"wp:attachment":[{"href":"https:\/\/old.cnhv.net\/index.php?rest_route=%2Fwp%2Fv2%2Fmedia&parent=15183"}],"curies":[{"name":"wp","href":"https:\/\/api.w.org\/{rel}","templated":true}]}}