
{"id":15194,"date":"2019-08-27T21:39:01","date_gmt":"2019-08-27T21:39:01","guid":{"rendered":"https:\/\/www.cnhv.net\/?page_id=15194"},"modified":"2019-08-27T21:39:01","modified_gmt":"2019-08-27T21:39:01","slug":"semana-catalana-de-vela-2018","status":"publish","type":"page","link":"https:\/\/old.cnhv.net\/?page_id=15194","title":{"rendered":"Semana Catalana de Vela 2018"},"content":{"rendered":"<p>El 2 de agosto de 2018, se firm\u00f3 el convenio de colaboraci\u00f3n Club N\u00e1utic Ayuntamiento para llevar a t\u00e9rmino la Semana Catalana de Vela, que se celebrar\u00e1 los d\u00edas 8 y 9 de septiembre.<\/p>\n<p>ngg_shortcode_0_placeholder<\/p>","protected":false},"excerpt":{"rendered":"<p>El 2 de agosto de 2018, se firm\u00f3 el convenio de colaboraci\u00f3n Club N\u00e1utic Ayuntamiento para llevar a t\u00e9rmino la Semana Catalana de Vela, que se celebrar\u00e1 los d\u00edas 8 [&hellip;] <a href=\"https:\/\/old.cnhv.net\/?page_id=15194\" rel=\"bookmark\">more<\/a><\/p>\n","protected":false},"author":1,"featured_media":0,"parent":14933,"menu_order":6,"comment_status":"closed","ping_status":"closed","template":"pg-tpl-no-sidebars.php","meta":{"ngg_post_thumbnail":0},"_links":{"self":[{"href":"https:\/\/old.cnhv.net\/index.php?rest_route=\/wp\/v2\/pages\/15194"}],"collection":[{"href":"https:\/\/old.cnhv.net\/index.php?rest_route=\/wp\/v2\/pages"}],"about":[{"href":"https:\/\/old.cnhv.net\/index.php?rest_route=\/wp\/v2\/types\/page"}],"author":[{"embeddable":true,"href":"https:\/\/old.cnhv.net\/index.php?rest_route=\/wp\/v2\/users\/1"}],"replies":[{"embeddable":true,"href":"https:\/\/old.cnhv.net\/index.php?rest_route=%2Fwp%2Fv2%2Fcomments&post=15194"}],"version-history":[{"count":1,"href":"https:\/\/old.cnhv.net\/index.php?rest_route=\/wp\/v2\/pages\/15194\/revisions"}],"predecessor-version":[{"id":15195,"href":"https:\/\/old.cnhv.net\/index.php?rest_route=\/wp\/v2\/pages\/15194\/revisions\/15195"}],"up":[{"embeddable":true,"href":"https:\/\/old.cnhv.net\/index.php?rest_route=\/wp\/v2\/pages\/14933"}],"wp:attachment":[{"href":"https:\/\/old.cnhv.net\/index.php?rest_route=%2Fwp%2Fv2%2Fmedia&parent=15194"}],"curies":[{"name":"wp","href":"https:\/\/api.w.org\/{rel}","templated":true}]}}