
{"id":15204,"date":"2019-08-28T21:32:48","date_gmt":"2019-08-28T21:32:48","guid":{"rendered":"https:\/\/www.cnhv.net\/?page_id=15204"},"modified":"2019-08-28T21:32:48","modified_gmt":"2019-08-28T21:32:48","slug":"cto-cataluna-individual-de-pescasub-2018","status":"publish","type":"page","link":"https:\/\/old.cnhv.net\/?page_id=15204","title":{"rendered":"Cto. Catalu\u00f1a individual de PescaSub. 2018"},"content":{"rendered":"<p>ngg_shortcode_0_placeholder<\/p>\n<p>Ayer domingo d\u00eda 20 de Mayo 2018, se celebro la segunda y ultima manga del Campeonato de Catalu\u00f1a individual de pesca submarina.<\/p>\n<p>El d\u00eda amaneci\u00f3 con una mar en calma pero con aguas sucias y una ligera corriente lo que impidi\u00f3 a los deportistas pescar a mucha profundidad.<\/p>\n<p>Tras lo sucedido en la jornada anterior en la cual el Pescador Xavi Blanco realizaba una buena manga y se alejaba un poco mas de sus perseguidores, en esta segunda, no le resultar\u00eda tan f\u00e1cil lograr la victoria.<\/p>\n<p>Con el pesaje del ultimo saco de pescado, el vencedor de esta ultima prueba fue Manuel G\u00e1lvez del CNHV, que lograba realizar 25 capturas logrando 33.850 puntos y aunque no seria suficiente para arrebatarle el puesto al 1\u00ba clasificado si le aseguraba el subcampeonato y pase al campeonato de Espa\u00f1a que se celebrara los pr\u00f3ximos 23 y 24 de Junio en Gij\u00f3n.<\/p>","protected":false},"excerpt":{"rendered":"<p>\u00bb order_by=\u00bbsortorder\u00bb order_direction=\u00bbASC\u00bb returns=\u00bbincluded\u00bb maximum_entity_count=\u00bb500&#8243;] Ayer domingo d\u00eda 20 de Mayo 2018, se celebro la segunda y ultima manga del Campeonato de Catalu\u00f1a individual de pesca submarina. El d\u00eda amaneci\u00f3 [&hellip;] <a href=\"https:\/\/old.cnhv.net\/?page_id=15204\" rel=\"bookmark\">more<\/a><\/p>\n","protected":false},"author":1,"featured_media":0,"parent":15198,"menu_order":1,"comment_status":"closed","ping_status":"closed","template":"pg-tpl-no-sidebars.php","meta":{"ngg_post_thumbnail":0},"_links":{"self":[{"href":"https:\/\/old.cnhv.net\/index.php?rest_route=\/wp\/v2\/pages\/15204"}],"collection":[{"href":"https:\/\/old.cnhv.net\/index.php?rest_route=\/wp\/v2\/pages"}],"about":[{"href":"https:\/\/old.cnhv.net\/index.php?rest_route=\/wp\/v2\/types\/page"}],"author":[{"embeddable":true,"href":"https:\/\/old.cnhv.net\/index.php?rest_route=\/wp\/v2\/users\/1"}],"replies":[{"embeddable":true,"href":"https:\/\/old.cnhv.net\/index.php?rest_route=%2Fwp%2Fv2%2Fcomments&post=15204"}],"version-history":[{"count":1,"href":"https:\/\/old.cnhv.net\/index.php?rest_route=\/wp\/v2\/pages\/15204\/revisions"}],"predecessor-version":[{"id":15206,"href":"https:\/\/old.cnhv.net\/index.php?rest_route=\/wp\/v2\/pages\/15204\/revisions\/15206"}],"up":[{"embeddable":true,"href":"https:\/\/old.cnhv.net\/index.php?rest_route=\/wp\/v2\/pages\/15198"}],"wp:attachment":[{"href":"https:\/\/old.cnhv.net\/index.php?rest_route=%2Fwp%2Fv2%2Fmedia&parent=15204"}],"curies":[{"name":"wp","href":"https:\/\/api.w.org\/{rel}","templated":true}]}}