
{"id":15232,"date":"2019-08-30T21:05:44","date_gmt":"2019-08-30T21:05:44","guid":{"rendered":"https:\/\/www.cnhv.net\/?page_id=15232"},"modified":"2019-08-30T21:31:40","modified_gmt":"2019-08-30T21:31:40","slug":"bandera-azul-2018","status":"publish","type":"page","link":"https:\/\/old.cnhv.net\/?page_id=15232","title":{"rendered":"Bandera Azul 2018"},"content":{"rendered":"<p><span class=\"m_638467542578295511gmail-s1\">En el Club N\u00e0utic del Garraf, se han entregado los galardones de Bandera Azul a los Puertos Deportivos y Playas del litoral Catalan y un a\u00f1o m\u00e1s El Club N\u00e0utic Hospitalet Vandell\u00f2s, ha sido merecedor de este galard\u00f3n, pudiendo hoy celebrar el 25 Aniversario de forma consecutiva que ha ondeado en nuestro puerto dicha Bandera,&nbsp;<\/span><\/p>\n<p><span class=\"m_638467542578295511gmail-s1\">Desde la Junta Directiva felicitar a los usuarios del Puerto y empleados por ser vosotros los que contribu\u00eds para poder conseguirlo<\/span><\/p>\n<p style=\"font-weight: 400;\">&nbsp;<\/p>\n<p><a href=\"https:\/\/www.cnhv.net\/?attachment_id=13362\" rel=\"attachment wp-att-13362\"><img decoding=\"async\" loading=\"lazy\" class=\"aligncenter wp-image-13362 size-medium\" src=\"https:\/\/www.cnhv.net\/wp-content\/uploads\/2018\/06\/Bandera-Azul-2018-a-300x225.jpeg\" alt=\"\" width=\"300\" height=\"225\" srcset=\"https:\/\/old.cnhv.net\/wp-content\/uploads\/2018\/06\/Bandera-Azul-2018-a-300x225.jpeg 300w, https:\/\/old.cnhv.net\/wp-content\/uploads\/2018\/06\/Bandera-Azul-2018-a-768x576.jpeg 768w, https:\/\/old.cnhv.net\/wp-content\/uploads\/2018\/06\/Bandera-Azul-2018-a.jpeg 1024w, https:\/\/old.cnhv.net\/wp-content\/uploads\/2018\/06\/Bandera-Azul-2018-a-100x75.jpeg 100w\" sizes=\"(max-width: 300px) 100vw, 300px\" \/><\/a><a href=\"https:\/\/www.cnhv.net\/?attachment_id=13363\" rel=\"attachment wp-att-13363\"><img decoding=\"async\" loading=\"lazy\" class=\"aligncenter wp-image-13363 size-medium\" src=\"https:\/\/www.cnhv.net\/wp-content\/uploads\/2018\/06\/Bandera-Azul-2018-b-300x169.jpeg\" alt=\"\" width=\"300\" height=\"169\" srcset=\"https:\/\/old.cnhv.net\/wp-content\/uploads\/2018\/06\/Bandera-Azul-2018-b-300x169.jpeg 300w, https:\/\/old.cnhv.net\/wp-content\/uploads\/2018\/06\/Bandera-Azul-2018-b-768x432.jpeg 768w, https:\/\/old.cnhv.net\/wp-content\/uploads\/2018\/06\/Bandera-Azul-2018-b-1024x576.jpeg 1024w, https:\/\/old.cnhv.net\/wp-content\/uploads\/2018\/06\/Bandera-Azul-2018-b-100x56.jpeg 100w, https:\/\/old.cnhv.net\/wp-content\/uploads\/2018\/06\/Bandera-Azul-2018-b.jpeg 1599w\" sizes=\"(max-width: 300px) 100vw, 300px\" \/><\/a><a href=\"https:\/\/www.cnhv.net\/?attachment_id=13364\" rel=\"attachment wp-att-13364\"><img decoding=\"async\" loading=\"lazy\" class=\"aligncenter wp-image-13364 size-medium\" src=\"https:\/\/www.cnhv.net\/wp-content\/uploads\/2018\/06\/Bandera-Azul-2018-c-300x225.jpeg\" alt=\"\" width=\"300\" height=\"225\" srcset=\"https:\/\/old.cnhv.net\/wp-content\/uploads\/2018\/06\/Bandera-Azul-2018-c-300x225.jpeg 300w, https:\/\/old.cnhv.net\/wp-content\/uploads\/2018\/06\/Bandera-Azul-2018-c-768x576.jpeg 768w, https:\/\/old.cnhv.net\/wp-content\/uploads\/2018\/06\/Bandera-Azul-2018-c-1024x768.jpeg 1024w, https:\/\/old.cnhv.net\/wp-content\/uploads\/2018\/06\/Bandera-Azul-2018-c-100x75.jpeg 100w, https:\/\/old.cnhv.net\/wp-content\/uploads\/2018\/06\/Bandera-Azul-2018-c.jpeg 1600w\" sizes=\"(max-width: 300px) 100vw, 300px\" \/><\/a><\/p>","protected":false},"excerpt":{"rendered":"<p>En el Club N\u00e0utic del Garraf, se han entregado los galardones de Bandera Azul a los Puertos Deportivos y Playas del litoral Catalan y un a\u00f1o m\u00e1s El Club N\u00e0utic [&hellip;] <a href=\"https:\/\/old.cnhv.net\/?page_id=15232\" rel=\"bookmark\">more<\/a><\/p>\n","protected":false},"author":1,"featured_media":0,"parent":15223,"menu_order":1,"comment_status":"closed","ping_status":"closed","template":"pg-tpl-no-sidebars.php","meta":{"ngg_post_thumbnail":0},"_links":{"self":[{"href":"https:\/\/old.cnhv.net\/index.php?rest_route=\/wp\/v2\/pages\/15232"}],"collection":[{"href":"https:\/\/old.cnhv.net\/index.php?rest_route=\/wp\/v2\/pages"}],"about":[{"href":"https:\/\/old.cnhv.net\/index.php?rest_route=\/wp\/v2\/types\/page"}],"author":[{"embeddable":true,"href":"https:\/\/old.cnhv.net\/index.php?rest_route=\/wp\/v2\/users\/1"}],"replies":[{"embeddable":true,"href":"https:\/\/old.cnhv.net\/index.php?rest_route=%2Fwp%2Fv2%2Fcomments&post=15232"}],"version-history":[{"count":2,"href":"https:\/\/old.cnhv.net\/index.php?rest_route=\/wp\/v2\/pages\/15232\/revisions"}],"predecessor-version":[{"id":15259,"href":"https:\/\/old.cnhv.net\/index.php?rest_route=\/wp\/v2\/pages\/15232\/revisions\/15259"}],"up":[{"embeddable":true,"href":"https:\/\/old.cnhv.net\/index.php?rest_route=\/wp\/v2\/pages\/15223"}],"wp:attachment":[{"href":"https:\/\/old.cnhv.net\/index.php?rest_route=%2Fwp%2Fv2%2Fmedia&parent=15232"}],"curies":[{"name":"wp","href":"https:\/\/api.w.org\/{rel}","templated":true}]}}