
{"id":15238,"date":"2019-08-30T21:09:35","date_gmt":"2019-08-30T21:09:35","guid":{"rendered":"https:\/\/www.cnhv.net\/?page_id=15238"},"modified":"2019-08-30T21:34:21","modified_gmt":"2019-08-30T21:34:21","slug":"limpieza-fondos-del-port","status":"publish","type":"page","link":"https:\/\/old.cnhv.net\/?page_id=15238","title":{"rendered":"Limpieza fondos del Port 2018"},"content":{"rendered":"<p>El pasado s\u00e1bado d\u00eda 21 de julio, la Secci\u00f3n Deportiva de Pesca Submarina del Club N\u00e0utic Hospitalet Vandell\u00f2s, organizo una jornada de limpieza de los fondos interiores del Puerto colaborando en el mantenimiento de las instalaciones y en la conservaci\u00f3n de la bandera azul con la que cuenta el Club. La jornada se present\u00f3 complicada, con algo de Mestral. Aun as\u00ed, los participantes lograron recuperar la basura acumulado en los fondos. Tras la recogida, toda la basura fue clasificada en los distintos materiales y depositada en contenedores para su posterior reciclado.&nbsp;<\/p>\n<p>Somos Bandera Azul de forma interrumpida desde hace 25 a\u00f1os y apostamos por otros 25 de momento<\/p>\n<p>&nbsp;<\/p>\n<p>ngg_shortcode_0_placeholder<\/p>","protected":false},"excerpt":{"rendered":"<p>El pasado s\u00e1bado d\u00eda 21 de julio, la Secci\u00f3n Deportiva de Pesca Submarina del Club N\u00e0utic Hospitalet Vandell\u00f2s, organizo una jornada de limpieza de los fondos interiores del Puerto colaborando [&hellip;] <a href=\"https:\/\/old.cnhv.net\/?page_id=15238\" rel=\"bookmark\">more<\/a><\/p>\n","protected":false},"author":1,"featured_media":0,"parent":15198,"menu_order":6,"comment_status":"closed","ping_status":"closed","template":"pg-tpl-no-sidebars.php","meta":{"ngg_post_thumbnail":0},"_links":{"self":[{"href":"https:\/\/old.cnhv.net\/index.php?rest_route=\/wp\/v2\/pages\/15238"}],"collection":[{"href":"https:\/\/old.cnhv.net\/index.php?rest_route=\/wp\/v2\/pages"}],"about":[{"href":"https:\/\/old.cnhv.net\/index.php?rest_route=\/wp\/v2\/types\/page"}],"author":[{"embeddable":true,"href":"https:\/\/old.cnhv.net\/index.php?rest_route=\/wp\/v2\/users\/1"}],"replies":[{"embeddable":true,"href":"https:\/\/old.cnhv.net\/index.php?rest_route=%2Fwp%2Fv2%2Fcomments&post=15238"}],"version-history":[{"count":2,"href":"https:\/\/old.cnhv.net\/index.php?rest_route=\/wp\/v2\/pages\/15238\/revisions"}],"predecessor-version":[{"id":15260,"href":"https:\/\/old.cnhv.net\/index.php?rest_route=\/wp\/v2\/pages\/15238\/revisions\/15260"}],"up":[{"embeddable":true,"href":"https:\/\/old.cnhv.net\/index.php?rest_route=\/wp\/v2\/pages\/15198"}],"wp:attachment":[{"href":"https:\/\/old.cnhv.net\/index.php?rest_route=%2Fwp%2Fv2%2Fmedia&parent=15238"}],"curies":[{"name":"wp","href":"https:\/\/api.w.org\/{rel}","templated":true}]}}