
{"id":15241,"date":"2019-08-30T21:11:22","date_gmt":"2019-08-30T21:11:22","guid":{"rendered":"https:\/\/www.cnhv.net\/?page_id=15241"},"modified":"2019-08-30T21:30:19","modified_gmt":"2019-08-30T21:30:19","slug":"los-40-summer-live-en-el-port","status":"publish","type":"page","link":"https:\/\/old.cnhv.net\/?page_id=15241","title":{"rendered":"\u00bbLos 40 Summer Live\u00bb en el Port 2018"},"content":{"rendered":"<p><span style=\"color: #3366ff;\">El s\u00e1bado 4 de agosto a las 23 horas en la Marina Seca, se celebrar\u00e1 un concierto de los&nbsp;\u00abLos 40 Summer Live\u00bb, el acceso es gratuito.<\/span><\/p>\n<p><span style=\"color: #3366ff;\">Por tal motivo el s\u00e1bado d\u00eda 4, el acceso a la Marina Seca estar\u00e1 cerrado para veh\u00edculos, si fuera necesario que alg\u00fan socio entrase con su veh\u00edculo para descargar alguna cosa lo puede solicitar al Marinero, a las 18 horas queda cerrado, <strong>disculpen las molestias<\/strong>&nbsp;<\/span><\/p>\n<p><a href=\"http:\/\/vandellos-hospitalet.cat\/festes\/la-gira-los40-summer-live-far%C3%A0-parada-l%E2%80%99hospitalet-de-l%E2%80%99infant-el-proper-4-dagost\">m\u00e1s informaci\u00f3n<\/a><\/p>\n<p><a href=\"https:\/\/www.cnhv.net\/wp-content\/uploads\/2018\/08\/SummerLive_Hospitalet_A3.jpg\"><img decoding=\"async\" loading=\"lazy\" class=\"aligncenter size-full wp-image-13706\" src=\"https:\/\/www.cnhv.net\/wp-content\/uploads\/2018\/08\/SummerLive_Hospitalet_A3.jpg\" alt=\"\" width=\"857\" height=\"1200\" srcset=\"https:\/\/old.cnhv.net\/wp-content\/uploads\/2018\/08\/SummerLive_Hospitalet_A3.jpg 857w, https:\/\/old.cnhv.net\/wp-content\/uploads\/2018\/08\/SummerLive_Hospitalet_A3-214x300.jpg 214w, https:\/\/old.cnhv.net\/wp-content\/uploads\/2018\/08\/SummerLive_Hospitalet_A3-768x1075.jpg 768w, https:\/\/old.cnhv.net\/wp-content\/uploads\/2018\/08\/SummerLive_Hospitalet_A3-731x1024.jpg 731w, https:\/\/old.cnhv.net\/wp-content\/uploads\/2018\/08\/SummerLive_Hospitalet_A3-71x100.jpg 71w\" sizes=\"(max-width: 857px) 100vw, 857px\" \/><\/a><\/p>\n<p>&nbsp;<\/p>","protected":false},"excerpt":{"rendered":"<p>El s\u00e1bado 4 de agosto a las 23 horas en la Marina Seca, se celebrar\u00e1 un concierto de los&nbsp;\u00abLos 40 Summer Live\u00bb, el acceso es gratuito. Por tal motivo el [&hellip;] <a href=\"https:\/\/old.cnhv.net\/?page_id=15241\" rel=\"bookmark\">more<\/a><\/p>\n","protected":false},"author":1,"featured_media":0,"parent":15223,"menu_order":5,"comment_status":"closed","ping_status":"closed","template":"pg-tpl-no-sidebars.php","meta":{"ngg_post_thumbnail":0},"_links":{"self":[{"href":"https:\/\/old.cnhv.net\/index.php?rest_route=\/wp\/v2\/pages\/15241"}],"collection":[{"href":"https:\/\/old.cnhv.net\/index.php?rest_route=\/wp\/v2\/pages"}],"about":[{"href":"https:\/\/old.cnhv.net\/index.php?rest_route=\/wp\/v2\/types\/page"}],"author":[{"embeddable":true,"href":"https:\/\/old.cnhv.net\/index.php?rest_route=\/wp\/v2\/users\/1"}],"replies":[{"embeddable":true,"href":"https:\/\/old.cnhv.net\/index.php?rest_route=%2Fwp%2Fv2%2Fcomments&post=15241"}],"version-history":[{"count":3,"href":"https:\/\/old.cnhv.net\/index.php?rest_route=\/wp\/v2\/pages\/15241\/revisions"}],"predecessor-version":[{"id":15258,"href":"https:\/\/old.cnhv.net\/index.php?rest_route=\/wp\/v2\/pages\/15241\/revisions\/15258"}],"up":[{"embeddable":true,"href":"https:\/\/old.cnhv.net\/index.php?rest_route=\/wp\/v2\/pages\/15223"}],"wp:attachment":[{"href":"https:\/\/old.cnhv.net\/index.php?rest_route=%2Fwp%2Fv2%2Fmedia&parent=15241"}],"curies":[{"name":"wp","href":"https:\/\/api.w.org\/{rel}","templated":true}]}}