
{"id":15245,"date":"2019-08-30T21:13:46","date_gmt":"2019-08-30T21:13:46","guid":{"rendered":"https:\/\/www.cnhv.net\/?page_id=15245"},"modified":"2019-08-30T21:13:46","modified_gmt":"2019-08-30T21:13:46","slug":"travesia-del-port-a-nado-2018","status":"publish","type":"page","link":"https:\/\/old.cnhv.net\/?page_id=15245","title":{"rendered":"Traves\u00eda del Port a nado 2018"},"content":{"rendered":"<p><\/p>\n<p style=\"font-weight: 400;\">Amaneci\u00f3&nbsp; un d\u00eda perfecto para la celebraci\u00f3n de la traves\u00eda del Puerto, por la noche estuvo soplando un Mestral moderado lo que provoca que tengamos un mar plano con aguas limpias.<\/p>\n<p style=\"font-weight: 400;\">A las 11 horas di\u00f3 comienzo la prueba de la Milla con variaci\u00f3n del punto de salida y horario, para continuar con el resto de las pruebas, tuvimos 62 participantes, bastantes con un nivel muy alto, pero valoramos sobre todo la participaci\u00f3n ya que el objetivo que siempre hemos pretendido es que nadie se sienta excluido por la propia competici\u00f3n.<\/p>\n<p style=\"font-weight: 400;\">La ganadora femenina de la Milla fue NORA RITA en un tiempo de 26\u2019 minutos y en masculinos ROGER MIRET en un tiempo de 23\u2019 30\u2019\u2019<\/p>\n<p style=\"font-weight: 400;\">El total de participantes fue de 112.<\/p>\n<p style=\"font-weight: 400;\">Agradecer a todos, la presencia en esta jornada, en la que se recogieron unos 130 Kg. de alimentos para C\u00e1ritas Parroquial, la mayor parte de vosotros sois asiduos a esta prueba, tambi\u00e9n agradecer&nbsp; el apoyo de Protecci\u00f3n Civil de L\u2019Hospitalet de l\u2019Infant, la empresa de Salvamento Aunar y al resto de colaboradores.<\/p>\n<p style=\"font-weight: 400;\">Hasta el pr\u00f3ximo a\u00f1o<\/p>\n<p class=\"p1\">CLASIFICACIONES &#8211; TRAVESI\u0301A A NADO 2018<\/p>\n<p><a href=\"https:\/\/www.cnhv.net\/wp-content\/uploads\/2018\/08\/LISTADO-ORDEN-DE-LLEGADA-DE-LA-MILLA.pdf\" class=\"mtli_attachment mtli_pdf\">ORDEN DE LLEGADA DE LA MILLA<\/a><\/p>\n<div style=\"width: 640px;\" class=\"wp-video\"><!--[if lt IE 9]><script>document.createElement('video');<\/script><![endif]-->\n<video class=\"wp-video-shortcode\" id=\"video-15245-1\" width=\"640\" height=\"360\" preload=\"metadata\" controls=\"controls\"><source type=\"video\/mp4\" src=\"https:\/\/www.cnhv.net\/wp-content\/uploads\/2018\/08\/Video-TVV-Travesi\u0301a-Port-2018.mp4?_=1\" \/><a href=\"https:\/\/www.cnhv.net\/wp-content\/uploads\/2018\/08\/Video-TVV-Travesi\u0301a-Port-2018.mp4\">https:\/\/www.cnhv.net\/wp-content\/uploads\/2018\/08\/Video-TVV-Travesi\u0301a-Port-2018.mp4<\/a><\/video><\/div>\nngg_shortcode_0_placeholder\n<h4><span style=\"color: #666699;\">Fotos de la Milla<\/span><\/h4>\nngg_shortcode_1_placeholder\n<p><a href=\"https:\/\/www.cnhv.net\/wp-content\/uploads\/2018\/07\/Cartel-Travessia-port-2018-Web1.jpg\"><img decoding=\"async\" loading=\"lazy\" class=\"aligncenter size-full wp-image-13501\" src=\"https:\/\/www.cnhv.net\/wp-content\/uploads\/2018\/07\/Cartel-Travessia-port-2018-Web1.jpg\" alt=\"\" width=\"849\" height=\"1200\" srcset=\"https:\/\/old.cnhv.net\/wp-content\/uploads\/2018\/07\/Cartel-Travessia-port-2018-Web1.jpg 849w, https:\/\/old.cnhv.net\/wp-content\/uploads\/2018\/07\/Cartel-Travessia-port-2018-Web1-212x300.jpg 212w, https:\/\/old.cnhv.net\/wp-content\/uploads\/2018\/07\/Cartel-Travessia-port-2018-Web1-768x1086.jpg 768w, https:\/\/old.cnhv.net\/wp-content\/uploads\/2018\/07\/Cartel-Travessia-port-2018-Web1-724x1024.jpg 724w, https:\/\/old.cnhv.net\/wp-content\/uploads\/2018\/07\/Cartel-Travessia-port-2018-Web1-71x100.jpg 71w\" sizes=\"(max-width: 849px) 100vw, 849px\" \/><\/a><\/p>\n<p>&nbsp;<\/p>","protected":false},"excerpt":{"rendered":"<p>Amaneci\u00f3&nbsp; un d\u00eda perfecto para la celebraci\u00f3n de la traves\u00eda del Puerto, por la noche estuvo soplando un Mestral moderado lo que provoca que tengamos un mar plano con aguas [&hellip;] <a href=\"https:\/\/old.cnhv.net\/?page_id=15245\" rel=\"bookmark\">more<\/a><\/p>\n","protected":false},"author":1,"featured_media":0,"parent":15223,"menu_order":7,"comment_status":"closed","ping_status":"closed","template":"pg-tpl-no-sidebars.php","meta":{"ngg_post_thumbnail":0},"_links":{"self":[{"href":"https:\/\/old.cnhv.net\/index.php?rest_route=\/wp\/v2\/pages\/15245"}],"collection":[{"href":"https:\/\/old.cnhv.net\/index.php?rest_route=\/wp\/v2\/pages"}],"about":[{"href":"https:\/\/old.cnhv.net\/index.php?rest_route=\/wp\/v2\/types\/page"}],"author":[{"embeddable":true,"href":"https:\/\/old.cnhv.net\/index.php?rest_route=\/wp\/v2\/users\/1"}],"replies":[{"embeddable":true,"href":"https:\/\/old.cnhv.net\/index.php?rest_route=%2Fwp%2Fv2%2Fcomments&post=15245"}],"version-history":[{"count":1,"href":"https:\/\/old.cnhv.net\/index.php?rest_route=\/wp\/v2\/pages\/15245\/revisions"}],"predecessor-version":[{"id":15246,"href":"https:\/\/old.cnhv.net\/index.php?rest_route=\/wp\/v2\/pages\/15245\/revisions\/15246"}],"up":[{"embeddable":true,"href":"https:\/\/old.cnhv.net\/index.php?rest_route=\/wp\/v2\/pages\/15223"}],"wp:attachment":[{"href":"https:\/\/old.cnhv.net\/index.php?rest_route=%2Fwp%2Fv2%2Fmedia&parent=15245"}],"curies":[{"name":"wp","href":"https:\/\/api.w.org\/{rel}","templated":true}]}}