
{"id":15248,"date":"2019-08-30T21:15:42","date_gmt":"2019-08-30T21:15:42","guid":{"rendered":"https:\/\/www.cnhv.net\/?page_id=15248"},"modified":"2019-08-30T21:15:42","modified_gmt":"2019-08-30T21:15:42","slug":"22a-jornada-ecologica-2018","status":"publish","type":"page","link":"https:\/\/old.cnhv.net\/?page_id=15248","title":{"rendered":"22\u00aa Jornada Ecol\u00f3gica 2018"},"content":{"rendered":"<p><\/p>\n<p style=\"font-weight: 400;\">Despu\u00e9s del aplazamiento por lluvia del pasado fin de semana, se ha celebrado la 22\u00aa Jornada Ecol\u00f3gica, con una participaci\u00f3n de 16 buceadores y 12 de apoyo en tierra, se ha sacado poco volumen pero bastantes cosas peque\u00f1as ya que se ha procedido a limpiar la zona del muelle de levante que hac\u00eda muchos a\u00f1os que no se realizaba. Creo que podemos presumir de tener el puerto m\u00e1s limpio del litoral.<\/p>\n<p style=\"font-weight: 400;\">Para finalizar la jornada&nbsp; hemos compartido una barbacoa y entrega de los trofeos habituales:<\/p>\n<p style=\"font-weight: 400;\">Objeto m\u00e1s voluminoso a: Eric Montaner y Jos\u00e9 Manuel Dorado&nbsp;&nbsp;<\/p>\n<p style=\"font-weight: 400;\">Objeto m\u00e1s peculiar a Juan Rosales, con un peque\u00f1o pulpo dentro de una lata que enseguida se ha tirado de cabeza al mar<\/p>\n<p style=\"font-weight: 400;\">Como siempre agradecer al centro de buceo Glup\u2019s Diving y a todos su participaci\u00f3n.<\/p>\n<p><a href=\"https:\/\/youtu.be\/xTcXchKEW2A\">Ver video<\/a><\/p>\nngg_shortcode_0_placeholder\n<p><a href=\"https:\/\/www.cnhv.net\/?attachment_id=14380\" rel=\"attachment wp-att-14380\"><img decoding=\"async\" loading=\"lazy\" class=\"aligncenter size-full wp-image-14380\" src=\"https:\/\/www.cnhv.net\/wp-content\/uploads\/2018\/09\/cartel-jornada-ecol\u00f3gica-2018-Web.jpg\" alt=\"\" width=\"1555\" height=\"2200\"\/><\/a><\/p>","protected":false},"excerpt":{"rendered":"<p>Despu\u00e9s del aplazamiento por lluvia del pasado fin de semana, se ha celebrado la 22\u00aa Jornada Ecol\u00f3gica, con una participaci\u00f3n de 16 buceadores y 12 de apoyo en tierra, se [&hellip;] <a href=\"https:\/\/old.cnhv.net\/?page_id=15248\" rel=\"bookmark\">more<\/a><\/p>\n","protected":false},"author":1,"featured_media":0,"parent":15223,"menu_order":8,"comment_status":"closed","ping_status":"closed","template":"pg-tpl-no-sidebars.php","meta":{"ngg_post_thumbnail":0},"_links":{"self":[{"href":"https:\/\/old.cnhv.net\/index.php?rest_route=\/wp\/v2\/pages\/15248"}],"collection":[{"href":"https:\/\/old.cnhv.net\/index.php?rest_route=\/wp\/v2\/pages"}],"about":[{"href":"https:\/\/old.cnhv.net\/index.php?rest_route=\/wp\/v2\/types\/page"}],"author":[{"embeddable":true,"href":"https:\/\/old.cnhv.net\/index.php?rest_route=\/wp\/v2\/users\/1"}],"replies":[{"embeddable":true,"href":"https:\/\/old.cnhv.net\/index.php?rest_route=%2Fwp%2Fv2%2Fcomments&post=15248"}],"version-history":[{"count":1,"href":"https:\/\/old.cnhv.net\/index.php?rest_route=\/wp\/v2\/pages\/15248\/revisions"}],"predecessor-version":[{"id":15249,"href":"https:\/\/old.cnhv.net\/index.php?rest_route=\/wp\/v2\/pages\/15248\/revisions\/15249"}],"up":[{"embeddable":true,"href":"https:\/\/old.cnhv.net\/index.php?rest_route=\/wp\/v2\/pages\/15223"}],"wp:attachment":[{"href":"https:\/\/old.cnhv.net\/index.php?rest_route=%2Fwp%2Fv2%2Fmedia&parent=15248"}],"curies":[{"name":"wp","href":"https:\/\/api.w.org\/{rel}","templated":true}]}}