
{"id":15279,"date":"2019-09-04T21:35:43","date_gmt":"2019-09-04T21:35:43","guid":{"rendered":"https:\/\/www.cnhv.net\/?page_id=15279"},"modified":"2019-09-04T21:40:22","modified_gmt":"2019-09-04T21:40:22","slug":"actividades-10-de-junio-marina-day-2017","status":"publish","type":"page","link":"https:\/\/old.cnhv.net\/?page_id=15279","title":{"rendered":"Actividades 10 de junio Marina Day 2017"},"content":{"rendered":"<p><\/p>\n<h1 style=\"text-align: center;\"><span style=\"color: #808080;\">Marina Day 2017, el d\u00eda de los Puertos Deportivos<\/span><\/h1>\n<p>Arranca el Marina Day 2017, el <strong>10 de junio <\/strong>se celebra el d\u00eda de los Puertos Deportivos, debido a la buena acogida de la pasada edici\u00f3n este a\u00f1o se han unido a la iniciativa de la Asociaci\u00f3n Catalana de Puertos Deportivos y Tur\u00edsticos (ACPET) multitud de puertos de toda la geograf\u00eda espa\u00f1ola (Catalu\u00f1a, Baleares, Valencia, Andaluc\u00eda, Galicia, Asturias, Pa\u00eds Vasco, etc,) con la intenci\u00f3n de acercarlos al ciudadano, durante todo el d\u00eda <strong>se organizar\u00e1n multitud de actividades tanto n\u00e1uticas c\u00f3mo culturales, de ocio y otros \u00e1mbitos destinadas a toda la familia.<\/strong><\/p>\n<p style=\"text-align: center;\"><span style=\"font-size: 14pt;\"><strong><span style=\"color: #0000ff;\">Actividades en nuestros puerto<\/span><\/strong><\/span><\/p>\n<p><strong><span style=\"color: #0000ff;\">El s\u00e1bado 10 de junio celebramos junto con otros puertos de Catalu\u00f1a la jornada de puertas abierta o Marina Day. Pusimos a disposici\u00f3n de quien quisiera tener un primer contacto con el mar un barco de vela ligera, tres kayaks, una mesa gigante de paddle surf y tres mesas individuales de paddle surf. Agradecer su colaboraci\u00f3n en el \u00e1rea de deportes del ayuntamiento y a Stand Up Paddle Arenal .<\/span><\/strong><\/p>\n<p><a href=\"https:\/\/goo.gl\/photos\/n7nBUiR7LoA9pep89\">Ver fotos<\/a><\/p>\n<p><img decoding=\"async\" loading=\"lazy\" class=\"aligncenter size-full wp-image-10670\" src=\"http:\/\/www.cnhv.net\/wp-content\/uploads\/2017\/05\/1-Actividades-10-de-junio-marina-day.jpg\" alt=\"\" width=\"1200\" height=\"1697\" srcset=\"https:\/\/old.cnhv.net\/wp-content\/uploads\/2017\/05\/1-Actividades-10-de-junio-marina-day.jpg 1200w, https:\/\/old.cnhv.net\/wp-content\/uploads\/2017\/05\/1-Actividades-10-de-junio-marina-day-212x300.jpg 212w, https:\/\/old.cnhv.net\/wp-content\/uploads\/2017\/05\/1-Actividades-10-de-junio-marina-day-768x1086.jpg 768w, https:\/\/old.cnhv.net\/wp-content\/uploads\/2017\/05\/1-Actividades-10-de-junio-marina-day-724x1024.jpg 724w, https:\/\/old.cnhv.net\/wp-content\/uploads\/2017\/05\/1-Actividades-10-de-junio-marina-day-71x100.jpg 71w\" sizes=\"(max-width: 1200px) 100vw, 1200px\" \/><\/p>\n<p>&nbsp;<\/p>","protected":false},"excerpt":{"rendered":"<p>Marina Day 2017, el d\u00eda de los Puertos Deportivos Arranca el Marina Day 2017, el 10 de junio se celebra el d\u00eda de los Puertos Deportivos, debido a la buena [&hellip;] <a href=\"https:\/\/old.cnhv.net\/?page_id=15279\" rel=\"bookmark\">more<\/a><\/p>\n","protected":false},"author":1,"featured_media":0,"parent":15221,"menu_order":2,"comment_status":"closed","ping_status":"closed","template":"pg-tpl-no-sidebars.php","meta":{"ngg_post_thumbnail":0},"_links":{"self":[{"href":"https:\/\/old.cnhv.net\/index.php?rest_route=\/wp\/v2\/pages\/15279"}],"collection":[{"href":"https:\/\/old.cnhv.net\/index.php?rest_route=\/wp\/v2\/pages"}],"about":[{"href":"https:\/\/old.cnhv.net\/index.php?rest_route=\/wp\/v2\/types\/page"}],"author":[{"embeddable":true,"href":"https:\/\/old.cnhv.net\/index.php?rest_route=\/wp\/v2\/users\/1"}],"replies":[{"embeddable":true,"href":"https:\/\/old.cnhv.net\/index.php?rest_route=%2Fwp%2Fv2%2Fcomments&post=15279"}],"version-history":[{"count":1,"href":"https:\/\/old.cnhv.net\/index.php?rest_route=\/wp\/v2\/pages\/15279\/revisions"}],"predecessor-version":[{"id":15280,"href":"https:\/\/old.cnhv.net\/index.php?rest_route=\/wp\/v2\/pages\/15279\/revisions\/15280"}],"up":[{"embeddable":true,"href":"https:\/\/old.cnhv.net\/index.php?rest_route=\/wp\/v2\/pages\/15221"}],"wp:attachment":[{"href":"https:\/\/old.cnhv.net\/index.php?rest_route=%2Fwp%2Fv2%2Fmedia&parent=15279"}],"curies":[{"name":"wp","href":"https:\/\/api.w.org\/{rel}","templated":true}]}}