
{"id":16134,"date":"2021-07-07T08:55:44","date_gmt":"2021-07-07T08:55:44","guid":{"rendered":"https:\/\/www.cnhv.net\/?page_id=16134"},"modified":"2021-07-07T09:02:23","modified_gmt":"2021-07-07T09:02:23","slug":"cursos-de-verano-vela-ligera-y-windsurf-2021","status":"publish","type":"page","link":"https:\/\/old.cnhv.net\/?page_id=16134","title":{"rendered":"Cursos de verano Vela ligera y Windsurf 2021"},"content":{"rendered":"<p><a href=\"https:\/\/www.cnhv.net\/wp-content\/uploads\/2021\/05\/Navega-en-familia-Web.jpg\">Ya est\u00e1n abiertas las inscripciones en las actividades y cursos de verano de vela ligera y windsurf organizadas por el Club N\u00e0utic Hospitalet-Vandell\u00f2s. Disfruta del mar con tus amigos y familia. \u00a1Reserva ya, no te puedes quedar fuera!\u201d<br \/>\n<\/a><\/p>\n<p><a href=\"https:\/\/www.cnhv.net\/wp-content\/uploads\/2021\/05\/Navega-en-familia-Web.jpg\"><img decoding=\"async\" loading=\"lazy\" class=\"aligncenter size-large wp-image-16010\" src=\"https:\/\/www.cnhv.net\/wp-content\/uploads\/2021\/05\/Navega-en-familia-Web-1024x724.jpg\" alt=\"\" width=\"640\" height=\"453\" srcset=\"https:\/\/old.cnhv.net\/wp-content\/uploads\/2021\/05\/Navega-en-familia-Web-1024x724.jpg 1024w, https:\/\/old.cnhv.net\/wp-content\/uploads\/2021\/05\/Navega-en-familia-Web-300x212.jpg 300w, https:\/\/old.cnhv.net\/wp-content\/uploads\/2021\/05\/Navega-en-familia-Web-768x543.jpg 768w, https:\/\/old.cnhv.net\/wp-content\/uploads\/2021\/05\/Navega-en-familia-Web-100x71.jpg 100w\" sizes=\"(max-width: 640px) 100vw, 640px\" \/><\/a><\/p>\n<p><a href=\"https:\/\/www.cnhv.net\/wp-content\/uploads\/2021\/05\/Cursos-y-tarifas-2021.jpg\"><img decoding=\"async\" loading=\"lazy\" class=\"aligncenter size-large wp-image-16034\" src=\"https:\/\/www.cnhv.net\/wp-content\/uploads\/2021\/05\/Cursos-y-tarifas-2021-1024x720.jpg\" alt=\"\" width=\"640\" height=\"450\" srcset=\"https:\/\/old.cnhv.net\/wp-content\/uploads\/2021\/05\/Cursos-y-tarifas-2021-1024x720.jpg 1024w, https:\/\/old.cnhv.net\/wp-content\/uploads\/2021\/05\/Cursos-y-tarifas-2021-300x211.jpg 300w, https:\/\/old.cnhv.net\/wp-content\/uploads\/2021\/05\/Cursos-y-tarifas-2021-768x540.jpg 768w, https:\/\/old.cnhv.net\/wp-content\/uploads\/2021\/05\/Cursos-y-tarifas-2021-100x70.jpg 100w, https:\/\/old.cnhv.net\/wp-content\/uploads\/2021\/05\/Cursos-y-tarifas-2021.jpg 1200w\" sizes=\"(max-width: 640px) 100vw, 640px\" \/><\/a><\/p>\n<p><a href=\"https:\/\/www.cnhv.net\/wp-content\/uploads\/2021\/05\/Calendario-2021.jpg\"><img decoding=\"async\" loading=\"lazy\" class=\"aligncenter size-large wp-image-16033\" src=\"https:\/\/www.cnhv.net\/wp-content\/uploads\/2021\/05\/Calendario-2021-1024x720.jpg\" alt=\"\" width=\"640\" height=\"450\" srcset=\"https:\/\/old.cnhv.net\/wp-content\/uploads\/2021\/05\/Calendario-2021-1024x720.jpg 1024w, https:\/\/old.cnhv.net\/wp-content\/uploads\/2021\/05\/Calendario-2021-300x211.jpg 300w, https:\/\/old.cnhv.net\/wp-content\/uploads\/2021\/05\/Calendario-2021-768x540.jpg 768w, https:\/\/old.cnhv.net\/wp-content\/uploads\/2021\/05\/Calendario-2021-100x70.jpg 100w, https:\/\/old.cnhv.net\/wp-content\/uploads\/2021\/05\/Calendario-2021.jpg 1200w\" sizes=\"(max-width: 640px) 100vw, 640px\" \/><\/a><\/p>\n<p><a href=\"https:\/\/www.cnhv.net\/wp-content\/uploads\/2021\/05\/Calendario-2021.pdf\" class=\"mtli_attachment mtli_pdf\">Descargar: Calendario 2021<\/a><\/p>\n<p><a href=\"https:\/\/www.cnhv.net\/wp-content\/uploads\/2021\/05\/Cursos-y-tarifas-202.pdf\" class=\"mtli_attachment mtli_pdf\">Descargar: Cursos y tarifas 202<\/a><\/p>\n<p>&nbsp;<\/p>","protected":false},"excerpt":{"rendered":"<p>Ya est\u00e1n abiertas las inscripciones en las actividades y cursos de verano de vela ligera y windsurf organizadas por el Club N\u00e0utic Hospitalet-Vandell\u00f2s. Disfruta del mar con tus amigos y [&hellip;] <a href=\"https:\/\/old.cnhv.net\/?page_id=16134\" rel=\"bookmark\">more<\/a><\/p>\n","protected":false},"author":1,"featured_media":0,"parent":14933,"menu_order":0,"comment_status":"closed","ping_status":"closed","template":"pg-tpl-no-sidebars.php","meta":{"ngg_post_thumbnail":0},"_links":{"self":[{"href":"https:\/\/old.cnhv.net\/index.php?rest_route=\/wp\/v2\/pages\/16134"}],"collection":[{"href":"https:\/\/old.cnhv.net\/index.php?rest_route=\/wp\/v2\/pages"}],"about":[{"href":"https:\/\/old.cnhv.net\/index.php?rest_route=\/wp\/v2\/types\/page"}],"author":[{"embeddable":true,"href":"https:\/\/old.cnhv.net\/index.php?rest_route=\/wp\/v2\/users\/1"}],"replies":[{"embeddable":true,"href":"https:\/\/old.cnhv.net\/index.php?rest_route=%2Fwp%2Fv2%2Fcomments&post=16134"}],"version-history":[{"count":1,"href":"https:\/\/old.cnhv.net\/index.php?rest_route=\/wp\/v2\/pages\/16134\/revisions"}],"predecessor-version":[{"id":16135,"href":"https:\/\/old.cnhv.net\/index.php?rest_route=\/wp\/v2\/pages\/16134\/revisions\/16135"}],"up":[{"embeddable":true,"href":"https:\/\/old.cnhv.net\/index.php?rest_route=\/wp\/v2\/pages\/14933"}],"wp:attachment":[{"href":"https:\/\/old.cnhv.net\/index.php?rest_route=%2Fwp%2Fv2%2Fmedia&parent=16134"}],"curies":[{"name":"wp","href":"https:\/\/api.w.org\/{rel}","templated":true}]}}