
{"id":16147,"date":"2021-07-07T15:49:48","date_gmt":"2021-07-07T15:49:48","guid":{"rendered":"https:\/\/www.cnhv.net\/?page_id=16147"},"modified":"2021-07-07T16:06:06","modified_gmt":"2021-07-07T16:06:06","slug":"nuestros-jovenes-navegantes","status":"publish","type":"page","link":"https:\/\/old.cnhv.net\/?page_id=16147","title":{"rendered":"Nuestros j\u00f3venes navegantes"},"content":{"rendered":"<p><\/p>\n<p id=\"tw-target-text\" class=\"tw-data-text tw-text-large XcVN5d tw-ta\" dir=\"ltr\" data-placeholder=\"Traducci\u00f3n\">Despu\u00e9s de un s\u00e1bado fr\u00edo y una mestralada de las nuestras, aqu\u00ed tenemos hoy domingo a los m\u00e1s peque\u00f1os disfrutando de la navegaci\u00f3n a vela. Ellos son nuestro futuro, enhorabuena campeones !!!!!<\/p>\n<p>ngg_shortcode_0_placeholder<\/p>","protected":false},"excerpt":{"rendered":"<p>Despu\u00e9s de un s\u00e1bado fr\u00edo y una mestralada de las nuestras, aqu\u00ed tenemos hoy domingo a los m\u00e1s peque\u00f1os disfrutando de la navegaci\u00f3n a vela. Ellos son nuestro futuro, enhorabuena [&hellip;] <a href=\"https:\/\/old.cnhv.net\/?page_id=16147\" rel=\"bookmark\">more<\/a><\/p>\n","protected":false},"author":1,"featured_media":0,"parent":16145,"menu_order":0,"comment_status":"closed","ping_status":"closed","template":"pg-tpl-no-sidebars.php","meta":{"ngg_post_thumbnail":0},"_links":{"self":[{"href":"https:\/\/old.cnhv.net\/index.php?rest_route=\/wp\/v2\/pages\/16147"}],"collection":[{"href":"https:\/\/old.cnhv.net\/index.php?rest_route=\/wp\/v2\/pages"}],"about":[{"href":"https:\/\/old.cnhv.net\/index.php?rest_route=\/wp\/v2\/types\/page"}],"author":[{"embeddable":true,"href":"https:\/\/old.cnhv.net\/index.php?rest_route=\/wp\/v2\/users\/1"}],"replies":[{"embeddable":true,"href":"https:\/\/old.cnhv.net\/index.php?rest_route=%2Fwp%2Fv2%2Fcomments&post=16147"}],"version-history":[{"count":2,"href":"https:\/\/old.cnhv.net\/index.php?rest_route=\/wp\/v2\/pages\/16147\/revisions"}],"predecessor-version":[{"id":16158,"href":"https:\/\/old.cnhv.net\/index.php?rest_route=\/wp\/v2\/pages\/16147\/revisions\/16158"}],"up":[{"embeddable":true,"href":"https:\/\/old.cnhv.net\/index.php?rest_route=\/wp\/v2\/pages\/16145"}],"wp:attachment":[{"href":"https:\/\/old.cnhv.net\/index.php?rest_route=%2Fwp%2Fv2%2Fmedia&parent=16147"}],"curies":[{"name":"wp","href":"https:\/\/api.w.org\/{rel}","templated":true}]}}