
{"id":16149,"date":"2021-07-07T15:52:38","date_gmt":"2021-07-07T15:52:38","guid":{"rendered":"https:\/\/www.cnhv.net\/?page_id=16149"},"modified":"2021-07-07T16:10:08","modified_gmt":"2021-07-07T16:10:08","slug":"campeonato-de-catalunya-de-windsurf","status":"publish","type":"page","link":"https:\/\/old.cnhv.net\/?page_id=16149","title":{"rendered":"Campeonato de Catalunya de Windsurf\u00a0"},"content":{"rendered":"<p><\/p>\n<p style=\"font-weight: 400;\">El pasado 3 y 4 de Octubre nuestro equipo de windsurf tuvo la suerte de poder disfrutar del&nbsp; <em>Campeonato de Catalunya de Windsurf<\/em>&nbsp;celebrado en el Club Mar\u00edtimo de Altafulla.<\/p>\n<p style=\"font-weight: 400;\">El S\u00e1bado se despert\u00f3 el dia con unas condiciones de unos 20 kms de viento de Poniente, que cambi\u00f3 de direcci\u00f3n a lo largo del d\u00eda finalizando con un Garb\u00ed que levant\u00f3 olas. Los de la categor\u00eda Iniciaci\u00f3n pudieron realizar dos pruebas con condiciones m\u00e1s suaves el domingo por la ma\u00f1ana.<\/p>\n<p style=\"font-weight: 400;\">Los Foil, como clase invitada, volaban por encima del agua casi sin afectarles las olas.<\/p>\n<p style=\"font-weight: 400;\">En la clase de Techno 293, con seis pruebas realizadas en total, nuestro joven regatista Bruno Guti\u00e9rrez demostr\u00f3 su capacidad de navegar con condiciones fuertes fuertes&nbsp; pese a su ligero peso, consiguiendo el t\u00edtulo de Campe\u00f3n de Catalunya en la categor\u00eda Techno sub15.<\/p>\n<p><\/p>","protected":false},"excerpt":{"rendered":"<p>El pasado 3 y 4 de Octubre nuestro equipo de windsurf tuvo la suerte de poder disfrutar del&nbsp; Campeonato de Catalunya de Windsurf&nbsp;celebrado en el Club Mar\u00edtimo de Altafulla. El [&hellip;] <a href=\"https:\/\/old.cnhv.net\/?page_id=16149\" rel=\"bookmark\">more<\/a><\/p>\n","protected":false},"author":1,"featured_media":0,"parent":16145,"menu_order":1,"comment_status":"closed","ping_status":"closed","template":"pg-tpl-no-sidebars.php","meta":{"ngg_post_thumbnail":0},"_links":{"self":[{"href":"https:\/\/old.cnhv.net\/index.php?rest_route=\/wp\/v2\/pages\/16149"}],"collection":[{"href":"https:\/\/old.cnhv.net\/index.php?rest_route=\/wp\/v2\/pages"}],"about":[{"href":"https:\/\/old.cnhv.net\/index.php?rest_route=\/wp\/v2\/types\/page"}],"author":[{"embeddable":true,"href":"https:\/\/old.cnhv.net\/index.php?rest_route=\/wp\/v2\/users\/1"}],"replies":[{"embeddable":true,"href":"https:\/\/old.cnhv.net\/index.php?rest_route=%2Fwp%2Fv2%2Fcomments&post=16149"}],"version-history":[{"count":1,"href":"https:\/\/old.cnhv.net\/index.php?rest_route=\/wp\/v2\/pages\/16149\/revisions"}],"predecessor-version":[{"id":16150,"href":"https:\/\/old.cnhv.net\/index.php?rest_route=\/wp\/v2\/pages\/16149\/revisions\/16150"}],"up":[{"embeddable":true,"href":"https:\/\/old.cnhv.net\/index.php?rest_route=\/wp\/v2\/pages\/16145"}],"wp:attachment":[{"href":"https:\/\/old.cnhv.net\/index.php?rest_route=%2Fwp%2Fv2%2Fmedia&parent=16149"}],"curies":[{"name":"wp","href":"https:\/\/api.w.org\/{rel}","templated":true}]}}