
{"id":16151,"date":"2021-07-07T15:55:16","date_gmt":"2021-07-07T15:55:16","guid":{"rendered":"https:\/\/www.cnhv.net\/?page_id=16151"},"modified":"2021-07-07T16:07:58","modified_gmt":"2021-07-07T16:07:58","slug":"xiv-regata-cambrils-a-bon-port","status":"publish","type":"page","link":"https:\/\/old.cnhv.net\/?page_id=16151","title":{"rendered":"XIV Regata Cambrils a Bon Port."},"content":{"rendered":"<p>El equipo de regatas de la clase Optimist del Club N\u00e1utico Hospitalet-Vandell\u00f2s, particip\u00f3 el pasado fin de semana en la XIV regata Cambrils a Bon Port.<\/p>\n<p>Ha sido la primera regata para los ocho peque\u00f1os de la clase Optimist, demostrando una gran ilusi\u00f3n por navegar y pas\u00e1rselo en grande.<\/p>\n<p>Destacar la segunda posici\u00f3n de Andr\u00e9 Pinyol, en la categor\u00eda G2 y la primera posici\u00f3n f\u00e9mina de Cristina Ruiz, en la categor\u00eda G3.<\/p>\n<p>\u00a1\u00a1\u00a1 Felicidades a todos !!!<\/p>\n<p>&nbsp;<\/p>","protected":false},"excerpt":{"rendered":"<p>El equipo de regatas de la clase Optimist del Club N\u00e1utico Hospitalet-Vandell\u00f2s, particip\u00f3 el pasado fin de semana en la XIV regata Cambrils a Bon Port. Ha sido la primera [&hellip;] <a href=\"https:\/\/old.cnhv.net\/?page_id=16151\" rel=\"bookmark\">more<\/a><\/p>\n","protected":false},"author":1,"featured_media":0,"parent":16145,"menu_order":0,"comment_status":"closed","ping_status":"closed","template":"pg-tpl-no-sidebars.php","meta":{"ngg_post_thumbnail":0},"_links":{"self":[{"href":"https:\/\/old.cnhv.net\/index.php?rest_route=\/wp\/v2\/pages\/16151"}],"collection":[{"href":"https:\/\/old.cnhv.net\/index.php?rest_route=\/wp\/v2\/pages"}],"about":[{"href":"https:\/\/old.cnhv.net\/index.php?rest_route=\/wp\/v2\/types\/page"}],"author":[{"embeddable":true,"href":"https:\/\/old.cnhv.net\/index.php?rest_route=\/wp\/v2\/users\/1"}],"replies":[{"embeddable":true,"href":"https:\/\/old.cnhv.net\/index.php?rest_route=%2Fwp%2Fv2%2Fcomments&post=16151"}],"version-history":[{"count":1,"href":"https:\/\/old.cnhv.net\/index.php?rest_route=\/wp\/v2\/pages\/16151\/revisions"}],"predecessor-version":[{"id":16152,"href":"https:\/\/old.cnhv.net\/index.php?rest_route=\/wp\/v2\/pages\/16151\/revisions\/16152"}],"up":[{"embeddable":true,"href":"https:\/\/old.cnhv.net\/index.php?rest_route=\/wp\/v2\/pages\/16145"}],"wp:attachment":[{"href":"https:\/\/old.cnhv.net\/index.php?rest_route=%2Fwp%2Fv2%2Fmedia&parent=16151"}],"curies":[{"name":"wp","href":"https:\/\/api.w.org\/{rel}","templated":true}]}}