
{"id":16161,"date":"2021-07-07T16:23:42","date_gmt":"2021-07-07T16:23:42","guid":{"rendered":"https:\/\/www.cnhv.net\/?page_id=16161"},"modified":"2021-07-07T16:26:13","modified_gmt":"2021-07-07T16:26:13","slug":"esport-blau-escolar","status":"publish","type":"page","link":"https:\/\/old.cnhv.net\/?page_id=16161","title":{"rendered":"Esport Blau escolar 2021"},"content":{"rendered":"<p>Desde este mes de abril, gracias al programa Esport Blau Escolar, los 80 alumnos de 5.\u00ba de primaria de las escuelas del municipio de Vandell\u00f2s y l&#8217;Hospitalet de l&#8217;Infant navegar\u00e1n una vez a la semana, durante el \u00faltimo trimestre de este curso, desde las instalaciones del Club N\u00e1utico Hospitalet-Vandell\u00f2s.<\/p>\n<p>La Escuela Mistral de l&#8217;Hospitalet de l&#8217;Infant y la Escuela Valdelors de Vandell\u00f2s&nbsp;est\u00e1n participando&nbsp;por primera vez en este programa de vela escolar, impulsado en 2017 por la Federaci\u00f3n Catalana de Vela, el Consejo Catal\u00e1n del Deporte, el departamento de Educaci\u00f3n y los Consejos Deportivos de Catalu\u00f1a, con la colaboraci\u00f3n de los Clubes \/ Escuelas de Vela y de los ayuntamientos y centros educativos de los municipios adheridos, que tiene como objetivo aproximar y promover la vela entre&nbsp;el alumnado&nbsp;de 5.\u00ba de primaria de los centros educativos del litoral catal\u00e1n.<\/p>\n<p>Este programa, pionero en el Estado espa\u00f1ol, combina educaci\u00f3n y deporte, y propone una actividad de formaci\u00f3n polideportiva en el deporte de la vela integrada dentro de la asignatura de Educaci\u00f3n F\u00edsica. Los pilares del Esport Blau Escolar son: la pr\u00e1ctica deportiva de la vela, el respecto al medio ambiente y a nuestras ra\u00edces, el trabajo en equipo y el amor por el mar.<\/p>\n<p>Los contenidos de los programa se centran en unos est\u00e1ndares del Sistema de Ense\u00f1anza Unificada. Estos se basan en tres niveles: B\u00e1sico, Mediano y Avanzado, m\u00e1s un nivel com\u00fan que incluye conceptos iguales en las&nbsp;cinco&nbsp;disciplinas: la vela ligera, el windsurf, el kitesurf, el pat\u00edn de vela y el crucero.<\/p>\n<p>Consiste en 10 sesiones anuales, distribuidas en una primera sesi\u00f3n impartida en el centro educativo, 4 sesiones de vela ligera colectiva, 4 sesiones de vela ligera doble e individual y una \u00faltima sesi\u00f3n que consiste en una jornada final de cariz l\u00fadico competitivo.<\/p>\n<p>Todas las actividades de este programa siguen&nbsp;los&nbsp;protocolos de seguridad e higiene establecidos por la secretar\u00eda general del Deporte de la Generalitat de Catalu\u00f1a para hacer frente a la COVID-19.<\/p>\n<p>Para implementar lo programa Esport Blau Escolar en el municipio y hacer posible que el alumnado de 5.\u00ba de primaria disfrute este a\u00f1o del placer de navegar, el Ayuntamiento y el Club N\u00e1utico Hospitalet-Vandell\u00f2s han firmado un convenio de colaboraci\u00f3n, por medio del cual el consistorio se ha comprometido a hacer una aportaci\u00f3n econ\u00f3mica de casi 2.800 euros al Club N\u00e1utico para ayudar a financiar la actividad y la adquisici\u00f3n de material. El acuerdo finalizar\u00e1 el 30 de junio de 2021 y la voluntad de las dos partes es renovarlo.<\/p>\n<p>\u00abEn el municipio de Vandell\u00f2s y l&#8217;Hospitalet de l&#8217;Infant tenemos un litoral que es id\u00f3neo para la pr\u00e1ctica deportiva y queremos que los deportes n\u00e1uticos se vean como una oportunidad al alcance de todo el mundo. Con el programa Esport Blau pretendemos acercar este tipo de deportes a las familias, especialmente a los ni\u00f1os y ni\u00f1as y a los j\u00f3venes, porque tienen unos beneficios no solo f\u00edsicos, sino tambi\u00e9n educativos y sociales y se pueden practicar todo el a\u00f1o\u00bb, ha afirmado el regidor de Deportes, Diego Garc\u00eda.<\/p>\n<p>Tal como consta en el convenio firmado, el Club N\u00e1utico tambi\u00e9n est\u00e1 interesado a llevar a cabo actividades destinadas a \u00abpromocionar la cultura del mar en general y el mundo de la vela en particular, teniendo como primer objetivo que los ni\u00f1os y j\u00f3venes, tanto en verano como durante el curso escolar practiquen deportes de vela\u00bb.<\/p>\n<p>&nbsp;<\/p>\n<table>\n<tbody>\n<tr>\n<td><a href=\"https:\/\/www.cnhv.net\/wp-content\/uploads\/2021\/04\/Firma-convebio-Esport-Blau-3.jpg\"><img decoding=\"async\" loading=\"lazy\" class=\"aligncenter wp-image-15958\" src=\"https:\/\/www.cnhv.net\/wp-content\/uploads\/2021\/04\/Firma-convebio-Esport-Blau-3-300x216.jpg\" alt=\"\" width=\"400\" height=\"288\" srcset=\"https:\/\/old.cnhv.net\/wp-content\/uploads\/2021\/04\/Firma-convebio-Esport-Blau-3-300x216.jpg 300w, https:\/\/old.cnhv.net\/wp-content\/uploads\/2021\/04\/Firma-convebio-Esport-Blau-3-768x552.jpg 768w, https:\/\/old.cnhv.net\/wp-content\/uploads\/2021\/04\/Firma-convebio-Esport-Blau-3-100x72.jpg 100w, https:\/\/old.cnhv.net\/wp-content\/uploads\/2021\/04\/Firma-convebio-Esport-Blau-3.jpg 1000w\" sizes=\"(max-width: 400px) 100vw, 400px\" \/><\/a><\/td>\n<td>&nbsp; <a href=\"https:\/\/www.cnhv.net\/wp-content\/uploads\/2021\/04\/Esport-Blau-presentacio\u0301n.jpeg\"><img decoding=\"async\" loading=\"lazy\" class=\"aligncenter wp-image-15935\" src=\"https:\/\/www.cnhv.net\/wp-content\/uploads\/2021\/04\/Esport-Blau-presentacio\u0301n.jpeg\" alt=\"\" width=\"427\" height=\"288\" srcset=\"https:\/\/old.cnhv.net\/wp-content\/uploads\/2021\/04\/Esport-Blau-presentacio\u0301n.jpeg 400w, https:\/\/old.cnhv.net\/wp-content\/uploads\/2021\/04\/Esport-Blau-presentacio\u0301n-300x203.jpeg 300w, https:\/\/old.cnhv.net\/wp-content\/uploads\/2021\/04\/Esport-Blau-presentacio\u0301n-100x68.jpeg 100w\" sizes=\"(max-width: 427px) 100vw, 427px\" \/><\/a> &nbsp;&nbsp;<\/td>\n<\/tr>\n<\/tbody>\n<\/table>\n<p>&nbsp;<\/p>\n<p>ngg_shortcode_0_placeholder<\/p>","protected":false},"excerpt":{"rendered":"<p>Desde este mes de abril, gracias al programa Esport Blau Escolar, los 80 alumnos de 5.\u00ba de primaria de las escuelas del municipio de Vandell\u00f2s y l&#8217;Hospitalet de l&#8217;Infant navegar\u00e1n [&hellip;] <a href=\"https:\/\/old.cnhv.net\/?page_id=16161\" rel=\"bookmark\">more<\/a><\/p>\n","protected":false},"author":1,"featured_media":0,"parent":14933,"menu_order":1,"comment_status":"closed","ping_status":"closed","template":"pg-tpl-no-sidebars.php","meta":{"ngg_post_thumbnail":0},"_links":{"self":[{"href":"https:\/\/old.cnhv.net\/index.php?rest_route=\/wp\/v2\/pages\/16161"}],"collection":[{"href":"https:\/\/old.cnhv.net\/index.php?rest_route=\/wp\/v2\/pages"}],"about":[{"href":"https:\/\/old.cnhv.net\/index.php?rest_route=\/wp\/v2\/types\/page"}],"author":[{"embeddable":true,"href":"https:\/\/old.cnhv.net\/index.php?rest_route=\/wp\/v2\/users\/1"}],"replies":[{"embeddable":true,"href":"https:\/\/old.cnhv.net\/index.php?rest_route=%2Fwp%2Fv2%2Fcomments&post=16161"}],"version-history":[{"count":2,"href":"https:\/\/old.cnhv.net\/index.php?rest_route=\/wp\/v2\/pages\/16161\/revisions"}],"predecessor-version":[{"id":16164,"href":"https:\/\/old.cnhv.net\/index.php?rest_route=\/wp\/v2\/pages\/16161\/revisions\/16164"}],"up":[{"embeddable":true,"href":"https:\/\/old.cnhv.net\/index.php?rest_route=\/wp\/v2\/pages\/14933"}],"wp:attachment":[{"href":"https:\/\/old.cnhv.net\/index.php?rest_route=%2Fwp%2Fv2%2Fmedia&parent=16161"}],"curies":[{"name":"wp","href":"https:\/\/api.w.org\/{rel}","templated":true}]}}