
{"id":1630,"date":"2011-12-18T16:44:40","date_gmt":"2011-12-18T16:44:40","guid":{"rendered":"http:\/\/www.cnhv.net\/?page_id=1630"},"modified":"2016-08-08T21:26:03","modified_gmt":"2016-08-08T21:26:03","slug":"situacion","status":"publish","type":"page","link":"https:\/\/old.cnhv.net\/?page_id=1630","title":{"rendered":"Situaci\u00f3n"},"content":{"rendered":"<p><\/p>\n<table style=\"width: 100%;\">\n<tbody>\n<tr>\n<td>\n<address style=\"text-align: left;\"><iframe loading=\"lazy\" src=\"http:\/\/maps.google.es\/maps?t=m&amp;hl=es&amp;ie=UTF8&amp;ll=40.989432,0.928562&amp;spn=0.008989,0.01929&amp;z=16&amp;vpsrc=0&amp;output=embed\" height=\"355\" width=\"472\" frameborder=\"0\" marginwidth=\"0\" marginheight=\"0\" scrolling=\"no\"><\/iframe>\u00a0\u00a0<\/address>\n<\/td>\n<td>\n<blockquote><p><a href=\"http:\/\/www.cnhv.net\/wp-content\/uploads\/2012\/02\/cd_situacio_europa.jpg\"><img decoding=\"async\" loading=\"lazy\" class=\"aligncenter size-full wp-image-3096\" title=\"cd_situacio_europa\" alt=\"\" src=\"http:\/\/www.cnhv.net\/wp-content\/uploads\/2012\/02\/cd_situacio_europa.jpg\" width=\"378\" height=\"191\" srcset=\"https:\/\/old.cnhv.net\/wp-content\/uploads\/2012\/02\/cd_situacio_europa.jpg 378w, https:\/\/old.cnhv.net\/wp-content\/uploads\/2012\/02\/cd_situacio_europa-220x111.jpg 220w, https:\/\/old.cnhv.net\/wp-content\/uploads\/2012\/02\/cd_situacio_europa-29x15.jpg 29w, https:\/\/old.cnhv.net\/wp-content\/uploads\/2012\/02\/cd_situacio_europa-200x101.jpg 200w, https:\/\/old.cnhv.net\/wp-content\/uploads\/2012\/02\/cd_situacio_europa-100x50.jpg 100w\" sizes=\"(max-width: 378px) 100vw, 378px\" \/><\/a><\/p><\/blockquote>\n<blockquote>\n<ul>\n<li><span style=\"font-family: helvetica;\">Port Esportiu l&#8217;Hosp\u00ectalet de l&#8217;Infant<\/span><\/li>\n<li><span style=\"font-family: helvetica;\">40\u00ba 59&#8242; 23&#8243; N \u00a00\u00ba 55&#8242; 40&#8243;E\u00a0<\/span><\/li>\n<li><span style=\"font-family: helvetica;\">Moll Dr. Capella s\/n 43890\u00a0<\/span><\/li>\n<li><span style=\"font-family: helvetica;\">L&#8217;Hospitalet de l&#8217;Infant Tarragona\u00a0<\/span><\/li>\n<li><span style=\"font-family: helvetica;\">Telef. 977 82 30 04 &#8211; 977 82 31 87\u00a0<\/span><\/li>\n<li><span style=\"font-family: helvetica;\">Fax. 977 82 05 34 \u00a0mail: cnhv@cnhv.net<\/span><\/li>\n<\/ul>\n<div><span style=\"font-family: helvetica;\"><br \/>\n<\/span><\/div>\n<ul>\n<li><span style=\"font-family: helvetica; font-size: 14px;\">clica<\/span><span style=\"color: #0000ff;\"> <a href=\" http:\/\/www.cnhv.net\/?page_id=3610 \"><span style=\"color: #0000ff;\">aqu\u00ed<\/span><\/a><\/span><span style=\"font-family: helvetica; font-size: 14px;\"> para ver las distancias a puertos pr\u00f3ximos<\/span><\/li>\n<\/ul>\n<\/blockquote>\n<\/td>\n<\/tr>\n<tr>\n<td colspan=\"2\" bgcolor=\"#FFFFFF\">\n<p align=\"LEFT\"><span style=\"color: #000000; font-family: helvetica; font-size: 14px;\"><span style=\"color: #808080;\">Nos encontramos al coraz\u00f3n del Golfo de Sant Jordi, Tarragona, al lado del mar Mediterr\u00e1neo. El Puerto est\u00e1 situado a la poblaci\u00f3n de l&#8217;Hospitalet de l&#8217;Infant, la cual pertenece al Municipio de Vandell\u00f2s y el Hospitalet en la comarca Tarraconense del Baix Camp. Su situaci\u00f3n en cuanto a comunicaciones se inmejorable. Estaci\u00f3n de ferrocarril, Carretera Nacional 340 Barcelona-Valencia, a un Km. acceso a la Autopista AP-7 y la autov\u00eda A-7, y se encuentra en 20 minutos del aeropuerto de Reus, y a 1 h. y 15 min. del aeropuerto de Barcelona. Hacia la zona de levante, el sector de costa enlaza con las poblaciones tambi\u00e9n tur\u00edsticas de Miami Playa (Municipio de Mont Roig del Camp), Cambrils y Salou, mientras que a poniente est\u00e1n situados los complejas tur\u00edsticos de la Almadraba, Sant Jordi de Alfama y las Tres Calas. Hacia el interior, nos dirigimos a Tivissa. Poblaci\u00f3n que justifica su fama por la magnifica conservaci\u00f3n del Poblado Ib\u00e9rico de Castellet de Banyoles. A continuaci\u00f3n y en la misma direcci\u00f3n se llega a Mora de Ebro, punto de enlace con Miravet. En esta poblaci\u00f3n se encuentra en pie el \u00faltimo castillo de la Orden de los Templarios de Espa\u00f1a construido en el Siglo XIV y de origen \u00e1rabe, dominando el r\u00edo Ebro desde el altozano<\/span>.<\/span><\/p>\n<\/td>\n<\/tr>\n<\/tbody>\n<\/table>\n<p><\/p>","protected":false},"excerpt":{"rendered":"<p>\u00a0\u00a0 Port Esportiu l&#8217;Hosp\u00ectalet de l&#8217;Infant 40\u00ba 59&#8242; 23&#8243; N \u00a00\u00ba 55&#8242; 40&#8243;E\u00a0 Moll Dr. Capella s\/n 43890\u00a0 L&#8217;Hospitalet de l&#8217;Infant Tarragona\u00a0 Telef. 977 82 30 04 &#8211; 977 82 [&hellip;] <a href=\"https:\/\/old.cnhv.net\/?page_id=1630\" rel=\"bookmark\">more<\/a><\/p>\n","protected":false},"author":1,"featured_media":0,"parent":939,"menu_order":5,"comment_status":"closed","ping_status":"closed","template":"pg-tpl-no-sidebars.php","meta":{"ngg_post_thumbnail":0},"_links":{"self":[{"href":"https:\/\/old.cnhv.net\/index.php?rest_route=\/wp\/v2\/pages\/1630"}],"collection":[{"href":"https:\/\/old.cnhv.net\/index.php?rest_route=\/wp\/v2\/pages"}],"about":[{"href":"https:\/\/old.cnhv.net\/index.php?rest_route=\/wp\/v2\/types\/page"}],"author":[{"embeddable":true,"href":"https:\/\/old.cnhv.net\/index.php?rest_route=\/wp\/v2\/users\/1"}],"replies":[{"embeddable":true,"href":"https:\/\/old.cnhv.net\/index.php?rest_route=%2Fwp%2Fv2%2Fcomments&post=1630"}],"version-history":[{"count":69,"href":"https:\/\/old.cnhv.net\/index.php?rest_route=\/wp\/v2\/pages\/1630\/revisions"}],"predecessor-version":[{"id":7333,"href":"https:\/\/old.cnhv.net\/index.php?rest_route=\/wp\/v2\/pages\/1630\/revisions\/7333"}],"up":[{"embeddable":true,"href":"https:\/\/old.cnhv.net\/index.php?rest_route=\/wp\/v2\/pages\/939"}],"wp:attachment":[{"href":"https:\/\/old.cnhv.net\/index.php?rest_route=%2Fwp%2Fv2%2Fmedia&parent=1630"}],"curies":[{"name":"wp","href":"https:\/\/api.w.org\/{rel}","templated":true}]}}