
{"id":16685,"date":"2021-09-09T20:47:07","date_gmt":"2021-09-09T20:47:07","guid":{"rendered":"https:\/\/www.cnhv.net\/?page_id=16685"},"modified":"2022-01-08T16:35:50","modified_gmt":"2022-01-08T16:35:50","slug":"catala-xxxiii-semana-de-la-vela-catalana","status":"publish","type":"page","link":"https:\/\/old.cnhv.net\/?page_id=16685","title":{"rendered":"XXXIII SEMANA DE LA VELA CATALANA 21"},"content":{"rendered":"<p><strong><span style=\"vertical-align: inherit;\"><span style=\"vertical-align: inherit;\">Vandell\u00f2s y l\u2019Hospitalet de l\u2019Infant,, 5 de septiembre-<\/span><\/span><\/strong><span style=\"vertical-align: inherit;\"><span style=\"vertical-align: inherit;\"> Sandro Portune (CN Salou) y Gerard de Soria (CN Garraf) se han proclamado ganadores absolutos del Gran Premio Generalitat de Catalu\u00f1a de Vela Ligera y Optimist, respectivamente, de la XXXIII edici\u00f3n de la Semana de la Vela Catalana.<\/span><\/span><\/p>\n<p><span style=\"vertical-align: inherit;\"><span style=\"vertical-align: inherit;\">La gran fiesta deportiva de la Vela Catalana ha celebrado este fin de semana -4 y 5 de septiembre- en aguas de Villanueva de los Infantes y ha contado con la participaci\u00f3n de m\u00e1s de 150 regatistas llegados de m\u00e1s de 20 clubes de Catalu\u00f1a. <\/span><span style=\"vertical-align: inherit;\">Todos ellos han convivido durante estos dos d\u00edas en un ambiente de hermandad.<\/span><\/span><\/p>\n<p><span style=\"vertical-align: inherit;\"><span style=\"vertical-align: inherit;\">Climatol\u00f3gicamente, la Semana de la Vela Catalana ha disfrutado de un suave viento de componente sur todo el fin de semana que ha permitido que las tablas de windsurf y los Optimist completaran 6 pruebas y los ILCA 4 &amp; 7, los Finn y los 420, 5 pruebas.<\/span><\/span><\/p>\n<p><span style=\"vertical-align: inherit;\"><span style=\"vertical-align: inherit;\">Los ganadores de la XXXIII Semana Catalana de Vela han sido:<\/span><\/span><\/p>\n<p><span style=\"vertical-align: inherit;\"><span style=\"vertical-align: inherit;\">&#8211; En ILCA 4: Ricard Garriga (CN Sant Feliu)<\/span><\/span><\/p>\n<p><span style=\"vertical-align: inherit;\"><span style=\"vertical-align: inherit;\">&#8211; En ILCA 6: Santi Alberto (CN Cambrils)<\/span><\/span><\/p>\n<p><span style=\"vertical-align: inherit;\"><span style=\"vertical-align: inherit;\">&#8211; En Finn: David Terol (CN Hospitalet-Vandell\u00f2s)<\/span><\/span><\/p>\n<p><span style=\"vertical-align: inherit;\"><span style=\"vertical-align: inherit;\">&#8211; En 420: Nora Garc\u00eda y Mariona Ventura (CN El Masnou)<\/span><\/span><\/p>\n<p><span style=\"vertical-align: inherit;\"><span style=\"vertical-align: inherit;\">&#8211; En Optimist: Gerard de Soria (CN Garraf)<\/span><\/span><\/p>\n<p><span style=\"vertical-align: inherit;\"><span style=\"vertical-align: inherit;\">&#8211; En Techno 293 Sub17: Sandro Portune (CN Salou)<\/span><\/span><\/p>\n<ul>\n<li><span style=\"vertical-align: inherit;\"><span style=\"vertical-align: inherit;\">En Techno Plus: Bruno Guti\u00e9rrez (CN Hospitalet-Vandell\u00f2s)<\/span><\/span><\/li>\n<li><span style=\"vertical-align: inherit;\"><span style=\"vertical-align: inherit;\">En Windsurf Infantil: David Serra (CN Hospitalet-Vandell\u00f2s)<\/span><\/span><\/li>\n<\/ul>\n<p><span style=\"vertical-align: inherit;\"><span style=\"vertical-align: inherit;\">&#8211; Gran Premio de la Generalidad de Catalu\u00f1a de Optimist: Gerard de Soria (CN Garraf)<\/span><\/span><\/p>\n<p><span style=\"vertical-align: inherit;\"><span style=\"vertical-align: inherit;\">&#8211; Gran Premio de la Generalidad de Catalu\u00f1a de Vela Ligera: Sandro Portune (CN Salou)<\/span><\/span><\/p>\n<p><a href=\"https:\/\/www.cnhv.sailti.com\/es\/default\/races\/race-resultsall\/text\/xxxiii-semana-vela-catalana-es\"><span style=\"vertical-align: inherit;\"><span style=\"vertical-align: inherit;\">RESULTADOS COMPLETOS<\/span><\/span><\/a><\/p>\n<p><span style=\"vertical-align: inherit;\"><span style=\"vertical-align: inherit;\">La entrega de premios ha sido presidido por el presidente del CN \u200b\u200bHospitalet &#8211; Vandell\u00f3s, Luis Coll, el presidente de la Federaci\u00f3n Catalana de Vela, Xavier Torres, y el alcalde de Vandell\u00f2s &#8211; el de los Infantes, Alfonso Garc\u00eda.<\/span><\/span><\/p>\n<p><span style=\"vertical-align: inherit;\"><span style=\"vertical-align: inherit;\">La regata ha sido organizada por el CN \u200b\u200bL&#8217;Hospitalet &#8211; Vandell\u00f3s y la Federaci\u00f3n Catalana de Vela, con el apoyo del Consejo Catal\u00e1n del Deporte de la Generalitat de Catalu\u00f1a y el Ayuntamiento del municipio.<\/span><\/span><\/p>\n<p><a href=\"https:\/\/youtu.be\/Tm1ZP8xvdls\">Video TVVandell\u00f2s<\/a><\/p>\nngg_shortcode_0_placeholder\nngg_shortcode_1_placeholder\n<p>&nbsp;<\/p>\n<p>&nbsp;<\/p>\n<p>&nbsp;<\/p>\n<p style=\"font-weight: 400;\">&nbsp;<\/p>\n<p>&nbsp;<\/p>\n<p>https:\/\/www.youtube.com\/watch?v=8ugTnwtHxd4<\/p>","protected":false},"excerpt":{"rendered":"<p>Vandell\u00f2s y l\u2019Hospitalet de l\u2019Infant,, 5 de septiembre- Sandro Portune (CN Salou) y Gerard de Soria (CN Garraf) se han proclamado ganadores absolutos del Gran Premio Generalitat de Catalu\u00f1a de [&hellip;] <a href=\"https:\/\/old.cnhv.net\/?page_id=16685\" rel=\"bookmark\">more<\/a><\/p>\n","protected":false},"author":1,"featured_media":0,"parent":14933,"menu_order":1,"comment_status":"closed","ping_status":"closed","template":"pg-tpl-no-sidebars.php","meta":{"ngg_post_thumbnail":0},"_links":{"self":[{"href":"https:\/\/old.cnhv.net\/index.php?rest_route=\/wp\/v2\/pages\/16685"}],"collection":[{"href":"https:\/\/old.cnhv.net\/index.php?rest_route=\/wp\/v2\/pages"}],"about":[{"href":"https:\/\/old.cnhv.net\/index.php?rest_route=\/wp\/v2\/types\/page"}],"author":[{"embeddable":true,"href":"https:\/\/old.cnhv.net\/index.php?rest_route=\/wp\/v2\/users\/1"}],"replies":[{"embeddable":true,"href":"https:\/\/old.cnhv.net\/index.php?rest_route=%2Fwp%2Fv2%2Fcomments&post=16685"}],"version-history":[{"count":4,"href":"https:\/\/old.cnhv.net\/index.php?rest_route=\/wp\/v2\/pages\/16685\/revisions"}],"predecessor-version":[{"id":17131,"href":"https:\/\/old.cnhv.net\/index.php?rest_route=\/wp\/v2\/pages\/16685\/revisions\/17131"}],"up":[{"embeddable":true,"href":"https:\/\/old.cnhv.net\/index.php?rest_route=\/wp\/v2\/pages\/14933"}],"wp:attachment":[{"href":"https:\/\/old.cnhv.net\/index.php?rest_route=%2Fwp%2Fv2%2Fmedia&parent=16685"}],"curies":[{"name":"wp","href":"https:\/\/api.w.org\/{rel}","templated":true}]}}