
{"id":16991,"date":"2022-01-07T17:28:14","date_gmt":"2022-01-07T17:28:14","guid":{"rendered":"https:\/\/www.cnhv.net\/?page_id=16991"},"modified":"2022-01-07T17:35:39","modified_gmt":"2022-01-07T17:35:39","slug":"bandera-azul-2019","status":"publish","type":"page","link":"https:\/\/old.cnhv.net\/?page_id=16991","title":{"rendered":"Bandera Azul 2019-20 y 21"},"content":{"rendered":"<p>Un a\u00f1o m\u00e1s hemos sido merecedores de la concesi\u00f3n de la Bandera Azul como reconocimiento al cuidado con el medio ambiente en el&nbsp; Puerto tanto por el personal propio del Club como nuestros Socios, la Junta directiva agradece este comportamiento ya que es uno de los objetivos prioritarios en su gesti\u00f3n.<\/p>\n<p><a href=\"https:\/\/www.cnhv.net\/wp-content\/uploads\/2019\/06\/entrega-bandera-2019.jpg\"><img decoding=\"async\" loading=\"lazy\" class=\"aligncenter size-full wp-image-14890\" src=\"https:\/\/www.cnhv.net\/wp-content\/uploads\/2019\/06\/entrega-bandera-2019.jpg\" alt=\"\" width=\"733\" height=\"1090\" srcset=\"https:\/\/old.cnhv.net\/wp-content\/uploads\/2019\/06\/entrega-bandera-2019.jpg 733w, https:\/\/old.cnhv.net\/wp-content\/uploads\/2019\/06\/entrega-bandera-2019-202x300.jpg 202w, https:\/\/old.cnhv.net\/wp-content\/uploads\/2019\/06\/entrega-bandera-2019-689x1024.jpg 689w, https:\/\/old.cnhv.net\/wp-content\/uploads\/2019\/06\/entrega-bandera-2019-67x100.jpg 67w\" sizes=\"(max-width: 733px) 100vw, 733px\" \/><\/a> <a href=\"https:\/\/www.cnhv.net\/wp-content\/uploads\/2019\/06\/Bandera-Azul-2019-3.jpg\"><img decoding=\"async\" loading=\"lazy\" class=\"aligncenter size-full wp-image-14891\" src=\"https:\/\/www.cnhv.net\/wp-content\/uploads\/2019\/06\/Bandera-Azul-2019-3.jpg\" alt=\"\" width=\"1000\" height=\"668\" srcset=\"https:\/\/old.cnhv.net\/wp-content\/uploads\/2019\/06\/Bandera-Azul-2019-3.jpg 1000w, https:\/\/old.cnhv.net\/wp-content\/uploads\/2019\/06\/Bandera-Azul-2019-3-300x200.jpg 300w, https:\/\/old.cnhv.net\/wp-content\/uploads\/2019\/06\/Bandera-Azul-2019-3-768x513.jpg 768w, https:\/\/old.cnhv.net\/wp-content\/uploads\/2019\/06\/Bandera-Azul-2019-3-100x67.jpg 100w\" sizes=\"(max-width: 1000px) 100vw, 1000px\" \/><\/a> <a href=\"https:\/\/www.cnhv.net\/wp-content\/uploads\/2019\/06\/Bandera-Azul-2019-2.jpg\"><img decoding=\"async\" loading=\"lazy\" class=\"aligncenter size-full wp-image-14892\" src=\"https:\/\/www.cnhv.net\/wp-content\/uploads\/2019\/06\/Bandera-Azul-2019-2.jpg\" alt=\"\" width=\"1000\" height=\"474\" srcset=\"https:\/\/old.cnhv.net\/wp-content\/uploads\/2019\/06\/Bandera-Azul-2019-2.jpg 1000w, https:\/\/old.cnhv.net\/wp-content\/uploads\/2019\/06\/Bandera-Azul-2019-2-300x142.jpg 300w, https:\/\/old.cnhv.net\/wp-content\/uploads\/2019\/06\/Bandera-Azul-2019-2-768x364.jpg 768w, https:\/\/old.cnhv.net\/wp-content\/uploads\/2019\/06\/Bandera-Azul-2019-2-100x47.jpg 100w\" sizes=\"(max-width: 1000px) 100vw, 1000px\" \/><\/a>&nbsp; &nbsp;<\/p>","protected":false},"excerpt":{"rendered":"<p>Un a\u00f1o m\u00e1s hemos sido merecedores de la concesi\u00f3n de la Bandera Azul como reconocimiento al cuidado con el medio ambiente en el&nbsp; Puerto tanto por el personal propio del [&hellip;] <a href=\"https:\/\/old.cnhv.net\/?page_id=16991\" rel=\"bookmark\">more<\/a><\/p>\n","protected":false},"author":1,"featured_media":0,"parent":10007,"menu_order":0,"comment_status":"closed","ping_status":"closed","template":"pg-tpl-no-sidebars.php","meta":{"ngg_post_thumbnail":0},"_links":{"self":[{"href":"https:\/\/old.cnhv.net\/index.php?rest_route=\/wp\/v2\/pages\/16991"}],"collection":[{"href":"https:\/\/old.cnhv.net\/index.php?rest_route=\/wp\/v2\/pages"}],"about":[{"href":"https:\/\/old.cnhv.net\/index.php?rest_route=\/wp\/v2\/types\/page"}],"author":[{"embeddable":true,"href":"https:\/\/old.cnhv.net\/index.php?rest_route=\/wp\/v2\/users\/1"}],"replies":[{"embeddable":true,"href":"https:\/\/old.cnhv.net\/index.php?rest_route=%2Fwp%2Fv2%2Fcomments&post=16991"}],"version-history":[{"count":2,"href":"https:\/\/old.cnhv.net\/index.php?rest_route=\/wp\/v2\/pages\/16991\/revisions"}],"predecessor-version":[{"id":16994,"href":"https:\/\/old.cnhv.net\/index.php?rest_route=\/wp\/v2\/pages\/16991\/revisions\/16994"}],"up":[{"embeddable":true,"href":"https:\/\/old.cnhv.net\/index.php?rest_route=\/wp\/v2\/pages\/10007"}],"wp:attachment":[{"href":"https:\/\/old.cnhv.net\/index.php?rest_route=%2Fwp%2Fv2%2Fmedia&parent=16991"}],"curies":[{"name":"wp","href":"https:\/\/api.w.org\/{rel}","templated":true}]}}