
{"id":17019,"date":"2022-01-07T17:59:20","date_gmt":"2022-01-07T17:59:20","guid":{"rendered":"https:\/\/www.cnhv.net\/?page_id=17019"},"modified":"2022-01-08T16:34:43","modified_gmt":"2022-01-08T16:34:43","slug":"trofeo-les-bruixes-windsurf-21","status":"publish","type":"page","link":"https:\/\/old.cnhv.net\/?page_id=17019","title":{"rendered":"Trofeo \u00abLes Bruixes\u00bb Windsurf 21"},"content":{"rendered":"<p>&lt;p style=\u00bbfont-weight: 400;\u00bb&gt;El pasado 20 y 21 de Febrero nuestro equipo de Windsurf particip\u00f3 en el trofeo \u00abLes Bruixes\u00bb organizado por el Club Mar\u00edtim Altafulla, donde disfrutamos del ambiente del windsurf con la presencia de las clases Raceboard, Techno 293 y Open Foil. Tambi\u00e9n asisti\u00f3 la futura generaci\u00f3n de grandes windsurfistas, el grupo de Windsurf Iniciaci\u00f3n.&lt;\/p&gt;<br \/>\nEl s\u00e1bado, con unas condiciones de viento flojas e inestables, sali\u00f3 toda la flota al agua, ti\u00f1endo el mar de colores, aunque no se pudo realizar ninguna prueba a lo largo del d\u00eda.<\/p>\n<p>El domingo las condiciones fueron muy diferentes debido al gran temporal de levante que impidi\u00f3 que saliera la flota al agua. Sin embargo, algunos valientes se animaron a surfear las olas mientras el resto disfrut\u00f3 del espect\u00e1culo desde la playa.&amp;nbsp;<\/p>\n<p>Finalmente, agradecemos al Club Mar\u00edtim Altafulla los esfuerzos empleados para organizar la regata y esperamos volver a vernos todos en la pr\u00f3xima regata, la Ultra Trail del Mestral 2021 que organizaremos en nuestro club el pr\u00f3ximo 6 y 7 de Marzo.\u00bb<\/p>\n<p>&amp;nbsp;<\/p>\n<p>&lt;a href=\u00bbhttps:\/\/www.cnhv.net\/wp-content\/uploads\/2021\/02\/las-bruxas.jpg\u00bb&gt;&lt;img class=\u00bbaligncenter size-large wp-image-15804&#8243; src=\u00bbhttps:\/\/www.cnhv.net\/wp-content\/uploads\/2021\/02\/las-bruxas-1024&#215;683.jpg\u00bb alt=\u00bb\u00bb width=\u00bb640&#8243; height=\u00bb427&#8243;&gt;&lt;\/a&gt;&lt;a href=\u00bbhttps:\/\/www.cnhv.net\/wp-content\/uploads\/2021\/02\/las-bruxas-2.jpg\u00bb&gt;&lt;img class=\u00bbaligncenter size-large wp-image-15803&#8243; src=\u00bbhttps:\/\/www.cnhv.net\/wp-content\/uploads\/2021\/02\/las-bruxas-2-1024&#215;683.jpg\u00bb alt=\u00bb\u00bb width=\u00bb640&#8243; height=\u00bb427&#8243;&gt;&lt;\/a&gt;<\/p>\n<p>&amp;nbsp;<\/p>","protected":false},"excerpt":{"rendered":"<p>&lt;p style=\u00bbfont-weight: 400;\u00bb&gt;El pasado 20 y 21 de Febrero nuestro equipo de Windsurf particip\u00f3 en el trofeo \u00abLes Bruixes\u00bb organizado por el Club Mar\u00edtim Altafulla, donde disfrutamos del ambiente del [&hellip;] <a href=\"https:\/\/old.cnhv.net\/?page_id=17019\" rel=\"bookmark\">more<\/a><\/p>\n","protected":false},"author":1,"featured_media":0,"parent":17017,"menu_order":15,"comment_status":"closed","ping_status":"closed","template":"","meta":{"ngg_post_thumbnail":0},"_links":{"self":[{"href":"https:\/\/old.cnhv.net\/index.php?rest_route=\/wp\/v2\/pages\/17019"}],"collection":[{"href":"https:\/\/old.cnhv.net\/index.php?rest_route=\/wp\/v2\/pages"}],"about":[{"href":"https:\/\/old.cnhv.net\/index.php?rest_route=\/wp\/v2\/types\/page"}],"author":[{"embeddable":true,"href":"https:\/\/old.cnhv.net\/index.php?rest_route=\/wp\/v2\/users\/1"}],"replies":[{"embeddable":true,"href":"https:\/\/old.cnhv.net\/index.php?rest_route=%2Fwp%2Fv2%2Fcomments&post=17019"}],"version-history":[{"count":1,"href":"https:\/\/old.cnhv.net\/index.php?rest_route=\/wp\/v2\/pages\/17019\/revisions"}],"predecessor-version":[{"id":17020,"href":"https:\/\/old.cnhv.net\/index.php?rest_route=\/wp\/v2\/pages\/17019\/revisions\/17020"}],"up":[{"embeddable":true,"href":"https:\/\/old.cnhv.net\/index.php?rest_route=\/wp\/v2\/pages\/17017"}],"wp:attachment":[{"href":"https:\/\/old.cnhv.net\/index.php?rest_route=%2Fwp%2Fv2%2Fmedia&parent=17019"}],"curies":[{"name":"wp","href":"https:\/\/api.w.org\/{rel}","templated":true}]}}