
{"id":17021,"date":"2022-01-07T18:01:40","date_gmt":"2022-01-07T18:01:40","guid":{"rendered":"https:\/\/www.cnhv.net\/?page_id=17021"},"modified":"2022-01-08T16:34:43","modified_gmt":"2022-01-08T16:34:43","slug":"regata-vi-guixols-cup-21","status":"publish","type":"page","link":"https:\/\/old.cnhv.net\/?page_id=17021","title":{"rendered":"Regata VI GU\u00cdXOLS CUP 21"},"content":{"rendered":"<p>El pasado fin de semana 27 y 28 de Febrero, el Equipo de Regatas de Optimist ha viajado a las tierras de Gerona, concretamente al Club N\u00e1utico Sant Feliu de Gu\u00edxols para participar a la regata VI GU\u00cdXOLS CUP, que cont\u00f3 con la presencia de m\u00e1s de 150 regatistes de todo Catalu\u00f1a y de la Comunidad Valenciana.<\/p>\n<p>El s\u00e1bado, a pesar de que la previsi\u00f3n de viento era floja, a lo largo del d\u00eda se pudieron realizar algunas pruebas en las que se destac\u00f3 la fuerte corriente, que supuso todo un reto para los balizadores.<\/p>\n<p>El domingo empez\u00f3 con unas condiciones de viento bastante buenas que permitieron seguir el horario previsto para las pruebas programadas. Durante las \u00faltimas horas del d\u00eda se fueron levantando las olas provocando la retirada de los m\u00e1s noveles de la flota.<\/p>\n<p>Sin duda, fue una regata muy esperada por parte de todos los participantes que dej\u00f3 una gran sensaci\u00f3n de satisfacci\u00f3n y de reencuentro en el mundo de la vela despu\u00e9s de meses sin competiciones.<\/p>\n<p><a href=\"https:\/\/www.cnhv.net\/wp-content\/uploads\/2021\/03\/sant-feliu-1.jpg\"><img decoding=\"async\" loading=\"lazy\" class=\"aligncenter size-full wp-image-15822\" src=\"https:\/\/www.cnhv.net\/wp-content\/uploads\/2021\/03\/sant-feliu-1.jpg\" alt=\"\" width=\"810\" height=\"540\" srcset=\"https:\/\/old.cnhv.net\/wp-content\/uploads\/2021\/03\/sant-feliu-1.jpg 810w, https:\/\/old.cnhv.net\/wp-content\/uploads\/2021\/03\/sant-feliu-1-300x200.jpg 300w, https:\/\/old.cnhv.net\/wp-content\/uploads\/2021\/03\/sant-feliu-1-768x512.jpg 768w, https:\/\/old.cnhv.net\/wp-content\/uploads\/2021\/03\/sant-feliu-1-100x67.jpg 100w\" sizes=\"(max-width: 810px) 100vw, 810px\" \/><\/a> <a href=\"https:\/\/www.cnhv.net\/wp-content\/uploads\/2021\/03\/sant-feliu-2.jpg\"><img decoding=\"async\" loading=\"lazy\" class=\"aligncenter size-large wp-image-15823\" src=\"https:\/\/www.cnhv.net\/wp-content\/uploads\/2021\/03\/sant-feliu-2-1024x576.jpg\" alt=\"\" width=\"640\" height=\"360\" srcset=\"https:\/\/old.cnhv.net\/wp-content\/uploads\/2021\/03\/sant-feliu-2-1024x576.jpg 1024w, https:\/\/old.cnhv.net\/wp-content\/uploads\/2021\/03\/sant-feliu-2-300x169.jpg 300w, https:\/\/old.cnhv.net\/wp-content\/uploads\/2021\/03\/sant-feliu-2-768x432.jpg 768w, https:\/\/old.cnhv.net\/wp-content\/uploads\/2021\/03\/sant-feliu-2-100x56.jpg 100w, https:\/\/old.cnhv.net\/wp-content\/uploads\/2021\/03\/sant-feliu-2.jpg 1600w\" sizes=\"(max-width: 640px) 100vw, 640px\" \/><\/a> <a href=\"https:\/\/www.cnhv.net\/wp-content\/uploads\/2021\/03\/sant-feliu-3.jpg\"><img decoding=\"async\" loading=\"lazy\" class=\"aligncenter size-large wp-image-15824\" src=\"https:\/\/www.cnhv.net\/wp-content\/uploads\/2021\/03\/sant-feliu-3-1024x768.jpg\" alt=\"\" width=\"640\" height=\"480\" srcset=\"https:\/\/old.cnhv.net\/wp-content\/uploads\/2021\/03\/sant-feliu-3-1024x768.jpg 1024w, https:\/\/old.cnhv.net\/wp-content\/uploads\/2021\/03\/sant-feliu-3-300x225.jpg 300w, https:\/\/old.cnhv.net\/wp-content\/uploads\/2021\/03\/sant-feliu-3-768x576.jpg 768w, https:\/\/old.cnhv.net\/wp-content\/uploads\/2021\/03\/sant-feliu-3-100x75.jpg 100w, https:\/\/old.cnhv.net\/wp-content\/uploads\/2021\/03\/sant-feliu-3.jpg 2048w\" sizes=\"(max-width: 640px) 100vw, 640px\" \/><\/a><\/p>","protected":false},"excerpt":{"rendered":"<p>El pasado fin de semana 27 y 28 de Febrero, el Equipo de Regatas de Optimist ha viajado a las tierras de Gerona, concretamente al Club N\u00e1utico Sant Feliu de [&hellip;] <a href=\"https:\/\/old.cnhv.net\/?page_id=17021\" rel=\"bookmark\">more<\/a><\/p>\n","protected":false},"author":1,"featured_media":0,"parent":17017,"menu_order":14,"comment_status":"closed","ping_status":"closed","template":"pg-tpl-no-sidebars.php","meta":{"ngg_post_thumbnail":0},"_links":{"self":[{"href":"https:\/\/old.cnhv.net\/index.php?rest_route=\/wp\/v2\/pages\/17021"}],"collection":[{"href":"https:\/\/old.cnhv.net\/index.php?rest_route=\/wp\/v2\/pages"}],"about":[{"href":"https:\/\/old.cnhv.net\/index.php?rest_route=\/wp\/v2\/types\/page"}],"author":[{"embeddable":true,"href":"https:\/\/old.cnhv.net\/index.php?rest_route=\/wp\/v2\/users\/1"}],"replies":[{"embeddable":true,"href":"https:\/\/old.cnhv.net\/index.php?rest_route=%2Fwp%2Fv2%2Fcomments&post=17021"}],"version-history":[{"count":1,"href":"https:\/\/old.cnhv.net\/index.php?rest_route=\/wp\/v2\/pages\/17021\/revisions"}],"predecessor-version":[{"id":17022,"href":"https:\/\/old.cnhv.net\/index.php?rest_route=\/wp\/v2\/pages\/17021\/revisions\/17022"}],"up":[{"embeddable":true,"href":"https:\/\/old.cnhv.net\/index.php?rest_route=\/wp\/v2\/pages\/17017"}],"wp:attachment":[{"href":"https:\/\/old.cnhv.net\/index.php?rest_route=%2Fwp%2Fv2%2Fmedia&parent=17021"}],"curies":[{"name":"wp","href":"https:\/\/api.w.org\/{rel}","templated":true}]}}